{"id":9698,"date":"2023-07-21T09:37:47","date_gmt":"2023-07-21T12:37:47","guid":{"rendered":"https:\/\/domumpropiedades.com\/?post_type=product&#038;p=9698"},"modified":"2023-11-29T18:38:16","modified_gmt":"2023-11-29T21:38:16","slug":"apto-venta-p-carrasco","status":"publish","type":"product","link":"https:\/\/domumpropiedades.com\/site\/producto\/apto-venta-p-carrasco\/","title":{"rendered":"Apartamento a la Venta en Montevideo | Cno. Carrasco Malvin Norte"},"content":{"rendered":"<p>Precio de Venta: USD 79.000<\/p>\n<p>Mas informaci\u00f3n: +598 98431087<br \/>\nwww.domumpropiedades.com | domumpropiedades.uy@gmail.com<\/p>\n","protected":false},"excerpt":{"rendered":"<p>Domum Propiedades Vende apartamento en piso alto de Torre B del Complejo Euskal con 3 dormitorios, amplio ba\u00f1o, living-comedor integrado, cocina definida, lavadero, placares empotrados, muy buen estado de conservaci\u00f3n. En todas las paredes que dan al exterior hay lambriz, que funciona como un aislante t\u00e9rmico en invierno. Las aberturas cuentas con mosquiteros.<\/p>\n","protected":false},"featured_media":9740,"template":"","meta":[],"product_brand":[],"product_cat":[136,39,135],"product_tag":[],"class_list":{"0":"post-9698","1":"product","2":"type-product","3":"status-publish","4":"has-post-thumbnail","6":"product_cat-montevideo-venta","7":"product_cat-propiedades","8":"product_cat-venta","10":"first","11":"instock","12":"shipping-taxable","13":"purchasable","14":"product-type-simple"},"yoast_head":"<!-- This site is optimized with the Yoast SEO plugin v27.4 - https:\/\/yoast.com\/product\/yoast-seo-wordpress\/ -->\n<title>Apartamento a la Venta en Montevideo | Cno. Carrasco Malvin Norte - DOMUM PROPIEDADES<\/title>\n<meta name=\"description\" content=\"Domum Propiedades Vende apartamento en piso alto de Torre B del Complejo Vicman con 3 dormitorios, amplio ba\u00f1o, living-comedor integrado...\" \/>\n<meta name=\"robots\" content=\"index, follow, max-snippet:-1, max-image-preview:large, max-video-preview:-1\" \/>\n<link rel=\"canonical\" href=\"https:\/\/domumpropiedades.com\/site\/producto\/apto-venta-p-carrasco\/\" \/>\n<meta property=\"og:locale\" content=\"es_ES\" \/>\n<meta property=\"og:type\" content=\"article\" \/>\n<meta property=\"og:title\" content=\"Apartamento a la Venta en Montevideo | Cno. Carrasco Malvin Norte - DOMUM PROPIEDADES\" \/>\n<meta property=\"og:description\" content=\"Domum Propiedades Vende apartamento en piso alto de Torre B del Complejo Vicman con 3 dormitorios, amplio ba\u00f1o, living-comedor integrado...\" \/>\n<meta property=\"og:url\" content=\"https:\/\/domumpropiedades.com\/site\/producto\/apto-venta-p-carrasco\/\" \/>\n<meta property=\"og:site_name\" content=\"DOMUM PROPIEDADES\" \/>\n<meta property=\"article:modified_time\" content=\"2023-11-29T21:38:16+00:00\" \/>\n<meta property=\"og:image\" content=\"https:\/\/domumpropiedades.com\/site\/wp-content\/uploads\/2023\/07\/WhatsApp-Image-2023-07-21-at-10.39.32.jpeg\" \/>\n\t<meta property=\"og:image:width\" content=\"1566\" \/>\n\t<meta property=\"og:image:height\" content=\"1154\" \/>\n\t<meta property=\"og:image:type\" content=\"image\/jpeg\" \/>\n<meta name=\"twitter:card\" content=\"summary_large_image\" \/>\n<meta name=\"twitter:label1\" content=\"Tiempo de lectura\" \/>\n\t<meta name=\"twitter:data1\" content=\"1 minuto\" \/>\n<script type=\"application\/ld+json\" class=\"yoast-schema-graph\">{\"@context\":\"https:\\\/\\\/schema.org\",\"@graph\":[{\"@type\":\"WebPage\",\"@id\":\"https:\\\/\\\/domumpropiedades.com\\\/site\\\/producto\\\/apto-venta-p-carrasco\\\/\",\"url\":\"https:\\\/\\\/domumpropiedades.com\\\/site\\\/producto\\\/apto-venta-p-carrasco\\\/\",\"name\":\"Apartamento a la Venta en Montevideo | Cno. Carrasco Malvin Norte - DOMUM PROPIEDADES\",\"isPartOf\":{\"@id\":\"https:\\\/\\\/domumpropiedades.com\\\/site\\\/#website\"},\"primaryImageOfPage\":{\"@id\":\"https:\\\/\\\/domumpropiedades.com\\\/site\\\/producto\\\/apto-venta-p-carrasco\\\/#primaryimage\"},\"image\":{\"@id\":\"https:\\\/\\\/domumpropiedades.com\\\/site\\\/producto\\\/apto-venta-p-carrasco\\\/#primaryimage\"},\"thumbnailUrl\":\"https:\\\/\\\/domumpropiedades.com\\\/site\\\/wp-content\\\/uploads\\\/2023\\\/07\\\/WhatsApp-Image-2023-07-21-at-10.39.32.jpeg\",\"datePublished\":\"2023-07-21T12:37:47+00:00\",\"dateModified\":\"2023-11-29T21:38:16+00:00\",\"description\":\"Domum Propiedades Vende apartamento en piso alto de Torre B del Complejo Vicman con 3 dormitorios, amplio ba\u00f1o, living-comedor integrado...\",\"breadcrumb\":{\"@id\":\"https:\\\/\\\/domumpropiedades.com\\\/site\\\/producto\\\/apto-venta-p-carrasco\\\/#breadcrumb\"},\"inLanguage\":\"es-AR\",\"potentialAction\":[{\"@type\":\"ReadAction\",\"target\":[\"https:\\\/\\\/domumpropiedades.com\\\/site\\\/producto\\\/apto-venta-p-carrasco\\\/\"]}]},{\"@type\":\"ImageObject\",\"inLanguage\":\"es-AR\",\"@id\":\"https:\\\/\\\/domumpropiedades.com\\\/site\\\/producto\\\/apto-venta-p-carrasco\\\/#primaryimage\",\"url\":\"https:\\\/\\\/domumpropiedades.com\\\/site\\\/wp-content\\\/uploads\\\/2023\\\/07\\\/WhatsApp-Image-2023-07-21-at-10.39.32.jpeg\",\"contentUrl\":\"https:\\\/\\\/domumpropiedades.com\\\/site\\\/wp-content\\\/uploads\\\/2023\\\/07\\\/WhatsApp-Image-2023-07-21-at-10.39.32.jpeg\",\"width\":1566,\"height\":1154},{\"@type\":\"BreadcrumbList\",\"@id\":\"https:\\\/\\\/domumpropiedades.com\\\/site\\\/producto\\\/apto-venta-p-carrasco\\\/#breadcrumb\",\"itemListElement\":[{\"@type\":\"ListItem\",\"position\":1,\"name\":\"Productos\",\"item\":\"https:\\\/\\\/domumpropiedades.com\\\/site\\\/shop\\\/\"},{\"@type\":\"ListItem\",\"position\":2,\"name\":\"Apartamento a la Venta en Montevideo | Cno. Carrasco Malvin Norte\"}]},{\"@type\":\"WebSite\",\"@id\":\"https:\\\/\\\/domumpropiedades.com\\\/site\\\/#website\",\"url\":\"https:\\\/\\\/domumpropiedades.com\\\/site\\\/\",\"name\":\"DOMUM PROPIEDADES\",\"description\":\"Asesoramiento Inmobiliario\",\"publisher\":{\"@id\":\"https:\\\/\\\/domumpropiedades.com\\\/site\\\/#organization\"},\"potentialAction\":[{\"@type\":\"SearchAction\",\"target\":{\"@type\":\"EntryPoint\",\"urlTemplate\":\"https:\\\/\\\/domumpropiedades.com\\\/site\\\/?s={search_term_string}\"},\"query-input\":{\"@type\":\"PropertyValueSpecification\",\"valueRequired\":true,\"valueName\":\"search_term_string\"}}],\"inLanguage\":\"es-AR\"},{\"@type\":\"Organization\",\"@id\":\"https:\\\/\\\/domumpropiedades.com\\\/site\\\/#organization\",\"name\":\"DOMUM PROPIEDADES\",\"url\":\"https:\\\/\\\/domumpropiedades.com\\\/site\\\/\",\"logo\":{\"@type\":\"ImageObject\",\"inLanguage\":\"es-AR\",\"@id\":\"https:\\\/\\\/domumpropiedades.com\\\/site\\\/#\\\/schema\\\/logo\\\/image\\\/\",\"url\":\"https:\\\/\\\/domumpropiedades.com\\\/site\\\/wp-content\\\/uploads\\\/2020\\\/07\\\/cropped-logo-final-e1596076802973.jpg\",\"contentUrl\":\"https:\\\/\\\/domumpropiedades.com\\\/site\\\/wp-content\\\/uploads\\\/2020\\\/07\\\/cropped-logo-final-e1596076802973.jpg\",\"width\":379,\"height\":233,\"caption\":\"DOMUM PROPIEDADES\"},\"image\":{\"@id\":\"https:\\\/\\\/domumpropiedades.com\\\/site\\\/#\\\/schema\\\/logo\\\/image\\\/\"}}]}<\/script>\n<!-- \/ Yoast SEO plugin. -->","yoast_head_json":{"title":"Apartamento a la Venta en Montevideo | Cno. Carrasco Malvin Norte - DOMUM PROPIEDADES","description":"Domum Propiedades Vende apartamento en piso alto de Torre B del Complejo Vicman con 3 dormitorios, amplio ba\u00f1o, living-comedor integrado...","robots":{"index":"index","follow":"follow","max-snippet":"max-snippet:-1","max-image-preview":"max-image-preview:large","max-video-preview":"max-video-preview:-1"},"canonical":"https:\/\/domumpropiedades.com\/site\/producto\/apto-venta-p-carrasco\/","og_locale":"es_ES","og_type":"article","og_title":"Apartamento a la Venta en Montevideo | Cno. Carrasco Malvin Norte - DOMUM PROPIEDADES","og_description":"Domum Propiedades Vende apartamento en piso alto de Torre B del Complejo Vicman con 3 dormitorios, amplio ba\u00f1o, living-comedor integrado...","og_url":"https:\/\/domumpropiedades.com\/site\/producto\/apto-venta-p-carrasco\/","og_site_name":"DOMUM PROPIEDADES","article_modified_time":"2023-11-29T21:38:16+00:00","og_image":[{"width":1566,"height":1154,"url":"https:\/\/domumpropiedades.com\/site\/wp-content\/uploads\/2023\/07\/WhatsApp-Image-2023-07-21-at-10.39.32.jpeg","type":"image\/jpeg"}],"twitter_card":"summary_large_image","twitter_misc":{"Tiempo de lectura":"1 minuto"},"schema":{"@context":"https:\/\/schema.org","@graph":[{"@type":"WebPage","@id":"https:\/\/domumpropiedades.com\/site\/producto\/apto-venta-p-carrasco\/","url":"https:\/\/domumpropiedades.com\/site\/producto\/apto-venta-p-carrasco\/","name":"Apartamento a la Venta en Montevideo | Cno. Carrasco Malvin Norte - DOMUM PROPIEDADES","isPartOf":{"@id":"https:\/\/domumpropiedades.com\/site\/#website"},"primaryImageOfPage":{"@id":"https:\/\/domumpropiedades.com\/site\/producto\/apto-venta-p-carrasco\/#primaryimage"},"image":{"@id":"https:\/\/domumpropiedades.com\/site\/producto\/apto-venta-p-carrasco\/#primaryimage"},"thumbnailUrl":"https:\/\/domumpropiedades.com\/site\/wp-content\/uploads\/2023\/07\/WhatsApp-Image-2023-07-21-at-10.39.32.jpeg","datePublished":"2023-07-21T12:37:47+00:00","dateModified":"2023-11-29T21:38:16+00:00","description":"Domum Propiedades Vende apartamento en piso alto de Torre B del Complejo Vicman con 3 dormitorios, amplio ba\u00f1o, living-comedor integrado...","breadcrumb":{"@id":"https:\/\/domumpropiedades.com\/site\/producto\/apto-venta-p-carrasco\/#breadcrumb"},"inLanguage":"es-AR","potentialAction":[{"@type":"ReadAction","target":["https:\/\/domumpropiedades.com\/site\/producto\/apto-venta-p-carrasco\/"]}]},{"@type":"ImageObject","inLanguage":"es-AR","@id":"https:\/\/domumpropiedades.com\/site\/producto\/apto-venta-p-carrasco\/#primaryimage","url":"https:\/\/domumpropiedades.com\/site\/wp-content\/uploads\/2023\/07\/WhatsApp-Image-2023-07-21-at-10.39.32.jpeg","contentUrl":"https:\/\/domumpropiedades.com\/site\/wp-content\/uploads\/2023\/07\/WhatsApp-Image-2023-07-21-at-10.39.32.jpeg","width":1566,"height":1154},{"@type":"BreadcrumbList","@id":"https:\/\/domumpropiedades.com\/site\/producto\/apto-venta-p-carrasco\/#breadcrumb","itemListElement":[{"@type":"ListItem","position":1,"name":"Productos","item":"https:\/\/domumpropiedades.com\/site\/shop\/"},{"@type":"ListItem","position":2,"name":"Apartamento a la Venta en Montevideo | Cno. Carrasco Malvin Norte"}]},{"@type":"WebSite","@id":"https:\/\/domumpropiedades.com\/site\/#website","url":"https:\/\/domumpropiedades.com\/site\/","name":"DOMUM PROPIEDADES","description":"Asesoramiento Inmobiliario","publisher":{"@id":"https:\/\/domumpropiedades.com\/site\/#organization"},"potentialAction":[{"@type":"SearchAction","target":{"@type":"EntryPoint","urlTemplate":"https:\/\/domumpropiedades.com\/site\/?s={search_term_string}"},"query-input":{"@type":"PropertyValueSpecification","valueRequired":true,"valueName":"search_term_string"}}],"inLanguage":"es-AR"},{"@type":"Organization","@id":"https:\/\/domumpropiedades.com\/site\/#organization","name":"DOMUM PROPIEDADES","url":"https:\/\/domumpropiedades.com\/site\/","logo":{"@type":"ImageObject","inLanguage":"es-AR","@id":"https:\/\/domumpropiedades.com\/site\/#\/schema\/logo\/image\/","url":"https:\/\/domumpropiedades.com\/site\/wp-content\/uploads\/2020\/07\/cropped-logo-final-e1596076802973.jpg","contentUrl":"https:\/\/domumpropiedades.com\/site\/wp-content\/uploads\/2020\/07\/cropped-logo-final-e1596076802973.jpg","width":379,"height":233,"caption":"DOMUM PROPIEDADES"},"image":{"@id":"https:\/\/domumpropiedades.com\/site\/#\/schema\/logo\/image\/"}}]}},"_links":{"self":[{"href":"https:\/\/domumpropiedades.com\/site\/wp-json\/wp\/v2\/product\/9698","targetHints":{"allow":["GET"]}}],"collection":[{"href":"https:\/\/domumpropiedades.com\/site\/wp-json\/wp\/v2\/product"}],"about":[{"href":"https:\/\/domumpropiedades.com\/site\/wp-json\/wp\/v2\/types\/product"}],"version-history":[{"count":4,"href":"https:\/\/domumpropiedades.com\/site\/wp-json\/wp\/v2\/product\/9698\/revisions"}],"predecessor-version":[{"id":10661,"href":"https:\/\/domumpropiedades.com\/site\/wp-json\/wp\/v2\/product\/9698\/revisions\/10661"}],"wp:featuredmedia":[{"embeddable":true,"href":"https:\/\/domumpropiedades.com\/site\/wp-json\/wp\/v2\/media\/9740"}],"wp:attachment":[{"href":"https:\/\/domumpropiedades.com\/site\/wp-json\/wp\/v2\/media?parent=9698"}],"wp:term":[{"taxonomy":"product_brand","embeddable":true,"href":"https:\/\/domumpropiedades.com\/site\/wp-json\/wp\/v2\/product_brand?post=9698"},{"taxonomy":"product_cat","embeddable":true,"href":"https:\/\/domumpropiedades.com\/site\/wp-json\/wp\/v2\/product_cat?post=9698"},{"taxonomy":"product_tag","embeddable":true,"href":"https:\/\/domumpropiedades.com\/site\/wp-json\/wp\/v2\/product_tag?post=9698"}],"curies":[{"name":"wp","href":"https:\/\/api.w.org\/{rel}","templated":true}]}}