{"id":9337,"date":"2023-05-08T08:30:04","date_gmt":"2023-05-08T11:30:04","guid":{"rendered":"https:\/\/domumpropiedades.com\/?post_type=product&#038;p=9337"},"modified":"2024-06-05T01:51:52","modified_gmt":"2024-06-05T04:51:52","slug":"campo-venta-22has-villa","status":"publish","type":"product","link":"https:\/\/domumpropiedades.com\/site\/producto\/campo-venta-22has-villa\/","title":{"rendered":"Campo de 22 hect\u00e1reas a la Venta lindero a Villa Serrana"},"content":{"rendered":"<p>Precio de Venta: USD 308.000<\/p>\n<p>Mas informaci\u00f3n: +958 98431087<br \/>\nwww.domumpropiedades.com | domumpropiedades.uy@gmail.com<\/p>\n","protected":false},"excerpt":{"rendered":"<p>Domum Propiedades vende campo lindero a Villa Serrana de 20 hect\u00e1reas y 9855 m2, ideal para emprendimiento tur\u00edstico. Acceso por ruta 8 y conexi\u00f3n directa con el poblado Atalaya de Villa Serrana. El Arroyo de los Chanchos pasa por una esquina del padr\u00f3n.<\/p>\n","protected":false},"featured_media":9939,"template":"","meta":[],"product_brand":[],"product_cat":[146,39,135,138],"product_tag":[],"class_list":{"0":"post-9337","1":"product","2":"type-product","3":"status-publish","4":"has-post-thumbnail","6":"product_cat-campos","7":"product_cat-propiedades","8":"product_cat-venta","9":"product_cat-villa-serrana-venta","11":"first","12":"instock","13":"shipping-taxable","14":"purchasable","15":"product-type-simple"},"yoast_head":"<!-- This site is optimized with the Yoast SEO plugin v27.4 - https:\/\/yoast.com\/product\/yoast-seo-wordpress\/ -->\n<title>Campo de 22 hect\u00e1reas a la Venta lindero a Villa Serrana - DOMUM PROPIEDADES<\/title>\n<meta name=\"description\" content=\"Domum Propiedades vende campo lindero a Villa Serrana de 20 hect\u00e1reas y 9855 m2, ideal para emprendimiento tur\u00edstico. Acceso por ruta 8 y conexi\u00f3n...\" \/>\n<meta name=\"robots\" content=\"index, follow, max-snippet:-1, max-image-preview:large, max-video-preview:-1\" \/>\n<link rel=\"canonical\" href=\"https:\/\/domumpropiedades.com\/site\/producto\/campo-venta-22has-villa\/\" \/>\n<meta property=\"og:locale\" content=\"es_ES\" \/>\n<meta property=\"og:type\" content=\"article\" \/>\n<meta property=\"og:title\" content=\"Campo de 22 hect\u00e1reas a la Venta lindero a Villa Serrana - DOMUM PROPIEDADES\" \/>\n<meta property=\"og:description\" content=\"Domum Propiedades vende campo lindero a Villa Serrana de 20 hect\u00e1reas y 9855 m2, ideal para emprendimiento tur\u00edstico. Acceso por ruta 8 y conexi\u00f3n...\" \/>\n<meta property=\"og:url\" content=\"https:\/\/domumpropiedades.com\/site\/producto\/campo-venta-22has-villa\/\" \/>\n<meta property=\"og:site_name\" content=\"DOMUM PROPIEDADES\" \/>\n<meta property=\"article:modified_time\" content=\"2024-06-05T04:51:52+00:00\" \/>\n<meta property=\"og:image\" content=\"https:\/\/domumpropiedades.com\/site\/wp-content\/uploads\/2023\/05\/Captura-de-Pantalla-2023-05-08-a-las-08.42.25-1024x626.png\" \/>\n\t<meta property=\"og:image:width\" content=\"1024\" \/>\n\t<meta property=\"og:image:height\" content=\"626\" \/>\n\t<meta property=\"og:image:type\" content=\"image\/png\" \/>\n<meta name=\"twitter:card\" content=\"summary_large_image\" \/>\n<meta name=\"twitter:label1\" content=\"Tiempo de lectura\" \/>\n\t<meta name=\"twitter:data1\" content=\"1 minuto\" \/>\n<script type=\"application\/ld+json\" class=\"yoast-schema-graph\">{\"@context\":\"https:\\\/\\\/schema.org\",\"@graph\":[{\"@type\":\"WebPage\",\"@id\":\"https:\\\/\\\/domumpropiedades.com\\\/site\\\/producto\\\/campo-venta-22has-villa\\\/\",\"url\":\"https:\\\/\\\/domumpropiedades.com\\\/site\\\/producto\\\/campo-venta-22has-villa\\\/\",\"name\":\"Campo de 22 hect\u00e1reas a la Venta lindero a Villa Serrana - DOMUM PROPIEDADES\",\"isPartOf\":{\"@id\":\"https:\\\/\\\/domumpropiedades.com\\\/site\\\/#website\"},\"primaryImageOfPage\":{\"@id\":\"https:\\\/\\\/domumpropiedades.com\\\/site\\\/producto\\\/campo-venta-22has-villa\\\/#primaryimage\"},\"image\":{\"@id\":\"https:\\\/\\\/domumpropiedades.com\\\/site\\\/producto\\\/campo-venta-22has-villa\\\/#primaryimage\"},\"thumbnailUrl\":\"https:\\\/\\\/domumpropiedades.com\\\/site\\\/wp-content\\\/uploads\\\/2023\\\/05\\\/Captura-de-Pantalla-2023-05-08-a-las-08.42.25.png\",\"datePublished\":\"2023-05-08T11:30:04+00:00\",\"dateModified\":\"2024-06-05T04:51:52+00:00\",\"description\":\"Domum Propiedades vende campo lindero a Villa Serrana de 20 hect\u00e1reas y 9855 m2, ideal para emprendimiento tur\u00edstico. Acceso por ruta 8 y conexi\u00f3n...\",\"breadcrumb\":{\"@id\":\"https:\\\/\\\/domumpropiedades.com\\\/site\\\/producto\\\/campo-venta-22has-villa\\\/#breadcrumb\"},\"inLanguage\":\"es-AR\",\"potentialAction\":[{\"@type\":\"ReadAction\",\"target\":[\"https:\\\/\\\/domumpropiedades.com\\\/site\\\/producto\\\/campo-venta-22has-villa\\\/\"]}]},{\"@type\":\"ImageObject\",\"inLanguage\":\"es-AR\",\"@id\":\"https:\\\/\\\/domumpropiedades.com\\\/site\\\/producto\\\/campo-venta-22has-villa\\\/#primaryimage\",\"url\":\"https:\\\/\\\/domumpropiedades.com\\\/site\\\/wp-content\\\/uploads\\\/2023\\\/05\\\/Captura-de-Pantalla-2023-05-08-a-las-08.42.25.png\",\"contentUrl\":\"https:\\\/\\\/domumpropiedades.com\\\/site\\\/wp-content\\\/uploads\\\/2023\\\/05\\\/Captura-de-Pantalla-2023-05-08-a-las-08.42.25.png\",\"width\":1786,\"height\":1092},{\"@type\":\"BreadcrumbList\",\"@id\":\"https:\\\/\\\/domumpropiedades.com\\\/site\\\/producto\\\/campo-venta-22has-villa\\\/#breadcrumb\",\"itemListElement\":[{\"@type\":\"ListItem\",\"position\":1,\"name\":\"Productos\",\"item\":\"https:\\\/\\\/domumpropiedades.com\\\/site\\\/shop\\\/\"},{\"@type\":\"ListItem\",\"position\":2,\"name\":\"Campo de 22 hect\u00e1reas a la Venta lindero a Villa Serrana\"}]},{\"@type\":\"WebSite\",\"@id\":\"https:\\\/\\\/domumpropiedades.com\\\/site\\\/#website\",\"url\":\"https:\\\/\\\/domumpropiedades.com\\\/site\\\/\",\"name\":\"DOMUM PROPIEDADES\",\"description\":\"Asesoramiento Inmobiliario\",\"publisher\":{\"@id\":\"https:\\\/\\\/domumpropiedades.com\\\/site\\\/#organization\"},\"potentialAction\":[{\"@type\":\"SearchAction\",\"target\":{\"@type\":\"EntryPoint\",\"urlTemplate\":\"https:\\\/\\\/domumpropiedades.com\\\/site\\\/?s={search_term_string}\"},\"query-input\":{\"@type\":\"PropertyValueSpecification\",\"valueRequired\":true,\"valueName\":\"search_term_string\"}}],\"inLanguage\":\"es-AR\"},{\"@type\":\"Organization\",\"@id\":\"https:\\\/\\\/domumpropiedades.com\\\/site\\\/#organization\",\"name\":\"DOMUM PROPIEDADES\",\"url\":\"https:\\\/\\\/domumpropiedades.com\\\/site\\\/\",\"logo\":{\"@type\":\"ImageObject\",\"inLanguage\":\"es-AR\",\"@id\":\"https:\\\/\\\/domumpropiedades.com\\\/site\\\/#\\\/schema\\\/logo\\\/image\\\/\",\"url\":\"https:\\\/\\\/domumpropiedades.com\\\/site\\\/wp-content\\\/uploads\\\/2020\\\/07\\\/cropped-logo-final-e1596076802973.jpg\",\"contentUrl\":\"https:\\\/\\\/domumpropiedades.com\\\/site\\\/wp-content\\\/uploads\\\/2020\\\/07\\\/cropped-logo-final-e1596076802973.jpg\",\"width\":379,\"height\":233,\"caption\":\"DOMUM PROPIEDADES\"},\"image\":{\"@id\":\"https:\\\/\\\/domumpropiedades.com\\\/site\\\/#\\\/schema\\\/logo\\\/image\\\/\"}}]}<\/script>\n<!-- \/ Yoast SEO plugin. -->","yoast_head_json":{"title":"Campo de 22 hect\u00e1reas a la Venta lindero a Villa Serrana - DOMUM PROPIEDADES","description":"Domum Propiedades vende campo lindero a Villa Serrana de 20 hect\u00e1reas y 9855 m2, ideal para emprendimiento tur\u00edstico. Acceso por ruta 8 y conexi\u00f3n...","robots":{"index":"index","follow":"follow","max-snippet":"max-snippet:-1","max-image-preview":"max-image-preview:large","max-video-preview":"max-video-preview:-1"},"canonical":"https:\/\/domumpropiedades.com\/site\/producto\/campo-venta-22has-villa\/","og_locale":"es_ES","og_type":"article","og_title":"Campo de 22 hect\u00e1reas a la Venta lindero a Villa Serrana - DOMUM PROPIEDADES","og_description":"Domum Propiedades vende campo lindero a Villa Serrana de 20 hect\u00e1reas y 9855 m2, ideal para emprendimiento tur\u00edstico. Acceso por ruta 8 y conexi\u00f3n...","og_url":"https:\/\/domumpropiedades.com\/site\/producto\/campo-venta-22has-villa\/","og_site_name":"DOMUM PROPIEDADES","article_modified_time":"2024-06-05T04:51:52+00:00","og_image":[{"width":1024,"height":626,"url":"https:\/\/domumpropiedades.com\/site\/wp-content\/uploads\/2023\/05\/Captura-de-Pantalla-2023-05-08-a-las-08.42.25-1024x626.png","type":"image\/png"}],"twitter_card":"summary_large_image","twitter_misc":{"Tiempo de lectura":"1 minuto"},"schema":{"@context":"https:\/\/schema.org","@graph":[{"@type":"WebPage","@id":"https:\/\/domumpropiedades.com\/site\/producto\/campo-venta-22has-villa\/","url":"https:\/\/domumpropiedades.com\/site\/producto\/campo-venta-22has-villa\/","name":"Campo de 22 hect\u00e1reas a la Venta lindero a Villa Serrana - DOMUM PROPIEDADES","isPartOf":{"@id":"https:\/\/domumpropiedades.com\/site\/#website"},"primaryImageOfPage":{"@id":"https:\/\/domumpropiedades.com\/site\/producto\/campo-venta-22has-villa\/#primaryimage"},"image":{"@id":"https:\/\/domumpropiedades.com\/site\/producto\/campo-venta-22has-villa\/#primaryimage"},"thumbnailUrl":"https:\/\/domumpropiedades.com\/site\/wp-content\/uploads\/2023\/05\/Captura-de-Pantalla-2023-05-08-a-las-08.42.25.png","datePublished":"2023-05-08T11:30:04+00:00","dateModified":"2024-06-05T04:51:52+00:00","description":"Domum Propiedades vende campo lindero a Villa Serrana de 20 hect\u00e1reas y 9855 m2, ideal para emprendimiento tur\u00edstico. Acceso por ruta 8 y conexi\u00f3n...","breadcrumb":{"@id":"https:\/\/domumpropiedades.com\/site\/producto\/campo-venta-22has-villa\/#breadcrumb"},"inLanguage":"es-AR","potentialAction":[{"@type":"ReadAction","target":["https:\/\/domumpropiedades.com\/site\/producto\/campo-venta-22has-villa\/"]}]},{"@type":"ImageObject","inLanguage":"es-AR","@id":"https:\/\/domumpropiedades.com\/site\/producto\/campo-venta-22has-villa\/#primaryimage","url":"https:\/\/domumpropiedades.com\/site\/wp-content\/uploads\/2023\/05\/Captura-de-Pantalla-2023-05-08-a-las-08.42.25.png","contentUrl":"https:\/\/domumpropiedades.com\/site\/wp-content\/uploads\/2023\/05\/Captura-de-Pantalla-2023-05-08-a-las-08.42.25.png","width":1786,"height":1092},{"@type":"BreadcrumbList","@id":"https:\/\/domumpropiedades.com\/site\/producto\/campo-venta-22has-villa\/#breadcrumb","itemListElement":[{"@type":"ListItem","position":1,"name":"Productos","item":"https:\/\/domumpropiedades.com\/site\/shop\/"},{"@type":"ListItem","position":2,"name":"Campo de 22 hect\u00e1reas a la Venta lindero a Villa Serrana"}]},{"@type":"WebSite","@id":"https:\/\/domumpropiedades.com\/site\/#website","url":"https:\/\/domumpropiedades.com\/site\/","name":"DOMUM PROPIEDADES","description":"Asesoramiento Inmobiliario","publisher":{"@id":"https:\/\/domumpropiedades.com\/site\/#organization"},"potentialAction":[{"@type":"SearchAction","target":{"@type":"EntryPoint","urlTemplate":"https:\/\/domumpropiedades.com\/site\/?s={search_term_string}"},"query-input":{"@type":"PropertyValueSpecification","valueRequired":true,"valueName":"search_term_string"}}],"inLanguage":"es-AR"},{"@type":"Organization","@id":"https:\/\/domumpropiedades.com\/site\/#organization","name":"DOMUM PROPIEDADES","url":"https:\/\/domumpropiedades.com\/site\/","logo":{"@type":"ImageObject","inLanguage":"es-AR","@id":"https:\/\/domumpropiedades.com\/site\/#\/schema\/logo\/image\/","url":"https:\/\/domumpropiedades.com\/site\/wp-content\/uploads\/2020\/07\/cropped-logo-final-e1596076802973.jpg","contentUrl":"https:\/\/domumpropiedades.com\/site\/wp-content\/uploads\/2020\/07\/cropped-logo-final-e1596076802973.jpg","width":379,"height":233,"caption":"DOMUM PROPIEDADES"},"image":{"@id":"https:\/\/domumpropiedades.com\/site\/#\/schema\/logo\/image\/"}}]}},"_links":{"self":[{"href":"https:\/\/domumpropiedades.com\/site\/wp-json\/wp\/v2\/product\/9337","targetHints":{"allow":["GET"]}}],"collection":[{"href":"https:\/\/domumpropiedades.com\/site\/wp-json\/wp\/v2\/product"}],"about":[{"href":"https:\/\/domumpropiedades.com\/site\/wp-json\/wp\/v2\/types\/product"}],"version-history":[{"count":1,"href":"https:\/\/domumpropiedades.com\/site\/wp-json\/wp\/v2\/product\/9337\/revisions"}],"predecessor-version":[{"id":9342,"href":"https:\/\/domumpropiedades.com\/site\/wp-json\/wp\/v2\/product\/9337\/revisions\/9342"}],"wp:featuredmedia":[{"embeddable":true,"href":"https:\/\/domumpropiedades.com\/site\/wp-json\/wp\/v2\/media\/9939"}],"wp:attachment":[{"href":"https:\/\/domumpropiedades.com\/site\/wp-json\/wp\/v2\/media?parent=9337"}],"wp:term":[{"taxonomy":"product_brand","embeddable":true,"href":"https:\/\/domumpropiedades.com\/site\/wp-json\/wp\/v2\/product_brand?post=9337"},{"taxonomy":"product_cat","embeddable":true,"href":"https:\/\/domumpropiedades.com\/site\/wp-json\/wp\/v2\/product_cat?post=9337"},{"taxonomy":"product_tag","embeddable":true,"href":"https:\/\/domumpropiedades.com\/site\/wp-json\/wp\/v2\/product_tag?post=9337"}],"curies":[{"name":"wp","href":"https:\/\/api.w.org\/{rel}","templated":true}]}}