{"id":9227,"date":"2023-12-01T15:26:54","date_gmt":"2023-12-01T18:26:54","guid":{"rendered":"https:\/\/domumpropiedades.com\/?post_type=product&#038;p=9227"},"modified":"2024-06-05T01:43:07","modified_gmt":"2024-06-05T04:43:07","slug":"villa-serrana-vende","status":"publish","type":"product","link":"https:\/\/domumpropiedades.com\/site\/producto\/villa-serrana-vende\/","title":{"rendered":"Casa a la Venta en Villa Serrana || Sierra Alta Pavimentada Comercial Oportunidad"},"content":{"rendered":"<p>Precio de Venta: USD 75.000<\/p>\n<p>Mas informaci\u00f3n: +598 98431087<br \/>\nwww.domumpropiedades.com | domumpropiedades.uy@gmail.com<\/p>\n","protected":false},"excerpt":{"rendered":"<div id=\"description\" class=\"ui-pdp-container__row ui-pdp-container__row--description\">\n<div class=\"ui-pdp-description\">\n<p class=\"ui-pdp-description__content\">Domum Propiedades vende casa de permacultura y con hermosas detalles en un punto exclusiva de Villa Serrana sobre la calle pavimentada. La casa principal cuenta con living comedor con estufa a le\u00f1a y cocina integrada, amplio ba\u00f1o, solida escalera que conecta con el entrepiso que tiene 1 dormitorios abierto. La construcci\u00f3n exterior con mucho potencial para deposito, apartamento, local comercial. Cercan\u00eda con la Represa!<\/p>\n<\/div>\n<p>Oportunidad\/ Orden de Vender \/ Se escuchan propuestas<\/p>\n<\/div>\n","protected":false},"featured_media":9889,"template":"","meta":[],"product_brand":[],"product_cat":[39,135,138],"product_tag":[],"class_list":{"0":"post-9227","1":"product","2":"type-product","3":"status-publish","4":"has-post-thumbnail","6":"product_cat-propiedades","7":"product_cat-venta","8":"product_cat-villa-serrana-venta","10":"first","11":"instock","12":"shipping-taxable","13":"purchasable","14":"product-type-simple"},"yoast_head":"<!-- This site is optimized with the Yoast SEO plugin v27.4 - https:\/\/yoast.com\/product\/yoast-seo-wordpress\/ -->\n<title>Casa a la Venta en Villa Serrana || Sierra Alta Pavimentada Comercial Oportunidad - DOMUM PROPIEDADES<\/title>\n<meta name=\"description\" content=\"Domum Propiedades vende casa de permacultura y con hermosas detalles en un punto exclusiva de Villa Serrana sobre la calle pavimentada. La casa principal...\" \/>\n<meta name=\"robots\" content=\"index, follow, max-snippet:-1, max-image-preview:large, max-video-preview:-1\" \/>\n<link rel=\"canonical\" href=\"https:\/\/domumpropiedades.com\/site\/producto\/villa-serrana-vende\/\" \/>\n<meta property=\"og:locale\" content=\"es_ES\" \/>\n<meta property=\"og:type\" content=\"article\" \/>\n<meta property=\"og:title\" content=\"Casa a la Venta en Villa Serrana || Sierra Alta Pavimentada Comercial Oportunidad - DOMUM PROPIEDADES\" \/>\n<meta property=\"og:description\" content=\"Domum Propiedades vende casa de permacultura y con hermosas detalles en un punto exclusiva de Villa Serrana sobre la calle pavimentada. La casa principal...\" \/>\n<meta property=\"og:url\" content=\"https:\/\/domumpropiedades.com\/site\/producto\/villa-serrana-vende\/\" \/>\n<meta property=\"og:site_name\" content=\"DOMUM PROPIEDADES\" \/>\n<meta property=\"article:modified_time\" content=\"2024-06-05T04:43:07+00:00\" \/>\n<meta property=\"og:image\" content=\"https:\/\/domumpropiedades.com\/site\/wp-content\/uploads\/2023\/05\/02-6.jpeg\" \/>\n\t<meta property=\"og:image:width\" content=\"2048\" \/>\n\t<meta property=\"og:image:height\" content=\"1536\" \/>\n\t<meta property=\"og:image:type\" content=\"image\/jpeg\" \/>\n<meta name=\"twitter:card\" content=\"summary_large_image\" \/>\n<meta name=\"twitter:label1\" content=\"Tiempo de lectura\" \/>\n\t<meta name=\"twitter:data1\" content=\"1 minuto\" \/>\n<script type=\"application\/ld+json\" class=\"yoast-schema-graph\">{\"@context\":\"https:\\\/\\\/schema.org\",\"@graph\":[{\"@type\":\"WebPage\",\"@id\":\"https:\\\/\\\/domumpropiedades.com\\\/site\\\/producto\\\/villa-serrana-vende\\\/\",\"url\":\"https:\\\/\\\/domumpropiedades.com\\\/site\\\/producto\\\/villa-serrana-vende\\\/\",\"name\":\"Casa a la Venta en Villa Serrana || Sierra Alta Pavimentada Comercial Oportunidad - DOMUM PROPIEDADES\",\"isPartOf\":{\"@id\":\"https:\\\/\\\/domumpropiedades.com\\\/site\\\/#website\"},\"primaryImageOfPage\":{\"@id\":\"https:\\\/\\\/domumpropiedades.com\\\/site\\\/producto\\\/villa-serrana-vende\\\/#primaryimage\"},\"image\":{\"@id\":\"https:\\\/\\\/domumpropiedades.com\\\/site\\\/producto\\\/villa-serrana-vende\\\/#primaryimage\"},\"thumbnailUrl\":\"https:\\\/\\\/domumpropiedades.com\\\/site\\\/wp-content\\\/uploads\\\/2023\\\/05\\\/02-6.jpeg\",\"datePublished\":\"2023-12-01T18:26:54+00:00\",\"dateModified\":\"2024-06-05T04:43:07+00:00\",\"description\":\"Domum Propiedades vende casa de permacultura y con hermosas detalles en un punto exclusiva de Villa Serrana sobre la calle pavimentada. La casa principal...\",\"breadcrumb\":{\"@id\":\"https:\\\/\\\/domumpropiedades.com\\\/site\\\/producto\\\/villa-serrana-vende\\\/#breadcrumb\"},\"inLanguage\":\"es-AR\",\"potentialAction\":[{\"@type\":\"ReadAction\",\"target\":[\"https:\\\/\\\/domumpropiedades.com\\\/site\\\/producto\\\/villa-serrana-vende\\\/\"]}]},{\"@type\":\"ImageObject\",\"inLanguage\":\"es-AR\",\"@id\":\"https:\\\/\\\/domumpropiedades.com\\\/site\\\/producto\\\/villa-serrana-vende\\\/#primaryimage\",\"url\":\"https:\\\/\\\/domumpropiedades.com\\\/site\\\/wp-content\\\/uploads\\\/2023\\\/05\\\/02-6.jpeg\",\"contentUrl\":\"https:\\\/\\\/domumpropiedades.com\\\/site\\\/wp-content\\\/uploads\\\/2023\\\/05\\\/02-6.jpeg\",\"width\":2048,\"height\":1536},{\"@type\":\"BreadcrumbList\",\"@id\":\"https:\\\/\\\/domumpropiedades.com\\\/site\\\/producto\\\/villa-serrana-vende\\\/#breadcrumb\",\"itemListElement\":[{\"@type\":\"ListItem\",\"position\":1,\"name\":\"Productos\",\"item\":\"https:\\\/\\\/domumpropiedades.com\\\/site\\\/shop\\\/\"},{\"@type\":\"ListItem\",\"position\":2,\"name\":\"Casa a la Venta en Villa Serrana || Sierra Alta Pavimentada Comercial Oportunidad\"}]},{\"@type\":\"WebSite\",\"@id\":\"https:\\\/\\\/domumpropiedades.com\\\/site\\\/#website\",\"url\":\"https:\\\/\\\/domumpropiedades.com\\\/site\\\/\",\"name\":\"DOMUM PROPIEDADES\",\"description\":\"Asesoramiento Inmobiliario\",\"publisher\":{\"@id\":\"https:\\\/\\\/domumpropiedades.com\\\/site\\\/#organization\"},\"potentialAction\":[{\"@type\":\"SearchAction\",\"target\":{\"@type\":\"EntryPoint\",\"urlTemplate\":\"https:\\\/\\\/domumpropiedades.com\\\/site\\\/?s={search_term_string}\"},\"query-input\":{\"@type\":\"PropertyValueSpecification\",\"valueRequired\":true,\"valueName\":\"search_term_string\"}}],\"inLanguage\":\"es-AR\"},{\"@type\":\"Organization\",\"@id\":\"https:\\\/\\\/domumpropiedades.com\\\/site\\\/#organization\",\"name\":\"DOMUM PROPIEDADES\",\"url\":\"https:\\\/\\\/domumpropiedades.com\\\/site\\\/\",\"logo\":{\"@type\":\"ImageObject\",\"inLanguage\":\"es-AR\",\"@id\":\"https:\\\/\\\/domumpropiedades.com\\\/site\\\/#\\\/schema\\\/logo\\\/image\\\/\",\"url\":\"https:\\\/\\\/domumpropiedades.com\\\/site\\\/wp-content\\\/uploads\\\/2020\\\/07\\\/cropped-logo-final-e1596076802973.jpg\",\"contentUrl\":\"https:\\\/\\\/domumpropiedades.com\\\/site\\\/wp-content\\\/uploads\\\/2020\\\/07\\\/cropped-logo-final-e1596076802973.jpg\",\"width\":379,\"height\":233,\"caption\":\"DOMUM PROPIEDADES\"},\"image\":{\"@id\":\"https:\\\/\\\/domumpropiedades.com\\\/site\\\/#\\\/schema\\\/logo\\\/image\\\/\"}}]}<\/script>\n<!-- \/ Yoast SEO plugin. -->","yoast_head_json":{"title":"Casa a la Venta en Villa Serrana || Sierra Alta Pavimentada Comercial Oportunidad - DOMUM PROPIEDADES","description":"Domum Propiedades vende casa de permacultura y con hermosas detalles en un punto exclusiva de Villa Serrana sobre la calle pavimentada. La casa principal...","robots":{"index":"index","follow":"follow","max-snippet":"max-snippet:-1","max-image-preview":"max-image-preview:large","max-video-preview":"max-video-preview:-1"},"canonical":"https:\/\/domumpropiedades.com\/site\/producto\/villa-serrana-vende\/","og_locale":"es_ES","og_type":"article","og_title":"Casa a la Venta en Villa Serrana || Sierra Alta Pavimentada Comercial Oportunidad - DOMUM PROPIEDADES","og_description":"Domum Propiedades vende casa de permacultura y con hermosas detalles en un punto exclusiva de Villa Serrana sobre la calle pavimentada. La casa principal...","og_url":"https:\/\/domumpropiedades.com\/site\/producto\/villa-serrana-vende\/","og_site_name":"DOMUM PROPIEDADES","article_modified_time":"2024-06-05T04:43:07+00:00","og_image":[{"width":2048,"height":1536,"url":"https:\/\/domumpropiedades.com\/site\/wp-content\/uploads\/2023\/05\/02-6.jpeg","type":"image\/jpeg"}],"twitter_card":"summary_large_image","twitter_misc":{"Tiempo de lectura":"1 minuto"},"schema":{"@context":"https:\/\/schema.org","@graph":[{"@type":"WebPage","@id":"https:\/\/domumpropiedades.com\/site\/producto\/villa-serrana-vende\/","url":"https:\/\/domumpropiedades.com\/site\/producto\/villa-serrana-vende\/","name":"Casa a la Venta en Villa Serrana || Sierra Alta Pavimentada Comercial Oportunidad - DOMUM PROPIEDADES","isPartOf":{"@id":"https:\/\/domumpropiedades.com\/site\/#website"},"primaryImageOfPage":{"@id":"https:\/\/domumpropiedades.com\/site\/producto\/villa-serrana-vende\/#primaryimage"},"image":{"@id":"https:\/\/domumpropiedades.com\/site\/producto\/villa-serrana-vende\/#primaryimage"},"thumbnailUrl":"https:\/\/domumpropiedades.com\/site\/wp-content\/uploads\/2023\/05\/02-6.jpeg","datePublished":"2023-12-01T18:26:54+00:00","dateModified":"2024-06-05T04:43:07+00:00","description":"Domum Propiedades vende casa de permacultura y con hermosas detalles en un punto exclusiva de Villa Serrana sobre la calle pavimentada. La casa principal...","breadcrumb":{"@id":"https:\/\/domumpropiedades.com\/site\/producto\/villa-serrana-vende\/#breadcrumb"},"inLanguage":"es-AR","potentialAction":[{"@type":"ReadAction","target":["https:\/\/domumpropiedades.com\/site\/producto\/villa-serrana-vende\/"]}]},{"@type":"ImageObject","inLanguage":"es-AR","@id":"https:\/\/domumpropiedades.com\/site\/producto\/villa-serrana-vende\/#primaryimage","url":"https:\/\/domumpropiedades.com\/site\/wp-content\/uploads\/2023\/05\/02-6.jpeg","contentUrl":"https:\/\/domumpropiedades.com\/site\/wp-content\/uploads\/2023\/05\/02-6.jpeg","width":2048,"height":1536},{"@type":"BreadcrumbList","@id":"https:\/\/domumpropiedades.com\/site\/producto\/villa-serrana-vende\/#breadcrumb","itemListElement":[{"@type":"ListItem","position":1,"name":"Productos","item":"https:\/\/domumpropiedades.com\/site\/shop\/"},{"@type":"ListItem","position":2,"name":"Casa a la Venta en Villa Serrana || Sierra Alta Pavimentada Comercial Oportunidad"}]},{"@type":"WebSite","@id":"https:\/\/domumpropiedades.com\/site\/#website","url":"https:\/\/domumpropiedades.com\/site\/","name":"DOMUM PROPIEDADES","description":"Asesoramiento Inmobiliario","publisher":{"@id":"https:\/\/domumpropiedades.com\/site\/#organization"},"potentialAction":[{"@type":"SearchAction","target":{"@type":"EntryPoint","urlTemplate":"https:\/\/domumpropiedades.com\/site\/?s={search_term_string}"},"query-input":{"@type":"PropertyValueSpecification","valueRequired":true,"valueName":"search_term_string"}}],"inLanguage":"es-AR"},{"@type":"Organization","@id":"https:\/\/domumpropiedades.com\/site\/#organization","name":"DOMUM PROPIEDADES","url":"https:\/\/domumpropiedades.com\/site\/","logo":{"@type":"ImageObject","inLanguage":"es-AR","@id":"https:\/\/domumpropiedades.com\/site\/#\/schema\/logo\/image\/","url":"https:\/\/domumpropiedades.com\/site\/wp-content\/uploads\/2020\/07\/cropped-logo-final-e1596076802973.jpg","contentUrl":"https:\/\/domumpropiedades.com\/site\/wp-content\/uploads\/2020\/07\/cropped-logo-final-e1596076802973.jpg","width":379,"height":233,"caption":"DOMUM PROPIEDADES"},"image":{"@id":"https:\/\/domumpropiedades.com\/site\/#\/schema\/logo\/image\/"}}]}},"_links":{"self":[{"href":"https:\/\/domumpropiedades.com\/site\/wp-json\/wp\/v2\/product\/9227","targetHints":{"allow":["GET"]}}],"collection":[{"href":"https:\/\/domumpropiedades.com\/site\/wp-json\/wp\/v2\/product"}],"about":[{"href":"https:\/\/domumpropiedades.com\/site\/wp-json\/wp\/v2\/types\/product"}],"version-history":[{"count":5,"href":"https:\/\/domumpropiedades.com\/site\/wp-json\/wp\/v2\/product\/9227\/revisions"}],"predecessor-version":[{"id":11086,"href":"https:\/\/domumpropiedades.com\/site\/wp-json\/wp\/v2\/product\/9227\/revisions\/11086"}],"wp:featuredmedia":[{"embeddable":true,"href":"https:\/\/domumpropiedades.com\/site\/wp-json\/wp\/v2\/media\/9889"}],"wp:attachment":[{"href":"https:\/\/domumpropiedades.com\/site\/wp-json\/wp\/v2\/media?parent=9227"}],"wp:term":[{"taxonomy":"product_brand","embeddable":true,"href":"https:\/\/domumpropiedades.com\/site\/wp-json\/wp\/v2\/product_brand?post=9227"},{"taxonomy":"product_cat","embeddable":true,"href":"https:\/\/domumpropiedades.com\/site\/wp-json\/wp\/v2\/product_cat?post=9227"},{"taxonomy":"product_tag","embeddable":true,"href":"https:\/\/domumpropiedades.com\/site\/wp-json\/wp\/v2\/product_tag?post=9227"}],"curies":[{"name":"wp","href":"https:\/\/api.w.org\/{rel}","templated":true}]}}