{"id":6054,"date":"2022-02-03T16:09:17","date_gmt":"2022-02-03T19:09:17","guid":{"rendered":"https:\/\/domumpropiedades.com\/site\/?post_type=product&#038;p=6054"},"modified":"2024-06-05T01:59:44","modified_gmt":"2024-06-05T04:59:44","slug":"venta-terreno-sieraalta","status":"publish","type":"product","link":"https:\/\/domumpropiedades.com\/site\/producto\/venta-terreno-sieraalta\/","title":{"rendered":"Terreno a la Venta en Villa Serrana | Sierra Alta 1000 m2"},"content":{"rendered":"<p>Precio de Venta: USD 41.500<\/p>\n<p>Mas informaci\u00f3n: +598 98431087<br \/>\nwww.domumpropiedades.com | domumpropiedades.uy@gmail.com<\/p>\n","protected":false},"excerpt":{"rendered":"<p>Domum Propiedades Vende 2 terrenos linderos de 500m2 juntos formando 1000m2\u00a0 en el poblado Sierra Alta de Villa Serrana, en las inmediaciones del Obelisco. El terreno cuenta con red el\u00e9ctrica que pasa por la puerta, vegetaci\u00f3n aut\u00f3ctona + algunos eucaliptos. El terreno tiene desnivel. Zona cercana a la Represa y Calle Coronilla. El terreno cuenta con el potencial que son 2 terrenos linderos y se puede fraccionar y vender la mitad.<\/p>\n","protected":false},"featured_media":7717,"template":"","meta":[],"product_brand":[],"product_cat":[39,135,138],"product_tag":[],"class_list":{"0":"post-6054","1":"product","2":"type-product","3":"status-publish","4":"has-post-thumbnail","6":"product_cat-propiedades","7":"product_cat-venta","8":"product_cat-villa-serrana-venta","10":"first","11":"instock","12":"shipping-taxable","13":"purchasable","14":"product-type-simple"},"yoast_head":"<!-- This site is optimized with the Yoast SEO plugin v27.4 - https:\/\/yoast.com\/product\/yoast-seo-wordpress\/ -->\n<title>Terreno a la Venta en Villa Serrana | Sierra Alta 1000 m2 - DOMUM PROPIEDADES<\/title>\n<meta name=\"description\" content=\"Domum Propiedades Vende 2 terrenos linderos juntos en el poblado Sierra Alta de Villa Serranas, en las inmediaciones del Obelisco...\" \/>\n<meta name=\"robots\" content=\"index, follow, max-snippet:-1, max-image-preview:large, max-video-preview:-1\" \/>\n<link rel=\"canonical\" href=\"https:\/\/domumpropiedades.com\/site\/producto\/venta-terreno-sieraalta\/\" \/>\n<meta property=\"og:locale\" content=\"es_ES\" \/>\n<meta property=\"og:type\" content=\"article\" \/>\n<meta property=\"og:title\" content=\"Terreno a la Venta en Villa Serrana | Sierra Alta 1000 m2 - DOMUM PROPIEDADES\" \/>\n<meta property=\"og:description\" content=\"Domum Propiedades Vende 2 terrenos linderos juntos en el poblado Sierra Alta de Villa Serranas, en las inmediaciones del Obelisco...\" \/>\n<meta property=\"og:url\" content=\"https:\/\/domumpropiedades.com\/site\/producto\/venta-terreno-sieraalta\/\" \/>\n<meta property=\"og:site_name\" content=\"DOMUM PROPIEDADES\" \/>\n<meta property=\"article:modified_time\" content=\"2024-06-05T04:59:44+00:00\" \/>\n<meta property=\"og:image\" content=\"https:\/\/domumpropiedades.com\/site\/wp-content\/uploads\/2022\/02\/03.jpeg\" \/>\n\t<meta property=\"og:image:width\" content=\"1600\" \/>\n\t<meta property=\"og:image:height\" content=\"737\" \/>\n\t<meta property=\"og:image:type\" content=\"image\/jpeg\" \/>\n<meta name=\"twitter:card\" content=\"summary_large_image\" \/>\n<meta name=\"twitter:label1\" content=\"Tiempo de lectura\" \/>\n\t<meta name=\"twitter:data1\" content=\"1 minuto\" \/>\n<script type=\"application\/ld+json\" class=\"yoast-schema-graph\">{\"@context\":\"https:\\\/\\\/schema.org\",\"@graph\":[{\"@type\":\"WebPage\",\"@id\":\"https:\\\/\\\/domumpropiedades.com\\\/site\\\/producto\\\/venta-terreno-sieraalta\\\/\",\"url\":\"https:\\\/\\\/domumpropiedades.com\\\/site\\\/producto\\\/venta-terreno-sieraalta\\\/\",\"name\":\"Terreno a la Venta en Villa Serrana | Sierra Alta 1000 m2 - DOMUM PROPIEDADES\",\"isPartOf\":{\"@id\":\"https:\\\/\\\/domumpropiedades.com\\\/site\\\/#website\"},\"primaryImageOfPage\":{\"@id\":\"https:\\\/\\\/domumpropiedades.com\\\/site\\\/producto\\\/venta-terreno-sieraalta\\\/#primaryimage\"},\"image\":{\"@id\":\"https:\\\/\\\/domumpropiedades.com\\\/site\\\/producto\\\/venta-terreno-sieraalta\\\/#primaryimage\"},\"thumbnailUrl\":\"https:\\\/\\\/domumpropiedades.com\\\/site\\\/wp-content\\\/uploads\\\/2022\\\/02\\\/03.jpeg\",\"datePublished\":\"2022-02-03T19:09:17+00:00\",\"dateModified\":\"2024-06-05T04:59:44+00:00\",\"description\":\"Domum Propiedades Vende 2 terrenos linderos juntos en el poblado Sierra Alta de Villa Serranas, en las inmediaciones del Obelisco...\",\"breadcrumb\":{\"@id\":\"https:\\\/\\\/domumpropiedades.com\\\/site\\\/producto\\\/venta-terreno-sieraalta\\\/#breadcrumb\"},\"inLanguage\":\"es-AR\",\"potentialAction\":[{\"@type\":\"ReadAction\",\"target\":[\"https:\\\/\\\/domumpropiedades.com\\\/site\\\/producto\\\/venta-terreno-sieraalta\\\/\"]}]},{\"@type\":\"ImageObject\",\"inLanguage\":\"es-AR\",\"@id\":\"https:\\\/\\\/domumpropiedades.com\\\/site\\\/producto\\\/venta-terreno-sieraalta\\\/#primaryimage\",\"url\":\"https:\\\/\\\/domumpropiedades.com\\\/site\\\/wp-content\\\/uploads\\\/2022\\\/02\\\/03.jpeg\",\"contentUrl\":\"https:\\\/\\\/domumpropiedades.com\\\/site\\\/wp-content\\\/uploads\\\/2022\\\/02\\\/03.jpeg\",\"width\":1600,\"height\":737},{\"@type\":\"BreadcrumbList\",\"@id\":\"https:\\\/\\\/domumpropiedades.com\\\/site\\\/producto\\\/venta-terreno-sieraalta\\\/#breadcrumb\",\"itemListElement\":[{\"@type\":\"ListItem\",\"position\":1,\"name\":\"Productos\",\"item\":\"https:\\\/\\\/domumpropiedades.com\\\/site\\\/shop\\\/\"},{\"@type\":\"ListItem\",\"position\":2,\"name\":\"Terreno a la Venta en Villa Serrana | Sierra Alta 1000 m2\"}]},{\"@type\":\"WebSite\",\"@id\":\"https:\\\/\\\/domumpropiedades.com\\\/site\\\/#website\",\"url\":\"https:\\\/\\\/domumpropiedades.com\\\/site\\\/\",\"name\":\"DOMUM PROPIEDADES\",\"description\":\"Asesoramiento Inmobiliario\",\"publisher\":{\"@id\":\"https:\\\/\\\/domumpropiedades.com\\\/site\\\/#organization\"},\"potentialAction\":[{\"@type\":\"SearchAction\",\"target\":{\"@type\":\"EntryPoint\",\"urlTemplate\":\"https:\\\/\\\/domumpropiedades.com\\\/site\\\/?s={search_term_string}\"},\"query-input\":{\"@type\":\"PropertyValueSpecification\",\"valueRequired\":true,\"valueName\":\"search_term_string\"}}],\"inLanguage\":\"es-AR\"},{\"@type\":\"Organization\",\"@id\":\"https:\\\/\\\/domumpropiedades.com\\\/site\\\/#organization\",\"name\":\"DOMUM PROPIEDADES\",\"url\":\"https:\\\/\\\/domumpropiedades.com\\\/site\\\/\",\"logo\":{\"@type\":\"ImageObject\",\"inLanguage\":\"es-AR\",\"@id\":\"https:\\\/\\\/domumpropiedades.com\\\/site\\\/#\\\/schema\\\/logo\\\/image\\\/\",\"url\":\"https:\\\/\\\/domumpropiedades.com\\\/site\\\/wp-content\\\/uploads\\\/2020\\\/07\\\/cropped-logo-final-e1596076802973.jpg\",\"contentUrl\":\"https:\\\/\\\/domumpropiedades.com\\\/site\\\/wp-content\\\/uploads\\\/2020\\\/07\\\/cropped-logo-final-e1596076802973.jpg\",\"width\":379,\"height\":233,\"caption\":\"DOMUM PROPIEDADES\"},\"image\":{\"@id\":\"https:\\\/\\\/domumpropiedades.com\\\/site\\\/#\\\/schema\\\/logo\\\/image\\\/\"}}]}<\/script>\n<!-- \/ Yoast SEO plugin. -->","yoast_head_json":{"title":"Terreno a la Venta en Villa Serrana | Sierra Alta 1000 m2 - DOMUM PROPIEDADES","description":"Domum Propiedades Vende 2 terrenos linderos juntos en el poblado Sierra Alta de Villa Serranas, en las inmediaciones del Obelisco...","robots":{"index":"index","follow":"follow","max-snippet":"max-snippet:-1","max-image-preview":"max-image-preview:large","max-video-preview":"max-video-preview:-1"},"canonical":"https:\/\/domumpropiedades.com\/site\/producto\/venta-terreno-sieraalta\/","og_locale":"es_ES","og_type":"article","og_title":"Terreno a la Venta en Villa Serrana | Sierra Alta 1000 m2 - DOMUM PROPIEDADES","og_description":"Domum Propiedades Vende 2 terrenos linderos juntos en el poblado Sierra Alta de Villa Serranas, en las inmediaciones del Obelisco...","og_url":"https:\/\/domumpropiedades.com\/site\/producto\/venta-terreno-sieraalta\/","og_site_name":"DOMUM PROPIEDADES","article_modified_time":"2024-06-05T04:59:44+00:00","og_image":[{"width":1600,"height":737,"url":"https:\/\/domumpropiedades.com\/site\/wp-content\/uploads\/2022\/02\/03.jpeg","type":"image\/jpeg"}],"twitter_card":"summary_large_image","twitter_misc":{"Tiempo de lectura":"1 minuto"},"schema":{"@context":"https:\/\/schema.org","@graph":[{"@type":"WebPage","@id":"https:\/\/domumpropiedades.com\/site\/producto\/venta-terreno-sieraalta\/","url":"https:\/\/domumpropiedades.com\/site\/producto\/venta-terreno-sieraalta\/","name":"Terreno a la Venta en Villa Serrana | Sierra Alta 1000 m2 - DOMUM PROPIEDADES","isPartOf":{"@id":"https:\/\/domumpropiedades.com\/site\/#website"},"primaryImageOfPage":{"@id":"https:\/\/domumpropiedades.com\/site\/producto\/venta-terreno-sieraalta\/#primaryimage"},"image":{"@id":"https:\/\/domumpropiedades.com\/site\/producto\/venta-terreno-sieraalta\/#primaryimage"},"thumbnailUrl":"https:\/\/domumpropiedades.com\/site\/wp-content\/uploads\/2022\/02\/03.jpeg","datePublished":"2022-02-03T19:09:17+00:00","dateModified":"2024-06-05T04:59:44+00:00","description":"Domum Propiedades Vende 2 terrenos linderos juntos en el poblado Sierra Alta de Villa Serranas, en las inmediaciones del Obelisco...","breadcrumb":{"@id":"https:\/\/domumpropiedades.com\/site\/producto\/venta-terreno-sieraalta\/#breadcrumb"},"inLanguage":"es-AR","potentialAction":[{"@type":"ReadAction","target":["https:\/\/domumpropiedades.com\/site\/producto\/venta-terreno-sieraalta\/"]}]},{"@type":"ImageObject","inLanguage":"es-AR","@id":"https:\/\/domumpropiedades.com\/site\/producto\/venta-terreno-sieraalta\/#primaryimage","url":"https:\/\/domumpropiedades.com\/site\/wp-content\/uploads\/2022\/02\/03.jpeg","contentUrl":"https:\/\/domumpropiedades.com\/site\/wp-content\/uploads\/2022\/02\/03.jpeg","width":1600,"height":737},{"@type":"BreadcrumbList","@id":"https:\/\/domumpropiedades.com\/site\/producto\/venta-terreno-sieraalta\/#breadcrumb","itemListElement":[{"@type":"ListItem","position":1,"name":"Productos","item":"https:\/\/domumpropiedades.com\/site\/shop\/"},{"@type":"ListItem","position":2,"name":"Terreno a la Venta en Villa Serrana | Sierra Alta 1000 m2"}]},{"@type":"WebSite","@id":"https:\/\/domumpropiedades.com\/site\/#website","url":"https:\/\/domumpropiedades.com\/site\/","name":"DOMUM PROPIEDADES","description":"Asesoramiento Inmobiliario","publisher":{"@id":"https:\/\/domumpropiedades.com\/site\/#organization"},"potentialAction":[{"@type":"SearchAction","target":{"@type":"EntryPoint","urlTemplate":"https:\/\/domumpropiedades.com\/site\/?s={search_term_string}"},"query-input":{"@type":"PropertyValueSpecification","valueRequired":true,"valueName":"search_term_string"}}],"inLanguage":"es-AR"},{"@type":"Organization","@id":"https:\/\/domumpropiedades.com\/site\/#organization","name":"DOMUM PROPIEDADES","url":"https:\/\/domumpropiedades.com\/site\/","logo":{"@type":"ImageObject","inLanguage":"es-AR","@id":"https:\/\/domumpropiedades.com\/site\/#\/schema\/logo\/image\/","url":"https:\/\/domumpropiedades.com\/site\/wp-content\/uploads\/2020\/07\/cropped-logo-final-e1596076802973.jpg","contentUrl":"https:\/\/domumpropiedades.com\/site\/wp-content\/uploads\/2020\/07\/cropped-logo-final-e1596076802973.jpg","width":379,"height":233,"caption":"DOMUM PROPIEDADES"},"image":{"@id":"https:\/\/domumpropiedades.com\/site\/#\/schema\/logo\/image\/"}}]}},"_links":{"self":[{"href":"https:\/\/domumpropiedades.com\/site\/wp-json\/wp\/v2\/product\/6054","targetHints":{"allow":["GET"]}}],"collection":[{"href":"https:\/\/domumpropiedades.com\/site\/wp-json\/wp\/v2\/product"}],"about":[{"href":"https:\/\/domumpropiedades.com\/site\/wp-json\/wp\/v2\/types\/product"}],"version-history":[{"count":5,"href":"https:\/\/domumpropiedades.com\/site\/wp-json\/wp\/v2\/product\/6054\/revisions"}],"predecessor-version":[{"id":7720,"href":"https:\/\/domumpropiedades.com\/site\/wp-json\/wp\/v2\/product\/6054\/revisions\/7720"}],"wp:featuredmedia":[{"embeddable":true,"href":"https:\/\/domumpropiedades.com\/site\/wp-json\/wp\/v2\/media\/7717"}],"wp:attachment":[{"href":"https:\/\/domumpropiedades.com\/site\/wp-json\/wp\/v2\/media?parent=6054"}],"wp:term":[{"taxonomy":"product_brand","embeddable":true,"href":"https:\/\/domumpropiedades.com\/site\/wp-json\/wp\/v2\/product_brand?post=6054"},{"taxonomy":"product_cat","embeddable":true,"href":"https:\/\/domumpropiedades.com\/site\/wp-json\/wp\/v2\/product_cat?post=6054"},{"taxonomy":"product_tag","embeddable":true,"href":"https:\/\/domumpropiedades.com\/site\/wp-json\/wp\/v2\/product_tag?post=6054"}],"curies":[{"name":"wp","href":"https:\/\/api.w.org\/{rel}","templated":true}]}}