{"id":5083,"date":"2021-09-23T17:58:13","date_gmt":"2021-09-23T20:58:13","guid":{"rendered":"https:\/\/domumpropiedades.com\/site\/?post_type=product&#038;p=5083"},"modified":"2021-10-29T16:48:59","modified_gmt":"2021-10-29T19:48:59","slug":"venta-punta-del-diablo","status":"publish","type":"product","link":"https:\/\/domumpropiedades.com\/site\/producto\/venta-punta-del-diablo\/","title":{"rendered":"Punta del Diablo Venta de Negocio Funcionando | Rentabilidad"},"content":{"rendered":"<p>Precio de Venta: USD 900.000<br \/>\nAcepta financiaci\u00f3n y permuta<\/p>\n<p>&nbsp;<\/p>\n<p>M\u00e1s informaci\u00f3n: +598 98431087<br \/>\nwww.domumpropiedades.com || domumpropiedades.uy@gmail.com<\/p>\n","protected":false},"excerpt":{"rendered":"<p>Domum Propiedades Vende Camping funcionando en Punta del Diablo a 5 cuadras de la playa, en una muy buena ubicaci\u00f3n. Caba\u00f1a principal, local para almac\u00e9n, 5 caba\u00f1as para alquiler (equipadas), 2 vestuarios con ba\u00f1o con 8 duchas, energ\u00eda solar, 2 pozos de agua con muy buen caudal, todas las parcelas cuentan con parrillero y electricidad (40 en total), WIFI\u00a0 y MUY BUENA RENTABILIDAD COMPROBADA. Regularizado 100% y habilitada por Intendencia.<\/p>\n<p>Se agendan visitas.<\/p>\n","protected":false},"featured_media":5109,"template":"","meta":[],"product_brand":[],"product_cat":[39,148,135],"product_tag":[],"class_list":{"0":"post-5083","1":"product","2":"type-product","3":"status-publish","4":"has-post-thumbnail","6":"product_cat-propiedades","7":"product_cat-rocha-venta","8":"product_cat-venta","10":"first","11":"instock","12":"shipping-taxable","13":"purchasable","14":"product-type-simple"},"yoast_head":"<!-- This site is optimized with the Yoast SEO plugin v27.4 - https:\/\/yoast.com\/product\/yoast-seo-wordpress\/ -->\n<title>Punta del Diablo Venta de Negocio Funcionando | Rentabilidad - DOMUM PROPIEDADES<\/title>\n<meta name=\"description\" content=\"Domum Propiedades Vende Camping en Punta del Diablo a 5 cuadras de la playa, en una muy buena ubicaci\u00f3n. Caba\u00f1a principal, local...\" \/>\n<meta name=\"robots\" content=\"index, follow, max-snippet:-1, max-image-preview:large, max-video-preview:-1\" \/>\n<link rel=\"canonical\" href=\"https:\/\/domumpropiedades.com\/site\/producto\/venta-punta-del-diablo\/\" \/>\n<meta property=\"og:locale\" content=\"es_ES\" \/>\n<meta property=\"og:type\" content=\"article\" \/>\n<meta property=\"og:title\" content=\"Punta del Diablo Venta de Negocio Funcionando | Rentabilidad - DOMUM PROPIEDADES\" \/>\n<meta property=\"og:description\" content=\"Domum Propiedades Vende Camping en Punta del Diablo a 5 cuadras de la playa, en una muy buena ubicaci\u00f3n. Caba\u00f1a principal, local...\" \/>\n<meta property=\"og:url\" content=\"https:\/\/domumpropiedades.com\/site\/producto\/venta-punta-del-diablo\/\" \/>\n<meta property=\"og:site_name\" content=\"DOMUM PROPIEDADES\" \/>\n<meta property=\"article:modified_time\" content=\"2021-10-29T19:48:59+00:00\" \/>\n<meta property=\"og:image\" content=\"https:\/\/domumpropiedades.com\/site\/wp-content\/uploads\/2021\/09\/01-bis.jpeg\" \/>\n\t<meta property=\"og:image:width\" content=\"1600\" \/>\n\t<meta property=\"og:image:height\" content=\"1200\" \/>\n\t<meta property=\"og:image:type\" content=\"image\/jpeg\" \/>\n<meta name=\"twitter:card\" content=\"summary_large_image\" \/>\n<script type=\"application\/ld+json\" class=\"yoast-schema-graph\">{\"@context\":\"https:\\\/\\\/schema.org\",\"@graph\":[{\"@type\":\"WebPage\",\"@id\":\"https:\\\/\\\/domumpropiedades.com\\\/site\\\/producto\\\/venta-punta-del-diablo\\\/\",\"url\":\"https:\\\/\\\/domumpropiedades.com\\\/site\\\/producto\\\/venta-punta-del-diablo\\\/\",\"name\":\"Punta del Diablo Venta de Negocio Funcionando | Rentabilidad - DOMUM PROPIEDADES\",\"isPartOf\":{\"@id\":\"https:\\\/\\\/domumpropiedades.com\\\/site\\\/#website\"},\"primaryImageOfPage\":{\"@id\":\"https:\\\/\\\/domumpropiedades.com\\\/site\\\/producto\\\/venta-punta-del-diablo\\\/#primaryimage\"},\"image\":{\"@id\":\"https:\\\/\\\/domumpropiedades.com\\\/site\\\/producto\\\/venta-punta-del-diablo\\\/#primaryimage\"},\"thumbnailUrl\":\"https:\\\/\\\/domumpropiedades.com\\\/site\\\/wp-content\\\/uploads\\\/2021\\\/09\\\/01-bis.jpeg\",\"datePublished\":\"2021-09-23T20:58:13+00:00\",\"dateModified\":\"2021-10-29T19:48:59+00:00\",\"description\":\"Domum Propiedades Vende Camping en Punta del Diablo a 5 cuadras de la playa, en una muy buena ubicaci\u00f3n. Caba\u00f1a principal, local...\",\"breadcrumb\":{\"@id\":\"https:\\\/\\\/domumpropiedades.com\\\/site\\\/producto\\\/venta-punta-del-diablo\\\/#breadcrumb\"},\"inLanguage\":\"es-AR\",\"potentialAction\":[{\"@type\":\"ReadAction\",\"target\":[\"https:\\\/\\\/domumpropiedades.com\\\/site\\\/producto\\\/venta-punta-del-diablo\\\/\"]}]},{\"@type\":\"ImageObject\",\"inLanguage\":\"es-AR\",\"@id\":\"https:\\\/\\\/domumpropiedades.com\\\/site\\\/producto\\\/venta-punta-del-diablo\\\/#primaryimage\",\"url\":\"https:\\\/\\\/domumpropiedades.com\\\/site\\\/wp-content\\\/uploads\\\/2021\\\/09\\\/01-bis.jpeg\",\"contentUrl\":\"https:\\\/\\\/domumpropiedades.com\\\/site\\\/wp-content\\\/uploads\\\/2021\\\/09\\\/01-bis.jpeg\",\"width\":1600,\"height\":1200},{\"@type\":\"BreadcrumbList\",\"@id\":\"https:\\\/\\\/domumpropiedades.com\\\/site\\\/producto\\\/venta-punta-del-diablo\\\/#breadcrumb\",\"itemListElement\":[{\"@type\":\"ListItem\",\"position\":1,\"name\":\"Productos\",\"item\":\"https:\\\/\\\/domumpropiedades.com\\\/site\\\/shop\\\/\"},{\"@type\":\"ListItem\",\"position\":2,\"name\":\"Punta del Diablo Venta de Negocio Funcionando | Rentabilidad\"}]},{\"@type\":\"WebSite\",\"@id\":\"https:\\\/\\\/domumpropiedades.com\\\/site\\\/#website\",\"url\":\"https:\\\/\\\/domumpropiedades.com\\\/site\\\/\",\"name\":\"DOMUM PROPIEDADES\",\"description\":\"Asesoramiento Inmobiliario\",\"publisher\":{\"@id\":\"https:\\\/\\\/domumpropiedades.com\\\/site\\\/#organization\"},\"potentialAction\":[{\"@type\":\"SearchAction\",\"target\":{\"@type\":\"EntryPoint\",\"urlTemplate\":\"https:\\\/\\\/domumpropiedades.com\\\/site\\\/?s={search_term_string}\"},\"query-input\":{\"@type\":\"PropertyValueSpecification\",\"valueRequired\":true,\"valueName\":\"search_term_string\"}}],\"inLanguage\":\"es-AR\"},{\"@type\":\"Organization\",\"@id\":\"https:\\\/\\\/domumpropiedades.com\\\/site\\\/#organization\",\"name\":\"DOMUM PROPIEDADES\",\"url\":\"https:\\\/\\\/domumpropiedades.com\\\/site\\\/\",\"logo\":{\"@type\":\"ImageObject\",\"inLanguage\":\"es-AR\",\"@id\":\"https:\\\/\\\/domumpropiedades.com\\\/site\\\/#\\\/schema\\\/logo\\\/image\\\/\",\"url\":\"https:\\\/\\\/domumpropiedades.com\\\/site\\\/wp-content\\\/uploads\\\/2020\\\/07\\\/cropped-logo-final-e1596076802973.jpg\",\"contentUrl\":\"https:\\\/\\\/domumpropiedades.com\\\/site\\\/wp-content\\\/uploads\\\/2020\\\/07\\\/cropped-logo-final-e1596076802973.jpg\",\"width\":379,\"height\":233,\"caption\":\"DOMUM PROPIEDADES\"},\"image\":{\"@id\":\"https:\\\/\\\/domumpropiedades.com\\\/site\\\/#\\\/schema\\\/logo\\\/image\\\/\"}}]}<\/script>\n<!-- \/ Yoast SEO plugin. -->","yoast_head_json":{"title":"Punta del Diablo Venta de Negocio Funcionando | Rentabilidad - DOMUM PROPIEDADES","description":"Domum Propiedades Vende Camping en Punta del Diablo a 5 cuadras de la playa, en una muy buena ubicaci\u00f3n. Caba\u00f1a principal, local...","robots":{"index":"index","follow":"follow","max-snippet":"max-snippet:-1","max-image-preview":"max-image-preview:large","max-video-preview":"max-video-preview:-1"},"canonical":"https:\/\/domumpropiedades.com\/site\/producto\/venta-punta-del-diablo\/","og_locale":"es_ES","og_type":"article","og_title":"Punta del Diablo Venta de Negocio Funcionando | Rentabilidad - DOMUM PROPIEDADES","og_description":"Domum Propiedades Vende Camping en Punta del Diablo a 5 cuadras de la playa, en una muy buena ubicaci\u00f3n. Caba\u00f1a principal, local...","og_url":"https:\/\/domumpropiedades.com\/site\/producto\/venta-punta-del-diablo\/","og_site_name":"DOMUM PROPIEDADES","article_modified_time":"2021-10-29T19:48:59+00:00","og_image":[{"width":1600,"height":1200,"url":"https:\/\/domumpropiedades.com\/site\/wp-content\/uploads\/2021\/09\/01-bis.jpeg","type":"image\/jpeg"}],"twitter_card":"summary_large_image","schema":{"@context":"https:\/\/schema.org","@graph":[{"@type":"WebPage","@id":"https:\/\/domumpropiedades.com\/site\/producto\/venta-punta-del-diablo\/","url":"https:\/\/domumpropiedades.com\/site\/producto\/venta-punta-del-diablo\/","name":"Punta del Diablo Venta de Negocio Funcionando | Rentabilidad - DOMUM PROPIEDADES","isPartOf":{"@id":"https:\/\/domumpropiedades.com\/site\/#website"},"primaryImageOfPage":{"@id":"https:\/\/domumpropiedades.com\/site\/producto\/venta-punta-del-diablo\/#primaryimage"},"image":{"@id":"https:\/\/domumpropiedades.com\/site\/producto\/venta-punta-del-diablo\/#primaryimage"},"thumbnailUrl":"https:\/\/domumpropiedades.com\/site\/wp-content\/uploads\/2021\/09\/01-bis.jpeg","datePublished":"2021-09-23T20:58:13+00:00","dateModified":"2021-10-29T19:48:59+00:00","description":"Domum Propiedades Vende Camping en Punta del Diablo a 5 cuadras de la playa, en una muy buena ubicaci\u00f3n. Caba\u00f1a principal, local...","breadcrumb":{"@id":"https:\/\/domumpropiedades.com\/site\/producto\/venta-punta-del-diablo\/#breadcrumb"},"inLanguage":"es-AR","potentialAction":[{"@type":"ReadAction","target":["https:\/\/domumpropiedades.com\/site\/producto\/venta-punta-del-diablo\/"]}]},{"@type":"ImageObject","inLanguage":"es-AR","@id":"https:\/\/domumpropiedades.com\/site\/producto\/venta-punta-del-diablo\/#primaryimage","url":"https:\/\/domumpropiedades.com\/site\/wp-content\/uploads\/2021\/09\/01-bis.jpeg","contentUrl":"https:\/\/domumpropiedades.com\/site\/wp-content\/uploads\/2021\/09\/01-bis.jpeg","width":1600,"height":1200},{"@type":"BreadcrumbList","@id":"https:\/\/domumpropiedades.com\/site\/producto\/venta-punta-del-diablo\/#breadcrumb","itemListElement":[{"@type":"ListItem","position":1,"name":"Productos","item":"https:\/\/domumpropiedades.com\/site\/shop\/"},{"@type":"ListItem","position":2,"name":"Punta del Diablo Venta de Negocio Funcionando | Rentabilidad"}]},{"@type":"WebSite","@id":"https:\/\/domumpropiedades.com\/site\/#website","url":"https:\/\/domumpropiedades.com\/site\/","name":"DOMUM PROPIEDADES","description":"Asesoramiento Inmobiliario","publisher":{"@id":"https:\/\/domumpropiedades.com\/site\/#organization"},"potentialAction":[{"@type":"SearchAction","target":{"@type":"EntryPoint","urlTemplate":"https:\/\/domumpropiedades.com\/site\/?s={search_term_string}"},"query-input":{"@type":"PropertyValueSpecification","valueRequired":true,"valueName":"search_term_string"}}],"inLanguage":"es-AR"},{"@type":"Organization","@id":"https:\/\/domumpropiedades.com\/site\/#organization","name":"DOMUM PROPIEDADES","url":"https:\/\/domumpropiedades.com\/site\/","logo":{"@type":"ImageObject","inLanguage":"es-AR","@id":"https:\/\/domumpropiedades.com\/site\/#\/schema\/logo\/image\/","url":"https:\/\/domumpropiedades.com\/site\/wp-content\/uploads\/2020\/07\/cropped-logo-final-e1596076802973.jpg","contentUrl":"https:\/\/domumpropiedades.com\/site\/wp-content\/uploads\/2020\/07\/cropped-logo-final-e1596076802973.jpg","width":379,"height":233,"caption":"DOMUM PROPIEDADES"},"image":{"@id":"https:\/\/domumpropiedades.com\/site\/#\/schema\/logo\/image\/"}}]}},"_links":{"self":[{"href":"https:\/\/domumpropiedades.com\/site\/wp-json\/wp\/v2\/product\/5083","targetHints":{"allow":["GET"]}}],"collection":[{"href":"https:\/\/domumpropiedades.com\/site\/wp-json\/wp\/v2\/product"}],"about":[{"href":"https:\/\/domumpropiedades.com\/site\/wp-json\/wp\/v2\/types\/product"}],"version-history":[{"count":4,"href":"https:\/\/domumpropiedades.com\/site\/wp-json\/wp\/v2\/product\/5083\/revisions"}],"predecessor-version":[{"id":5111,"href":"https:\/\/domumpropiedades.com\/site\/wp-json\/wp\/v2\/product\/5083\/revisions\/5111"}],"wp:featuredmedia":[{"embeddable":true,"href":"https:\/\/domumpropiedades.com\/site\/wp-json\/wp\/v2\/media\/5109"}],"wp:attachment":[{"href":"https:\/\/domumpropiedades.com\/site\/wp-json\/wp\/v2\/media?parent=5083"}],"wp:term":[{"taxonomy":"product_brand","embeddable":true,"href":"https:\/\/domumpropiedades.com\/site\/wp-json\/wp\/v2\/product_brand?post=5083"},{"taxonomy":"product_cat","embeddable":true,"href":"https:\/\/domumpropiedades.com\/site\/wp-json\/wp\/v2\/product_cat?post=5083"},{"taxonomy":"product_tag","embeddable":true,"href":"https:\/\/domumpropiedades.com\/site\/wp-json\/wp\/v2\/product_tag?post=5083"}],"curies":[{"name":"wp","href":"https:\/\/api.w.org\/{rel}","templated":true}]}}