{"id":4703,"date":"2021-08-14T13:54:52","date_gmt":"2021-08-14T16:54:52","guid":{"rendered":"https:\/\/domumpropiedades.com\/site\/?post_type=product&#038;p=4703"},"modified":"2021-08-14T13:54:53","modified_gmt":"2021-08-14T16:54:53","slug":"venta-ph-buceo-2","status":"publish","type":"product","link":"https:\/\/domumpropiedades.com\/site\/producto\/venta-ph-buceo-2\/","title":{"rendered":"Apartamento PH a la Venta en calle Lambare Buceo"},"content":{"rendered":"<p>Precio de Venta: USD 71.000<\/p>\n<p>M\u00e1s informaci\u00f3n: +598 98431087<br \/>\nwww.domumpropiedades.com &#8211; domumpropiedades.uy@gmail.com<\/p>\n","protected":false},"excerpt":{"rendered":"<p>Domum Propiedades Vende apartamento tipo Ph sobre la calle Lambare. No paga gastos comunes ni impuesto de primaria.Tiene una salida a una azotea que no se muestra en las fotos. El apto da hacia un corredor com\u00fan. La unidad cuenta con living comedor, cocina definida, amplio dormitorio y una peque\u00f1a sala de estar. Muy cercano a Av Italia con gran locomoci\u00f3n, adem\u00e1s cercano a Solano Lopez.<\/p>\n","protected":false},"featured_media":4709,"template":"","meta":[],"product_brand":[],"product_cat":[136,39,135],"product_tag":[],"class_list":{"0":"post-4703","1":"product","2":"type-product","3":"status-publish","4":"has-post-thumbnail","6":"product_cat-montevideo-venta","7":"product_cat-propiedades","8":"product_cat-venta","10":"first","11":"instock","12":"shipping-taxable","13":"purchasable","14":"product-type-simple"},"yoast_head":"<!-- This site is optimized with the Yoast SEO plugin v27.4 - https:\/\/yoast.com\/product\/yoast-seo-wordpress\/ -->\n<title>Apartamento PH a la Venta en calle Lambare Buceo - DOMUM PROPIEDADES<\/title>\n<meta name=\"description\" content=\"Domum Propiedades Vende apartamento tipo Ph sobre la calle Lambare. No paga gastos comunes ni impuesto de primaria.Tiene una salida a ...\" \/>\n<meta name=\"robots\" content=\"index, follow, max-snippet:-1, max-image-preview:large, max-video-preview:-1\" \/>\n<link rel=\"canonical\" href=\"https:\/\/domumpropiedades.com\/site\/producto\/venta-ph-buceo-2\/\" \/>\n<meta property=\"og:locale\" content=\"es_ES\" \/>\n<meta property=\"og:type\" content=\"article\" \/>\n<meta property=\"og:title\" content=\"Apartamento PH a la Venta en calle Lambare Buceo - DOMUM PROPIEDADES\" \/>\n<meta property=\"og:description\" content=\"Domum Propiedades Vende apartamento tipo Ph sobre la calle Lambare. No paga gastos comunes ni impuesto de primaria.Tiene una salida a ...\" \/>\n<meta property=\"og:url\" content=\"https:\/\/domumpropiedades.com\/site\/producto\/venta-ph-buceo-2\/\" \/>\n<meta property=\"og:site_name\" content=\"DOMUM PROPIEDADES\" \/>\n<meta property=\"article:modified_time\" content=\"2021-08-14T16:54:53+00:00\" \/>\n<meta property=\"og:image\" content=\"https:\/\/domumpropiedades.com\/site\/wp-content\/uploads\/2021\/08\/WhatsApp-Image-2021-08-14-at-13.28.11-6.jpeg\" \/>\n\t<meta property=\"og:image:width\" content=\"1200\" \/>\n\t<meta property=\"og:image:height\" content=\"1600\" \/>\n\t<meta property=\"og:image:type\" content=\"image\/jpeg\" \/>\n<meta name=\"twitter:card\" content=\"summary_large_image\" \/>\n<script type=\"application\/ld+json\" class=\"yoast-schema-graph\">{\"@context\":\"https:\\\/\\\/schema.org\",\"@graph\":[{\"@type\":\"WebPage\",\"@id\":\"https:\\\/\\\/domumpropiedades.com\\\/site\\\/producto\\\/venta-ph-buceo-2\\\/\",\"url\":\"https:\\\/\\\/domumpropiedades.com\\\/site\\\/producto\\\/venta-ph-buceo-2\\\/\",\"name\":\"Apartamento PH a la Venta en calle Lambare Buceo - DOMUM PROPIEDADES\",\"isPartOf\":{\"@id\":\"https:\\\/\\\/domumpropiedades.com\\\/site\\\/#website\"},\"primaryImageOfPage\":{\"@id\":\"https:\\\/\\\/domumpropiedades.com\\\/site\\\/producto\\\/venta-ph-buceo-2\\\/#primaryimage\"},\"image\":{\"@id\":\"https:\\\/\\\/domumpropiedades.com\\\/site\\\/producto\\\/venta-ph-buceo-2\\\/#primaryimage\"},\"thumbnailUrl\":\"https:\\\/\\\/domumpropiedades.com\\\/site\\\/wp-content\\\/uploads\\\/2021\\\/08\\\/WhatsApp-Image-2021-08-14-at-13.28.11-6.jpeg\",\"datePublished\":\"2021-08-14T16:54:52+00:00\",\"dateModified\":\"2021-08-14T16:54:53+00:00\",\"description\":\"Domum Propiedades Vende apartamento tipo Ph sobre la calle Lambare. No paga gastos comunes ni impuesto de primaria.Tiene una salida a ...\",\"breadcrumb\":{\"@id\":\"https:\\\/\\\/domumpropiedades.com\\\/site\\\/producto\\\/venta-ph-buceo-2\\\/#breadcrumb\"},\"inLanguage\":\"es-AR\",\"potentialAction\":[{\"@type\":\"ReadAction\",\"target\":[\"https:\\\/\\\/domumpropiedades.com\\\/site\\\/producto\\\/venta-ph-buceo-2\\\/\"]}]},{\"@type\":\"ImageObject\",\"inLanguage\":\"es-AR\",\"@id\":\"https:\\\/\\\/domumpropiedades.com\\\/site\\\/producto\\\/venta-ph-buceo-2\\\/#primaryimage\",\"url\":\"https:\\\/\\\/domumpropiedades.com\\\/site\\\/wp-content\\\/uploads\\\/2021\\\/08\\\/WhatsApp-Image-2021-08-14-at-13.28.11-6.jpeg\",\"contentUrl\":\"https:\\\/\\\/domumpropiedades.com\\\/site\\\/wp-content\\\/uploads\\\/2021\\\/08\\\/WhatsApp-Image-2021-08-14-at-13.28.11-6.jpeg\",\"width\":1200,\"height\":1600},{\"@type\":\"BreadcrumbList\",\"@id\":\"https:\\\/\\\/domumpropiedades.com\\\/site\\\/producto\\\/venta-ph-buceo-2\\\/#breadcrumb\",\"itemListElement\":[{\"@type\":\"ListItem\",\"position\":1,\"name\":\"Productos\",\"item\":\"https:\\\/\\\/domumpropiedades.com\\\/site\\\/shop\\\/\"},{\"@type\":\"ListItem\",\"position\":2,\"name\":\"Apartamento PH a la Venta en calle Lambare Buceo\"}]},{\"@type\":\"WebSite\",\"@id\":\"https:\\\/\\\/domumpropiedades.com\\\/site\\\/#website\",\"url\":\"https:\\\/\\\/domumpropiedades.com\\\/site\\\/\",\"name\":\"DOMUM PROPIEDADES\",\"description\":\"Asesoramiento Inmobiliario\",\"publisher\":{\"@id\":\"https:\\\/\\\/domumpropiedades.com\\\/site\\\/#organization\"},\"potentialAction\":[{\"@type\":\"SearchAction\",\"target\":{\"@type\":\"EntryPoint\",\"urlTemplate\":\"https:\\\/\\\/domumpropiedades.com\\\/site\\\/?s={search_term_string}\"},\"query-input\":{\"@type\":\"PropertyValueSpecification\",\"valueRequired\":true,\"valueName\":\"search_term_string\"}}],\"inLanguage\":\"es-AR\"},{\"@type\":\"Organization\",\"@id\":\"https:\\\/\\\/domumpropiedades.com\\\/site\\\/#organization\",\"name\":\"DOMUM PROPIEDADES\",\"url\":\"https:\\\/\\\/domumpropiedades.com\\\/site\\\/\",\"logo\":{\"@type\":\"ImageObject\",\"inLanguage\":\"es-AR\",\"@id\":\"https:\\\/\\\/domumpropiedades.com\\\/site\\\/#\\\/schema\\\/logo\\\/image\\\/\",\"url\":\"https:\\\/\\\/domumpropiedades.com\\\/site\\\/wp-content\\\/uploads\\\/2020\\\/07\\\/cropped-logo-final-e1596076802973.jpg\",\"contentUrl\":\"https:\\\/\\\/domumpropiedades.com\\\/site\\\/wp-content\\\/uploads\\\/2020\\\/07\\\/cropped-logo-final-e1596076802973.jpg\",\"width\":379,\"height\":233,\"caption\":\"DOMUM PROPIEDADES\"},\"image\":{\"@id\":\"https:\\\/\\\/domumpropiedades.com\\\/site\\\/#\\\/schema\\\/logo\\\/image\\\/\"}}]}<\/script>\n<!-- \/ Yoast SEO plugin. -->","yoast_head_json":{"title":"Apartamento PH a la Venta en calle Lambare Buceo - DOMUM PROPIEDADES","description":"Domum Propiedades Vende apartamento tipo Ph sobre la calle Lambare. No paga gastos comunes ni impuesto de primaria.Tiene una salida a ...","robots":{"index":"index","follow":"follow","max-snippet":"max-snippet:-1","max-image-preview":"max-image-preview:large","max-video-preview":"max-video-preview:-1"},"canonical":"https:\/\/domumpropiedades.com\/site\/producto\/venta-ph-buceo-2\/","og_locale":"es_ES","og_type":"article","og_title":"Apartamento PH a la Venta en calle Lambare Buceo - DOMUM PROPIEDADES","og_description":"Domum Propiedades Vende apartamento tipo Ph sobre la calle Lambare. No paga gastos comunes ni impuesto de primaria.Tiene una salida a ...","og_url":"https:\/\/domumpropiedades.com\/site\/producto\/venta-ph-buceo-2\/","og_site_name":"DOMUM PROPIEDADES","article_modified_time":"2021-08-14T16:54:53+00:00","og_image":[{"width":1200,"height":1600,"url":"https:\/\/domumpropiedades.com\/site\/wp-content\/uploads\/2021\/08\/WhatsApp-Image-2021-08-14-at-13.28.11-6.jpeg","type":"image\/jpeg"}],"twitter_card":"summary_large_image","schema":{"@context":"https:\/\/schema.org","@graph":[{"@type":"WebPage","@id":"https:\/\/domumpropiedades.com\/site\/producto\/venta-ph-buceo-2\/","url":"https:\/\/domumpropiedades.com\/site\/producto\/venta-ph-buceo-2\/","name":"Apartamento PH a la Venta en calle Lambare Buceo - DOMUM PROPIEDADES","isPartOf":{"@id":"https:\/\/domumpropiedades.com\/site\/#website"},"primaryImageOfPage":{"@id":"https:\/\/domumpropiedades.com\/site\/producto\/venta-ph-buceo-2\/#primaryimage"},"image":{"@id":"https:\/\/domumpropiedades.com\/site\/producto\/venta-ph-buceo-2\/#primaryimage"},"thumbnailUrl":"https:\/\/domumpropiedades.com\/site\/wp-content\/uploads\/2021\/08\/WhatsApp-Image-2021-08-14-at-13.28.11-6.jpeg","datePublished":"2021-08-14T16:54:52+00:00","dateModified":"2021-08-14T16:54:53+00:00","description":"Domum Propiedades Vende apartamento tipo Ph sobre la calle Lambare. No paga gastos comunes ni impuesto de primaria.Tiene una salida a ...","breadcrumb":{"@id":"https:\/\/domumpropiedades.com\/site\/producto\/venta-ph-buceo-2\/#breadcrumb"},"inLanguage":"es-AR","potentialAction":[{"@type":"ReadAction","target":["https:\/\/domumpropiedades.com\/site\/producto\/venta-ph-buceo-2\/"]}]},{"@type":"ImageObject","inLanguage":"es-AR","@id":"https:\/\/domumpropiedades.com\/site\/producto\/venta-ph-buceo-2\/#primaryimage","url":"https:\/\/domumpropiedades.com\/site\/wp-content\/uploads\/2021\/08\/WhatsApp-Image-2021-08-14-at-13.28.11-6.jpeg","contentUrl":"https:\/\/domumpropiedades.com\/site\/wp-content\/uploads\/2021\/08\/WhatsApp-Image-2021-08-14-at-13.28.11-6.jpeg","width":1200,"height":1600},{"@type":"BreadcrumbList","@id":"https:\/\/domumpropiedades.com\/site\/producto\/venta-ph-buceo-2\/#breadcrumb","itemListElement":[{"@type":"ListItem","position":1,"name":"Productos","item":"https:\/\/domumpropiedades.com\/site\/shop\/"},{"@type":"ListItem","position":2,"name":"Apartamento PH a la Venta en calle Lambare Buceo"}]},{"@type":"WebSite","@id":"https:\/\/domumpropiedades.com\/site\/#website","url":"https:\/\/domumpropiedades.com\/site\/","name":"DOMUM PROPIEDADES","description":"Asesoramiento Inmobiliario","publisher":{"@id":"https:\/\/domumpropiedades.com\/site\/#organization"},"potentialAction":[{"@type":"SearchAction","target":{"@type":"EntryPoint","urlTemplate":"https:\/\/domumpropiedades.com\/site\/?s={search_term_string}"},"query-input":{"@type":"PropertyValueSpecification","valueRequired":true,"valueName":"search_term_string"}}],"inLanguage":"es-AR"},{"@type":"Organization","@id":"https:\/\/domumpropiedades.com\/site\/#organization","name":"DOMUM PROPIEDADES","url":"https:\/\/domumpropiedades.com\/site\/","logo":{"@type":"ImageObject","inLanguage":"es-AR","@id":"https:\/\/domumpropiedades.com\/site\/#\/schema\/logo\/image\/","url":"https:\/\/domumpropiedades.com\/site\/wp-content\/uploads\/2020\/07\/cropped-logo-final-e1596076802973.jpg","contentUrl":"https:\/\/domumpropiedades.com\/site\/wp-content\/uploads\/2020\/07\/cropped-logo-final-e1596076802973.jpg","width":379,"height":233,"caption":"DOMUM PROPIEDADES"},"image":{"@id":"https:\/\/domumpropiedades.com\/site\/#\/schema\/logo\/image\/"}}]}},"_links":{"self":[{"href":"https:\/\/domumpropiedades.com\/site\/wp-json\/wp\/v2\/product\/4703","targetHints":{"allow":["GET"]}}],"collection":[{"href":"https:\/\/domumpropiedades.com\/site\/wp-json\/wp\/v2\/product"}],"about":[{"href":"https:\/\/domumpropiedades.com\/site\/wp-json\/wp\/v2\/types\/product"}],"version-history":[{"count":1,"href":"https:\/\/domumpropiedades.com\/site\/wp-json\/wp\/v2\/product\/4703\/revisions"}],"predecessor-version":[{"id":4717,"href":"https:\/\/domumpropiedades.com\/site\/wp-json\/wp\/v2\/product\/4703\/revisions\/4717"}],"wp:featuredmedia":[{"embeddable":true,"href":"https:\/\/domumpropiedades.com\/site\/wp-json\/wp\/v2\/media\/4709"}],"wp:attachment":[{"href":"https:\/\/domumpropiedades.com\/site\/wp-json\/wp\/v2\/media?parent=4703"}],"wp:term":[{"taxonomy":"product_brand","embeddable":true,"href":"https:\/\/domumpropiedades.com\/site\/wp-json\/wp\/v2\/product_brand?post=4703"},{"taxonomy":"product_cat","embeddable":true,"href":"https:\/\/domumpropiedades.com\/site\/wp-json\/wp\/v2\/product_cat?post=4703"},{"taxonomy":"product_tag","embeddable":true,"href":"https:\/\/domumpropiedades.com\/site\/wp-json\/wp\/v2\/product_tag?post=4703"}],"curies":[{"name":"wp","href":"https:\/\/api.w.org\/{rel}","templated":true}]}}