{"id":4352,"date":"2021-06-18T10:42:13","date_gmt":"2021-06-18T13:42:13","guid":{"rendered":"https:\/\/domumpropiedades.com\/site\/?post_type=product&#038;p=4352"},"modified":"2022-08-22T19:35:59","modified_gmt":"2022-08-22T22:35:59","slug":"lote-pando","status":"publish","type":"product","link":"https:\/\/domumpropiedades.com\/site\/producto\/lote-pando\/","title":{"rendered":"Lote de 7 hect\u00e1reas a la Venta en Pando || Desarrollo Urbanistico"},"content":{"rendered":"\t\t<div data-elementor-type=\"product-post\" data-elementor-id=\"4352\" class=\"elementor elementor-4352\">\n\t\t\t\t\t\t<section class=\"elementor-section elementor-top-section elementor-element elementor-element-6c8af elementor-section-boxed elementor-section-height-default elementor-section-height-default\" data-id=\"6c8af\" data-element_type=\"section\">\n\t\t\t\t\t\t<div class=\"elementor-container elementor-column-gap-default\">\n\t\t\t\t\t<div class=\"elementor-column elementor-col-100 elementor-top-column elementor-element elementor-element-d3f3113\" data-id=\"d3f3113\" data-element_type=\"column\">\n\t\t\t<div class=\"elementor-widget-wrap elementor-element-populated\">\n\t\t\t\t\t\t<div class=\"elementor-element elementor-element-49414ae1 elementor-widget elementor-widget-text-editor\" data-id=\"49414ae1\" data-element_type=\"widget\" data-widget_type=\"text-editor.default\">\n\t\t\t\t<div class=\"elementor-widget-container\">\n\t\t\t\t\t\t\t\t\t<div class=\"ui-pdp-container__row ui-pdp-container__row--description\">\r\n<div class=\"ui-pdp-description\">\r\n<p class=\"ui-pdp-description__content\">Precio de Venta: USD 1.200.000<\/p>\r\nSuperficie: 70.786 m2\r\n\r\n<\/div>\r\n<\/div>\r\n<div class=\"ui-pdp-container__row ui-pdp-container__row--questions\">\r\n<div id=\"questions\" class=\"ui-pdp-questions\">M\u00e1s informaci\u00f3n: +59898431087\r\nwww.domumpropiedades.com || domumpropiedades.uy@gmail.com<\/div>\r\n<\/div>\t\t\t\t\t\t\t\t<\/div>\n\t\t\t\t<\/div>\n\t\t\t\t\t<\/div>\n\t\t<\/div>\n\t\t\t\t\t<\/div>\n\t\t<\/section>\n\t\t\t\t<section class=\"elementor-section elementor-top-section elementor-element elementor-element-db4a0da elementor-section-boxed elementor-section-height-default elementor-section-height-default\" data-id=\"db4a0da\" data-element_type=\"section\">\n\t\t\t\t\t\t<div class=\"elementor-container elementor-column-gap-default\">\n\t\t\t\t\t<div class=\"elementor-column elementor-col-100 elementor-top-column elementor-element elementor-element-6b2673a\" data-id=\"6b2673a\" data-element_type=\"column\">\n\t\t\t<div class=\"elementor-widget-wrap elementor-element-populated\">\n\t\t\t\t\t\t<div class=\"elementor-element elementor-element-b8f9ee1 elementor-widget elementor-widget-html\" data-id=\"b8f9ee1\" data-element_type=\"widget\" data-widget_type=\"html.default\">\n\t\t\t\t<div class=\"elementor-widget-container\">\n\t\t\t\t\t<script type=\"text\/javascript\" src=\"https:\/\/form.jotform.com\/jsform\/222336887746974\"><\/script>\t\t\t\t<\/div>\n\t\t\t\t<\/div>\n\t\t\t\t\t<\/div>\n\t\t<\/div>\n\t\t\t\t\t<\/div>\n\t\t<\/section>\n\t\t\t\t<\/div>\n\t\t","protected":false},"excerpt":{"rendered":"<div class=\"ui-pdp-container__row ui-pdp-container__row--description\">\n<div class=\"ui-pdp-description\">\n<p class=\"ui-pdp-description__content\">Domum Propiedades Vende padron en la ciudad de Pando de 70.786 m2 en locaci\u00f3n estrat\u00e9gica para diversos usos con mucho potencial. Punto log\u00edstico, fabrica o fraccionamiento y reventa (desarrollo urban\u00edstico), con unas de los potenciales que tiene este padr\u00f3n. Se puede coordinar visita.<\/p>\n<\/div>\n<\/div>\n","protected":false},"featured_media":4513,"template":"","meta":[],"product_brand":[],"product_cat":[365,39,135],"product_tag":[],"class_list":{"0":"post-4352","1":"product","2":"type-product","3":"status-publish","4":"has-post-thumbnail","6":"product_cat-pando","7":"product_cat-propiedades","8":"product_cat-venta","10":"first","11":"instock","12":"shipping-taxable","13":"purchasable","14":"product-type-simple"},"yoast_head":"<!-- This site is optimized with the Yoast SEO plugin v27.4 - https:\/\/yoast.com\/product\/yoast-seo-wordpress\/ -->\n<title>Lote de 7 hect\u00e1reas a la Venta en Pando || Desarrollo Urbanistico - DOMUM PROPIEDADES<\/title>\n<meta name=\"description\" content=\"Domum Propiedades Vende 1 padrones en la ciudad de Pando, que suman 70.786 m2 en locaci\u00f3n estrat\u00e9gica para diversos usos con mucho potencial.\" \/>\n<meta name=\"robots\" content=\"index, follow, max-snippet:-1, max-image-preview:large, max-video-preview:-1\" \/>\n<link rel=\"canonical\" href=\"https:\/\/domumpropiedades.com\/site\/producto\/lote-pando\/\" \/>\n<meta property=\"og:locale\" content=\"es_ES\" \/>\n<meta property=\"og:type\" content=\"article\" \/>\n<meta property=\"og:title\" content=\"Lote de 7 hect\u00e1reas a la Venta en Pando || Desarrollo Urbanistico - DOMUM PROPIEDADES\" \/>\n<meta property=\"og:description\" content=\"Domum Propiedades Vende 1 padrones en la ciudad de Pando, que suman 70.786 m2 en locaci\u00f3n estrat\u00e9gica para diversos usos con mucho potencial.\" \/>\n<meta property=\"og:url\" content=\"https:\/\/domumpropiedades.com\/site\/producto\/lote-pando\/\" \/>\n<meta property=\"og:site_name\" content=\"DOMUM PROPIEDADES\" \/>\n<meta property=\"article:modified_time\" content=\"2022-08-22T22:35:59+00:00\" \/>\n<meta property=\"og:image\" content=\"https:\/\/domumpropiedades.com\/site\/wp-content\/uploads\/2021\/06\/mapa-3.png\" \/>\n\t<meta property=\"og:image:width\" content=\"937\" \/>\n\t<meta property=\"og:image:height\" content=\"523\" \/>\n\t<meta property=\"og:image:type\" content=\"image\/png\" \/>\n<meta name=\"twitter:card\" content=\"summary_large_image\" \/>\n<script type=\"application\/ld+json\" class=\"yoast-schema-graph\">{\"@context\":\"https:\\\/\\\/schema.org\",\"@graph\":[{\"@type\":\"WebPage\",\"@id\":\"https:\\\/\\\/domumpropiedades.com\\\/site\\\/producto\\\/lote-pando\\\/\",\"url\":\"https:\\\/\\\/domumpropiedades.com\\\/site\\\/producto\\\/lote-pando\\\/\",\"name\":\"Lote de 7 hect\u00e1reas a la Venta en Pando || Desarrollo Urbanistico - DOMUM PROPIEDADES\",\"isPartOf\":{\"@id\":\"https:\\\/\\\/domumpropiedades.com\\\/site\\\/#website\"},\"primaryImageOfPage\":{\"@id\":\"https:\\\/\\\/domumpropiedades.com\\\/site\\\/producto\\\/lote-pando\\\/#primaryimage\"},\"image\":{\"@id\":\"https:\\\/\\\/domumpropiedades.com\\\/site\\\/producto\\\/lote-pando\\\/#primaryimage\"},\"thumbnailUrl\":\"https:\\\/\\\/domumpropiedades.com\\\/site\\\/wp-content\\\/uploads\\\/2021\\\/06\\\/mapa-3.png\",\"datePublished\":\"2021-06-18T13:42:13+00:00\",\"dateModified\":\"2022-08-22T22:35:59+00:00\",\"description\":\"Domum Propiedades Vende 1 padrones en la ciudad de Pando, que suman 70.786 m2 en locaci\u00f3n estrat\u00e9gica para diversos usos con mucho potencial.\",\"breadcrumb\":{\"@id\":\"https:\\\/\\\/domumpropiedades.com\\\/site\\\/producto\\\/lote-pando\\\/#breadcrumb\"},\"inLanguage\":\"es-AR\",\"potentialAction\":[{\"@type\":\"ReadAction\",\"target\":[\"https:\\\/\\\/domumpropiedades.com\\\/site\\\/producto\\\/lote-pando\\\/\"]}]},{\"@type\":\"ImageObject\",\"inLanguage\":\"es-AR\",\"@id\":\"https:\\\/\\\/domumpropiedades.com\\\/site\\\/producto\\\/lote-pando\\\/#primaryimage\",\"url\":\"https:\\\/\\\/domumpropiedades.com\\\/site\\\/wp-content\\\/uploads\\\/2021\\\/06\\\/mapa-3.png\",\"contentUrl\":\"https:\\\/\\\/domumpropiedades.com\\\/site\\\/wp-content\\\/uploads\\\/2021\\\/06\\\/mapa-3.png\",\"width\":937,\"height\":523},{\"@type\":\"BreadcrumbList\",\"@id\":\"https:\\\/\\\/domumpropiedades.com\\\/site\\\/producto\\\/lote-pando\\\/#breadcrumb\",\"itemListElement\":[{\"@type\":\"ListItem\",\"position\":1,\"name\":\"Productos\",\"item\":\"https:\\\/\\\/domumpropiedades.com\\\/site\\\/shop\\\/\"},{\"@type\":\"ListItem\",\"position\":2,\"name\":\"Lote de 7 hect\u00e1reas a la Venta en Pando || Desarrollo Urbanistico\"}]},{\"@type\":\"WebSite\",\"@id\":\"https:\\\/\\\/domumpropiedades.com\\\/site\\\/#website\",\"url\":\"https:\\\/\\\/domumpropiedades.com\\\/site\\\/\",\"name\":\"DOMUM PROPIEDADES\",\"description\":\"Asesoramiento Inmobiliario\",\"publisher\":{\"@id\":\"https:\\\/\\\/domumpropiedades.com\\\/site\\\/#organization\"},\"potentialAction\":[{\"@type\":\"SearchAction\",\"target\":{\"@type\":\"EntryPoint\",\"urlTemplate\":\"https:\\\/\\\/domumpropiedades.com\\\/site\\\/?s={search_term_string}\"},\"query-input\":{\"@type\":\"PropertyValueSpecification\",\"valueRequired\":true,\"valueName\":\"search_term_string\"}}],\"inLanguage\":\"es-AR\"},{\"@type\":\"Organization\",\"@id\":\"https:\\\/\\\/domumpropiedades.com\\\/site\\\/#organization\",\"name\":\"DOMUM PROPIEDADES\",\"url\":\"https:\\\/\\\/domumpropiedades.com\\\/site\\\/\",\"logo\":{\"@type\":\"ImageObject\",\"inLanguage\":\"es-AR\",\"@id\":\"https:\\\/\\\/domumpropiedades.com\\\/site\\\/#\\\/schema\\\/logo\\\/image\\\/\",\"url\":\"https:\\\/\\\/domumpropiedades.com\\\/site\\\/wp-content\\\/uploads\\\/2020\\\/07\\\/cropped-logo-final-e1596076802973.jpg\",\"contentUrl\":\"https:\\\/\\\/domumpropiedades.com\\\/site\\\/wp-content\\\/uploads\\\/2020\\\/07\\\/cropped-logo-final-e1596076802973.jpg\",\"width\":379,\"height\":233,\"caption\":\"DOMUM PROPIEDADES\"},\"image\":{\"@id\":\"https:\\\/\\\/domumpropiedades.com\\\/site\\\/#\\\/schema\\\/logo\\\/image\\\/\"}}]}<\/script>\n<!-- \/ Yoast SEO plugin. -->","yoast_head_json":{"title":"Lote de 7 hect\u00e1reas a la Venta en Pando || Desarrollo Urbanistico - DOMUM PROPIEDADES","description":"Domum Propiedades Vende 1 padrones en la ciudad de Pando, que suman 70.786 m2 en locaci\u00f3n estrat\u00e9gica para diversos usos con mucho potencial.","robots":{"index":"index","follow":"follow","max-snippet":"max-snippet:-1","max-image-preview":"max-image-preview:large","max-video-preview":"max-video-preview:-1"},"canonical":"https:\/\/domumpropiedades.com\/site\/producto\/lote-pando\/","og_locale":"es_ES","og_type":"article","og_title":"Lote de 7 hect\u00e1reas a la Venta en Pando || Desarrollo Urbanistico - DOMUM PROPIEDADES","og_description":"Domum Propiedades Vende 1 padrones en la ciudad de Pando, que suman 70.786 m2 en locaci\u00f3n estrat\u00e9gica para diversos usos con mucho potencial.","og_url":"https:\/\/domumpropiedades.com\/site\/producto\/lote-pando\/","og_site_name":"DOMUM PROPIEDADES","article_modified_time":"2022-08-22T22:35:59+00:00","og_image":[{"width":937,"height":523,"url":"https:\/\/domumpropiedades.com\/site\/wp-content\/uploads\/2021\/06\/mapa-3.png","type":"image\/png"}],"twitter_card":"summary_large_image","schema":{"@context":"https:\/\/schema.org","@graph":[{"@type":"WebPage","@id":"https:\/\/domumpropiedades.com\/site\/producto\/lote-pando\/","url":"https:\/\/domumpropiedades.com\/site\/producto\/lote-pando\/","name":"Lote de 7 hect\u00e1reas a la Venta en Pando || Desarrollo Urbanistico - DOMUM PROPIEDADES","isPartOf":{"@id":"https:\/\/domumpropiedades.com\/site\/#website"},"primaryImageOfPage":{"@id":"https:\/\/domumpropiedades.com\/site\/producto\/lote-pando\/#primaryimage"},"image":{"@id":"https:\/\/domumpropiedades.com\/site\/producto\/lote-pando\/#primaryimage"},"thumbnailUrl":"https:\/\/domumpropiedades.com\/site\/wp-content\/uploads\/2021\/06\/mapa-3.png","datePublished":"2021-06-18T13:42:13+00:00","dateModified":"2022-08-22T22:35:59+00:00","description":"Domum Propiedades Vende 1 padrones en la ciudad de Pando, que suman 70.786 m2 en locaci\u00f3n estrat\u00e9gica para diversos usos con mucho potencial.","breadcrumb":{"@id":"https:\/\/domumpropiedades.com\/site\/producto\/lote-pando\/#breadcrumb"},"inLanguage":"es-AR","potentialAction":[{"@type":"ReadAction","target":["https:\/\/domumpropiedades.com\/site\/producto\/lote-pando\/"]}]},{"@type":"ImageObject","inLanguage":"es-AR","@id":"https:\/\/domumpropiedades.com\/site\/producto\/lote-pando\/#primaryimage","url":"https:\/\/domumpropiedades.com\/site\/wp-content\/uploads\/2021\/06\/mapa-3.png","contentUrl":"https:\/\/domumpropiedades.com\/site\/wp-content\/uploads\/2021\/06\/mapa-3.png","width":937,"height":523},{"@type":"BreadcrumbList","@id":"https:\/\/domumpropiedades.com\/site\/producto\/lote-pando\/#breadcrumb","itemListElement":[{"@type":"ListItem","position":1,"name":"Productos","item":"https:\/\/domumpropiedades.com\/site\/shop\/"},{"@type":"ListItem","position":2,"name":"Lote de 7 hect\u00e1reas a la Venta en Pando || Desarrollo Urbanistico"}]},{"@type":"WebSite","@id":"https:\/\/domumpropiedades.com\/site\/#website","url":"https:\/\/domumpropiedades.com\/site\/","name":"DOMUM PROPIEDADES","description":"Asesoramiento Inmobiliario","publisher":{"@id":"https:\/\/domumpropiedades.com\/site\/#organization"},"potentialAction":[{"@type":"SearchAction","target":{"@type":"EntryPoint","urlTemplate":"https:\/\/domumpropiedades.com\/site\/?s={search_term_string}"},"query-input":{"@type":"PropertyValueSpecification","valueRequired":true,"valueName":"search_term_string"}}],"inLanguage":"es-AR"},{"@type":"Organization","@id":"https:\/\/domumpropiedades.com\/site\/#organization","name":"DOMUM PROPIEDADES","url":"https:\/\/domumpropiedades.com\/site\/","logo":{"@type":"ImageObject","inLanguage":"es-AR","@id":"https:\/\/domumpropiedades.com\/site\/#\/schema\/logo\/image\/","url":"https:\/\/domumpropiedades.com\/site\/wp-content\/uploads\/2020\/07\/cropped-logo-final-e1596076802973.jpg","contentUrl":"https:\/\/domumpropiedades.com\/site\/wp-content\/uploads\/2020\/07\/cropped-logo-final-e1596076802973.jpg","width":379,"height":233,"caption":"DOMUM PROPIEDADES"},"image":{"@id":"https:\/\/domumpropiedades.com\/site\/#\/schema\/logo\/image\/"}}]}},"_links":{"self":[{"href":"https:\/\/domumpropiedades.com\/site\/wp-json\/wp\/v2\/product\/4352","targetHints":{"allow":["GET"]}}],"collection":[{"href":"https:\/\/domumpropiedades.com\/site\/wp-json\/wp\/v2\/product"}],"about":[{"href":"https:\/\/domumpropiedades.com\/site\/wp-json\/wp\/v2\/types\/product"}],"version-history":[{"count":12,"href":"https:\/\/domumpropiedades.com\/site\/wp-json\/wp\/v2\/product\/4352\/revisions"}],"predecessor-version":[{"id":7514,"href":"https:\/\/domumpropiedades.com\/site\/wp-json\/wp\/v2\/product\/4352\/revisions\/7514"}],"wp:featuredmedia":[{"embeddable":true,"href":"https:\/\/domumpropiedades.com\/site\/wp-json\/wp\/v2\/media\/4513"}],"wp:attachment":[{"href":"https:\/\/domumpropiedades.com\/site\/wp-json\/wp\/v2\/media?parent=4352"}],"wp:term":[{"taxonomy":"product_brand","embeddable":true,"href":"https:\/\/domumpropiedades.com\/site\/wp-json\/wp\/v2\/product_brand?post=4352"},{"taxonomy":"product_cat","embeddable":true,"href":"https:\/\/domumpropiedades.com\/site\/wp-json\/wp\/v2\/product_cat?post=4352"},{"taxonomy":"product_tag","embeddable":true,"href":"https:\/\/domumpropiedades.com\/site\/wp-json\/wp\/v2\/product_tag?post=4352"}],"curies":[{"name":"wp","href":"https:\/\/api.w.org\/{rel}","templated":true}]}}