{"id":1791,"date":"2020-09-14T17:22:45","date_gmt":"2020-09-14T20:22:45","guid":{"rendered":"https:\/\/domumpropiedades.com\/site\/?post_type=product&#038;p=1791"},"modified":"2021-05-23T01:38:31","modified_gmt":"2021-05-23T04:38:31","slug":"terreno-golf-5211m2","status":"publish","type":"product","link":"https:\/\/domumpropiedades.com\/site\/producto\/terreno-golf-5211m2\/","title":{"rendered":"Terreno a la Venta en Villa Serrana 5.211m2 || Ba\u00f1o de la India"},"content":{"rendered":"<p style=\"text-align: left;\">Precio de Vennta: USD 120.000<\/p>\n<p style=\"text-align: left;\">M\u00e1s informaci\u00f3n:+598 98431087<br \/>\ndomumpropiedades.uy@gmail.com || www.domumpropiedades.com<\/p>\n","protected":false},"excerpt":{"rendered":"<p style=\"text-align: left;\">Domum Propiedades Vende Interesante terreno en el poblado Golf\u00a0 de Villa Serrana, entre Ba\u00f1o de la India y Barrio Obrero, con hermosa vista y ca\u00f1ada que pasa por el terreno. Muy buena ubicaci\u00f3n. Salida a 2 calles. El terreno tiene \u00e1rbol nativo y muy linda vista.<\/p>\n","protected":false},"featured_media":1797,"template":"","meta":[],"product_brand":[],"product_cat":[39,135,138],"product_tag":[],"class_list":{"0":"post-1791","1":"product","2":"type-product","3":"status-publish","4":"has-post-thumbnail","6":"product_cat-propiedades","7":"product_cat-venta","8":"product_cat-villa-serrana-venta","10":"first","11":"instock","12":"shipping-taxable","13":"purchasable","14":"product-type-simple"},"yoast_head":"<!-- This site is optimized with the Yoast SEO plugin v27.4 - https:\/\/yoast.com\/product\/yoast-seo-wordpress\/ -->\n<title>Terreno a la Venta en Villa Serrana 5.211m2 || Ba\u00f1o de la India - DOMUM PROPIEDADES<\/title>\n<meta name=\"description\" content=\"Domum Propiedades Vende terreno en el poblado Golf\u00a0 de Villa Serrana, entre Ba\u00f1o de la India y Barrio Obrero, con hermosa vista y ca\u00f1ada.\" \/>\n<meta name=\"robots\" content=\"index, follow, max-snippet:-1, max-image-preview:large, max-video-preview:-1\" \/>\n<link rel=\"canonical\" href=\"https:\/\/domumpropiedades.com\/site\/producto\/terreno-golf-5211m2\/\" \/>\n<meta property=\"og:locale\" content=\"es_ES\" \/>\n<meta property=\"og:type\" content=\"article\" \/>\n<meta property=\"og:title\" content=\"Terreno a la Venta en Villa Serrana 5.211m2 || Ba\u00f1o de la India - DOMUM PROPIEDADES\" \/>\n<meta property=\"og:description\" content=\"Domum Propiedades Vende terreno en el poblado Golf\u00a0 de Villa Serrana, entre Ba\u00f1o de la India y Barrio Obrero, con hermosa vista y ca\u00f1ada.\" \/>\n<meta property=\"og:url\" content=\"https:\/\/domumpropiedades.com\/site\/producto\/terreno-golf-5211m2\/\" \/>\n<meta property=\"og:site_name\" content=\"DOMUM PROPIEDADES\" \/>\n<meta property=\"article:modified_time\" content=\"2021-05-23T04:38:31+00:00\" \/>\n<meta property=\"og:image\" content=\"https:\/\/domumpropiedades.com\/site\/wp-content\/uploads\/2020\/09\/ac5d7801-84b4-4e02-bf47-418bd2c2e9c4.jpg\" \/>\n\t<meta property=\"og:image:width\" content=\"1600\" \/>\n\t<meta property=\"og:image:height\" content=\"1201\" \/>\n\t<meta property=\"og:image:type\" content=\"image\/jpeg\" \/>\n<meta name=\"twitter:card\" content=\"summary_large_image\" \/>\n<script type=\"application\/ld+json\" class=\"yoast-schema-graph\">{\"@context\":\"https:\\\/\\\/schema.org\",\"@graph\":[{\"@type\":\"WebPage\",\"@id\":\"https:\\\/\\\/domumpropiedades.com\\\/site\\\/producto\\\/terreno-golf-5211m2\\\/\",\"url\":\"https:\\\/\\\/domumpropiedades.com\\\/site\\\/producto\\\/terreno-golf-5211m2\\\/\",\"name\":\"Terreno a la Venta en Villa Serrana 5.211m2 || Ba\u00f1o de la India - DOMUM PROPIEDADES\",\"isPartOf\":{\"@id\":\"https:\\\/\\\/domumpropiedades.com\\\/site\\\/#website\"},\"primaryImageOfPage\":{\"@id\":\"https:\\\/\\\/domumpropiedades.com\\\/site\\\/producto\\\/terreno-golf-5211m2\\\/#primaryimage\"},\"image\":{\"@id\":\"https:\\\/\\\/domumpropiedades.com\\\/site\\\/producto\\\/terreno-golf-5211m2\\\/#primaryimage\"},\"thumbnailUrl\":\"https:\\\/\\\/domumpropiedades.com\\\/site\\\/wp-content\\\/uploads\\\/2020\\\/09\\\/ac5d7801-84b4-4e02-bf47-418bd2c2e9c4.jpg\",\"datePublished\":\"2020-09-14T20:22:45+00:00\",\"dateModified\":\"2021-05-23T04:38:31+00:00\",\"description\":\"Domum Propiedades Vende terreno en el poblado Golf\u00a0 de Villa Serrana, entre Ba\u00f1o de la India y Barrio Obrero, con hermosa vista y ca\u00f1ada.\",\"breadcrumb\":{\"@id\":\"https:\\\/\\\/domumpropiedades.com\\\/site\\\/producto\\\/terreno-golf-5211m2\\\/#breadcrumb\"},\"inLanguage\":\"es-AR\",\"potentialAction\":[{\"@type\":\"ReadAction\",\"target\":[\"https:\\\/\\\/domumpropiedades.com\\\/site\\\/producto\\\/terreno-golf-5211m2\\\/\"]}]},{\"@type\":\"ImageObject\",\"inLanguage\":\"es-AR\",\"@id\":\"https:\\\/\\\/domumpropiedades.com\\\/site\\\/producto\\\/terreno-golf-5211m2\\\/#primaryimage\",\"url\":\"https:\\\/\\\/domumpropiedades.com\\\/site\\\/wp-content\\\/uploads\\\/2020\\\/09\\\/ac5d7801-84b4-4e02-bf47-418bd2c2e9c4.jpg\",\"contentUrl\":\"https:\\\/\\\/domumpropiedades.com\\\/site\\\/wp-content\\\/uploads\\\/2020\\\/09\\\/ac5d7801-84b4-4e02-bf47-418bd2c2e9c4.jpg\",\"width\":1600,\"height\":1201},{\"@type\":\"BreadcrumbList\",\"@id\":\"https:\\\/\\\/domumpropiedades.com\\\/site\\\/producto\\\/terreno-golf-5211m2\\\/#breadcrumb\",\"itemListElement\":[{\"@type\":\"ListItem\",\"position\":1,\"name\":\"Productos\",\"item\":\"https:\\\/\\\/domumpropiedades.com\\\/site\\\/shop\\\/\"},{\"@type\":\"ListItem\",\"position\":2,\"name\":\"Terreno a la Venta en Villa Serrana 5.211m2 || Ba\u00f1o de la India\"}]},{\"@type\":\"WebSite\",\"@id\":\"https:\\\/\\\/domumpropiedades.com\\\/site\\\/#website\",\"url\":\"https:\\\/\\\/domumpropiedades.com\\\/site\\\/\",\"name\":\"DOMUM PROPIEDADES\",\"description\":\"Asesoramiento Inmobiliario\",\"publisher\":{\"@id\":\"https:\\\/\\\/domumpropiedades.com\\\/site\\\/#organization\"},\"potentialAction\":[{\"@type\":\"SearchAction\",\"target\":{\"@type\":\"EntryPoint\",\"urlTemplate\":\"https:\\\/\\\/domumpropiedades.com\\\/site\\\/?s={search_term_string}\"},\"query-input\":{\"@type\":\"PropertyValueSpecification\",\"valueRequired\":true,\"valueName\":\"search_term_string\"}}],\"inLanguage\":\"es-AR\"},{\"@type\":\"Organization\",\"@id\":\"https:\\\/\\\/domumpropiedades.com\\\/site\\\/#organization\",\"name\":\"DOMUM PROPIEDADES\",\"url\":\"https:\\\/\\\/domumpropiedades.com\\\/site\\\/\",\"logo\":{\"@type\":\"ImageObject\",\"inLanguage\":\"es-AR\",\"@id\":\"https:\\\/\\\/domumpropiedades.com\\\/site\\\/#\\\/schema\\\/logo\\\/image\\\/\",\"url\":\"https:\\\/\\\/domumpropiedades.com\\\/site\\\/wp-content\\\/uploads\\\/2020\\\/07\\\/cropped-logo-final-e1596076802973.jpg\",\"contentUrl\":\"https:\\\/\\\/domumpropiedades.com\\\/site\\\/wp-content\\\/uploads\\\/2020\\\/07\\\/cropped-logo-final-e1596076802973.jpg\",\"width\":379,\"height\":233,\"caption\":\"DOMUM PROPIEDADES\"},\"image\":{\"@id\":\"https:\\\/\\\/domumpropiedades.com\\\/site\\\/#\\\/schema\\\/logo\\\/image\\\/\"}}]}<\/script>\n<!-- \/ Yoast SEO plugin. -->","yoast_head_json":{"title":"Terreno a la Venta en Villa Serrana 5.211m2 || Ba\u00f1o de la India - DOMUM PROPIEDADES","description":"Domum Propiedades Vende terreno en el poblado Golf\u00a0 de Villa Serrana, entre Ba\u00f1o de la India y Barrio Obrero, con hermosa vista y ca\u00f1ada.","robots":{"index":"index","follow":"follow","max-snippet":"max-snippet:-1","max-image-preview":"max-image-preview:large","max-video-preview":"max-video-preview:-1"},"canonical":"https:\/\/domumpropiedades.com\/site\/producto\/terreno-golf-5211m2\/","og_locale":"es_ES","og_type":"article","og_title":"Terreno a la Venta en Villa Serrana 5.211m2 || Ba\u00f1o de la India - DOMUM PROPIEDADES","og_description":"Domum Propiedades Vende terreno en el poblado Golf\u00a0 de Villa Serrana, entre Ba\u00f1o de la India y Barrio Obrero, con hermosa vista y ca\u00f1ada.","og_url":"https:\/\/domumpropiedades.com\/site\/producto\/terreno-golf-5211m2\/","og_site_name":"DOMUM PROPIEDADES","article_modified_time":"2021-05-23T04:38:31+00:00","og_image":[{"width":1600,"height":1201,"url":"https:\/\/domumpropiedades.com\/site\/wp-content\/uploads\/2020\/09\/ac5d7801-84b4-4e02-bf47-418bd2c2e9c4.jpg","type":"image\/jpeg"}],"twitter_card":"summary_large_image","schema":{"@context":"https:\/\/schema.org","@graph":[{"@type":"WebPage","@id":"https:\/\/domumpropiedades.com\/site\/producto\/terreno-golf-5211m2\/","url":"https:\/\/domumpropiedades.com\/site\/producto\/terreno-golf-5211m2\/","name":"Terreno a la Venta en Villa Serrana 5.211m2 || Ba\u00f1o de la India - DOMUM PROPIEDADES","isPartOf":{"@id":"https:\/\/domumpropiedades.com\/site\/#website"},"primaryImageOfPage":{"@id":"https:\/\/domumpropiedades.com\/site\/producto\/terreno-golf-5211m2\/#primaryimage"},"image":{"@id":"https:\/\/domumpropiedades.com\/site\/producto\/terreno-golf-5211m2\/#primaryimage"},"thumbnailUrl":"https:\/\/domumpropiedades.com\/site\/wp-content\/uploads\/2020\/09\/ac5d7801-84b4-4e02-bf47-418bd2c2e9c4.jpg","datePublished":"2020-09-14T20:22:45+00:00","dateModified":"2021-05-23T04:38:31+00:00","description":"Domum Propiedades Vende terreno en el poblado Golf\u00a0 de Villa Serrana, entre Ba\u00f1o de la India y Barrio Obrero, con hermosa vista y ca\u00f1ada.","breadcrumb":{"@id":"https:\/\/domumpropiedades.com\/site\/producto\/terreno-golf-5211m2\/#breadcrumb"},"inLanguage":"es-AR","potentialAction":[{"@type":"ReadAction","target":["https:\/\/domumpropiedades.com\/site\/producto\/terreno-golf-5211m2\/"]}]},{"@type":"ImageObject","inLanguage":"es-AR","@id":"https:\/\/domumpropiedades.com\/site\/producto\/terreno-golf-5211m2\/#primaryimage","url":"https:\/\/domumpropiedades.com\/site\/wp-content\/uploads\/2020\/09\/ac5d7801-84b4-4e02-bf47-418bd2c2e9c4.jpg","contentUrl":"https:\/\/domumpropiedades.com\/site\/wp-content\/uploads\/2020\/09\/ac5d7801-84b4-4e02-bf47-418bd2c2e9c4.jpg","width":1600,"height":1201},{"@type":"BreadcrumbList","@id":"https:\/\/domumpropiedades.com\/site\/producto\/terreno-golf-5211m2\/#breadcrumb","itemListElement":[{"@type":"ListItem","position":1,"name":"Productos","item":"https:\/\/domumpropiedades.com\/site\/shop\/"},{"@type":"ListItem","position":2,"name":"Terreno a la Venta en Villa Serrana 5.211m2 || Ba\u00f1o de la India"}]},{"@type":"WebSite","@id":"https:\/\/domumpropiedades.com\/site\/#website","url":"https:\/\/domumpropiedades.com\/site\/","name":"DOMUM PROPIEDADES","description":"Asesoramiento Inmobiliario","publisher":{"@id":"https:\/\/domumpropiedades.com\/site\/#organization"},"potentialAction":[{"@type":"SearchAction","target":{"@type":"EntryPoint","urlTemplate":"https:\/\/domumpropiedades.com\/site\/?s={search_term_string}"},"query-input":{"@type":"PropertyValueSpecification","valueRequired":true,"valueName":"search_term_string"}}],"inLanguage":"es-AR"},{"@type":"Organization","@id":"https:\/\/domumpropiedades.com\/site\/#organization","name":"DOMUM PROPIEDADES","url":"https:\/\/domumpropiedades.com\/site\/","logo":{"@type":"ImageObject","inLanguage":"es-AR","@id":"https:\/\/domumpropiedades.com\/site\/#\/schema\/logo\/image\/","url":"https:\/\/domumpropiedades.com\/site\/wp-content\/uploads\/2020\/07\/cropped-logo-final-e1596076802973.jpg","contentUrl":"https:\/\/domumpropiedades.com\/site\/wp-content\/uploads\/2020\/07\/cropped-logo-final-e1596076802973.jpg","width":379,"height":233,"caption":"DOMUM PROPIEDADES"},"image":{"@id":"https:\/\/domumpropiedades.com\/site\/#\/schema\/logo\/image\/"}}]}},"_links":{"self":[{"href":"https:\/\/domumpropiedades.com\/site\/wp-json\/wp\/v2\/product\/1791","targetHints":{"allow":["GET"]}}],"collection":[{"href":"https:\/\/domumpropiedades.com\/site\/wp-json\/wp\/v2\/product"}],"about":[{"href":"https:\/\/domumpropiedades.com\/site\/wp-json\/wp\/v2\/types\/product"}],"version-history":[{"count":5,"href":"https:\/\/domumpropiedades.com\/site\/wp-json\/wp\/v2\/product\/1791\/revisions"}],"predecessor-version":[{"id":4122,"href":"https:\/\/domumpropiedades.com\/site\/wp-json\/wp\/v2\/product\/1791\/revisions\/4122"}],"wp:featuredmedia":[{"embeddable":true,"href":"https:\/\/domumpropiedades.com\/site\/wp-json\/wp\/v2\/media\/1797"}],"wp:attachment":[{"href":"https:\/\/domumpropiedades.com\/site\/wp-json\/wp\/v2\/media?parent=1791"}],"wp:term":[{"taxonomy":"product_brand","embeddable":true,"href":"https:\/\/domumpropiedades.com\/site\/wp-json\/wp\/v2\/product_brand?post=1791"},{"taxonomy":"product_cat","embeddable":true,"href":"https:\/\/domumpropiedades.com\/site\/wp-json\/wp\/v2\/product_cat?post=1791"},{"taxonomy":"product_tag","embeddable":true,"href":"https:\/\/domumpropiedades.com\/site\/wp-json\/wp\/v2\/product_tag?post=1791"}],"curies":[{"name":"wp","href":"https:\/\/api.w.org\/{rel}","templated":true}]}}