{"id":14982,"date":"2025-10-27T10:03:25","date_gmt":"2025-10-27T13:03:25","guid":{"rendered":"https:\/\/domumpropiedades.com\/site\/?post_type=product&#038;p=14982"},"modified":"2025-10-27T12:35:49","modified_gmt":"2025-10-27T15:35:49","slug":"casona-villa-serrana","status":"publish","type":"product","link":"https:\/\/domumpropiedades.com\/site\/producto\/casona-villa-serrana\/","title":{"rendered":"Casa a la Venta en Exclusiva Ubicacion de Villa Serrana || zona Represa Gastronomia Hoteleria"},"content":{"rendered":"<p>Precio de Venta: USD 380.000 (3 padrones)<\/p>\n<p>Mas informaci\u00f3n: +598 98431087<br \/>\nwww.domumpropiedades.com || domumpropiedades.uy@gmail.com<\/p>\n","protected":false},"excerpt":{"rendered":"<p>Domum Propiedades vende casa en exclusiva ubicaci\u00f3n en el coraz\u00f3n de Villa Serrana, frente al parque de la Represa. La casona puede utilizarse para vivienda, o para emprendimiento comercial de Gastronom\u00eda u Hoteler\u00eda.<\/p>\n<p>La casona es de 2 pisos y cuenta con 4 dormitorios (todos con ba\u00f1o privado -2 de ellos en suite), amplio living comedor con estufa a le\u00f1a de piedra, balc\u00f3n, terraza, parrillero exterior, amplio terreno con vista y vegetaci\u00f3n aut\u00f3ctona, terreno cercado. Con entrada independiente, cuenta con 1 apartamento con 1 dormitorios y ba\u00f1o, en planta baja en bungalow.<\/p>\n","protected":false},"featured_media":15076,"template":"","meta":[],"product_brand":[],"product_cat":[39,135,138],"product_tag":[],"class_list":{"0":"post-14982","1":"product","2":"type-product","3":"status-publish","4":"has-post-thumbnail","6":"product_cat-propiedades","7":"product_cat-venta","8":"product_cat-villa-serrana-venta","10":"first","11":"instock","12":"shipping-taxable","13":"purchasable","14":"product-type-simple"},"yoast_head":"<!-- This site is optimized with the Yoast SEO plugin v27.4 - https:\/\/yoast.com\/product\/yoast-seo-wordpress\/ -->\n<title>Casa a la Venta en Exclusiva Ubicacion de Villa Serrana || zona Represa Gastronomia Hoteleria - DOMUM PROPIEDADES<\/title>\n<meta name=\"robots\" content=\"index, follow, max-snippet:-1, max-image-preview:large, max-video-preview:-1\" \/>\n<link rel=\"canonical\" href=\"https:\/\/domumpropiedades.com\/site\/producto\/casona-villa-serrana\/\" \/>\n<meta property=\"og:locale\" content=\"es_ES\" \/>\n<meta property=\"og:type\" content=\"article\" \/>\n<meta property=\"og:title\" content=\"Casa a la Venta en Exclusiva Ubicacion de Villa Serrana || zona Represa Gastronomia Hoteleria - DOMUM PROPIEDADES\" \/>\n<meta property=\"og:description\" content=\"Domum Propiedades vende casa en exclusiva ubicaci\u00f3n en el coraz\u00f3n de Villa Serrana, frente al parque de la Represa. La casona puede utilizarse para vivienda, o para emprendimiento comercial de Gastronom\u00eda u Hoteler\u00eda.  La casona es de 2 pisos y cuenta con 4 dormitorios (todos con ba\u00f1o privado -2 de ellos en suite), amplio living comedor con estufa a le\u00f1a de piedra, balc\u00f3n, terraza, parrillero exterior, amplio terreno con vista y vegetaci\u00f3n aut\u00f3ctona, terreno cercado. Con entrada independiente, cuenta con 1 apartamento con 1 dormitorios y ba\u00f1o, en planta baja en bungalow.\" \/>\n<meta property=\"og:url\" content=\"https:\/\/domumpropiedades.com\/site\/producto\/casona-villa-serrana\/\" \/>\n<meta property=\"og:site_name\" content=\"DOMUM PROPIEDADES\" \/>\n<meta property=\"article:modified_time\" content=\"2025-10-27T15:35:49+00:00\" \/>\n<meta property=\"og:image\" content=\"https:\/\/domumpropiedades.com\/site\/wp-content\/uploads\/2025\/10\/01.jpeg\" \/>\n\t<meta property=\"og:image:width\" content=\"1600\" \/>\n\t<meta property=\"og:image:height\" content=\"1200\" \/>\n\t<meta property=\"og:image:type\" content=\"image\/jpeg\" \/>\n<meta name=\"twitter:card\" content=\"summary_large_image\" \/>\n<meta name=\"twitter:label1\" content=\"Tiempo de lectura\" \/>\n\t<meta name=\"twitter:data1\" content=\"1 minuto\" \/>\n<script type=\"application\/ld+json\" class=\"yoast-schema-graph\">{\"@context\":\"https:\\\/\\\/schema.org\",\"@graph\":[{\"@type\":\"WebPage\",\"@id\":\"https:\\\/\\\/domumpropiedades.com\\\/site\\\/producto\\\/casona-villa-serrana\\\/\",\"url\":\"https:\\\/\\\/domumpropiedades.com\\\/site\\\/producto\\\/casona-villa-serrana\\\/\",\"name\":\"Casa a la Venta en Exclusiva Ubicacion de Villa Serrana || zona Represa Gastronomia Hoteleria - DOMUM PROPIEDADES\",\"isPartOf\":{\"@id\":\"https:\\\/\\\/domumpropiedades.com\\\/site\\\/#website\"},\"primaryImageOfPage\":{\"@id\":\"https:\\\/\\\/domumpropiedades.com\\\/site\\\/producto\\\/casona-villa-serrana\\\/#primaryimage\"},\"image\":{\"@id\":\"https:\\\/\\\/domumpropiedades.com\\\/site\\\/producto\\\/casona-villa-serrana\\\/#primaryimage\"},\"thumbnailUrl\":\"https:\\\/\\\/domumpropiedades.com\\\/site\\\/wp-content\\\/uploads\\\/2025\\\/10\\\/01.jpeg\",\"datePublished\":\"2025-10-27T13:03:25+00:00\",\"dateModified\":\"2025-10-27T15:35:49+00:00\",\"breadcrumb\":{\"@id\":\"https:\\\/\\\/domumpropiedades.com\\\/site\\\/producto\\\/casona-villa-serrana\\\/#breadcrumb\"},\"inLanguage\":\"es-AR\",\"potentialAction\":[{\"@type\":\"ReadAction\",\"target\":[\"https:\\\/\\\/domumpropiedades.com\\\/site\\\/producto\\\/casona-villa-serrana\\\/\"]}]},{\"@type\":\"ImageObject\",\"inLanguage\":\"es-AR\",\"@id\":\"https:\\\/\\\/domumpropiedades.com\\\/site\\\/producto\\\/casona-villa-serrana\\\/#primaryimage\",\"url\":\"https:\\\/\\\/domumpropiedades.com\\\/site\\\/wp-content\\\/uploads\\\/2025\\\/10\\\/01.jpeg\",\"contentUrl\":\"https:\\\/\\\/domumpropiedades.com\\\/site\\\/wp-content\\\/uploads\\\/2025\\\/10\\\/01.jpeg\",\"width\":1600,\"height\":1200},{\"@type\":\"BreadcrumbList\",\"@id\":\"https:\\\/\\\/domumpropiedades.com\\\/site\\\/producto\\\/casona-villa-serrana\\\/#breadcrumb\",\"itemListElement\":[{\"@type\":\"ListItem\",\"position\":1,\"name\":\"Productos\",\"item\":\"https:\\\/\\\/domumpropiedades.com\\\/site\\\/shop\\\/\"},{\"@type\":\"ListItem\",\"position\":2,\"name\":\"Casa a la Venta en Exclusiva Ubicacion de Villa Serrana || zona Represa Gastronomia Hoteleria\"}]},{\"@type\":\"WebSite\",\"@id\":\"https:\\\/\\\/domumpropiedades.com\\\/site\\\/#website\",\"url\":\"https:\\\/\\\/domumpropiedades.com\\\/site\\\/\",\"name\":\"DOMUM PROPIEDADES\",\"description\":\"Asesoramiento Inmobiliario\",\"publisher\":{\"@id\":\"https:\\\/\\\/domumpropiedades.com\\\/site\\\/#organization\"},\"potentialAction\":[{\"@type\":\"SearchAction\",\"target\":{\"@type\":\"EntryPoint\",\"urlTemplate\":\"https:\\\/\\\/domumpropiedades.com\\\/site\\\/?s={search_term_string}\"},\"query-input\":{\"@type\":\"PropertyValueSpecification\",\"valueRequired\":true,\"valueName\":\"search_term_string\"}}],\"inLanguage\":\"es-AR\"},{\"@type\":\"Organization\",\"@id\":\"https:\\\/\\\/domumpropiedades.com\\\/site\\\/#organization\",\"name\":\"DOMUM PROPIEDADES\",\"url\":\"https:\\\/\\\/domumpropiedades.com\\\/site\\\/\",\"logo\":{\"@type\":\"ImageObject\",\"inLanguage\":\"es-AR\",\"@id\":\"https:\\\/\\\/domumpropiedades.com\\\/site\\\/#\\\/schema\\\/logo\\\/image\\\/\",\"url\":\"https:\\\/\\\/domumpropiedades.com\\\/site\\\/wp-content\\\/uploads\\\/2020\\\/07\\\/cropped-logo-final-e1596076802973.jpg\",\"contentUrl\":\"https:\\\/\\\/domumpropiedades.com\\\/site\\\/wp-content\\\/uploads\\\/2020\\\/07\\\/cropped-logo-final-e1596076802973.jpg\",\"width\":379,\"height\":233,\"caption\":\"DOMUM PROPIEDADES\"},\"image\":{\"@id\":\"https:\\\/\\\/domumpropiedades.com\\\/site\\\/#\\\/schema\\\/logo\\\/image\\\/\"}}]}<\/script>\n<!-- \/ Yoast SEO plugin. -->","yoast_head_json":{"title":"Casa a la Venta en Exclusiva Ubicacion de Villa Serrana || zona Represa Gastronomia Hoteleria - DOMUM PROPIEDADES","robots":{"index":"index","follow":"follow","max-snippet":"max-snippet:-1","max-image-preview":"max-image-preview:large","max-video-preview":"max-video-preview:-1"},"canonical":"https:\/\/domumpropiedades.com\/site\/producto\/casona-villa-serrana\/","og_locale":"es_ES","og_type":"article","og_title":"Casa a la Venta en Exclusiva Ubicacion de Villa Serrana || zona Represa Gastronomia Hoteleria - DOMUM PROPIEDADES","og_description":"Domum Propiedades vende casa en exclusiva ubicaci\u00f3n en el coraz\u00f3n de Villa Serrana, frente al parque de la Represa. La casona puede utilizarse para vivienda, o para emprendimiento comercial de Gastronom\u00eda u Hoteler\u00eda.  La casona es de 2 pisos y cuenta con 4 dormitorios (todos con ba\u00f1o privado -2 de ellos en suite), amplio living comedor con estufa a le\u00f1a de piedra, balc\u00f3n, terraza, parrillero exterior, amplio terreno con vista y vegetaci\u00f3n aut\u00f3ctona, terreno cercado. Con entrada independiente, cuenta con 1 apartamento con 1 dormitorios y ba\u00f1o, en planta baja en bungalow.","og_url":"https:\/\/domumpropiedades.com\/site\/producto\/casona-villa-serrana\/","og_site_name":"DOMUM PROPIEDADES","article_modified_time":"2025-10-27T15:35:49+00:00","og_image":[{"width":1600,"height":1200,"url":"https:\/\/domumpropiedades.com\/site\/wp-content\/uploads\/2025\/10\/01.jpeg","type":"image\/jpeg"}],"twitter_card":"summary_large_image","twitter_misc":{"Tiempo de lectura":"1 minuto"},"schema":{"@context":"https:\/\/schema.org","@graph":[{"@type":"WebPage","@id":"https:\/\/domumpropiedades.com\/site\/producto\/casona-villa-serrana\/","url":"https:\/\/domumpropiedades.com\/site\/producto\/casona-villa-serrana\/","name":"Casa a la Venta en Exclusiva Ubicacion de Villa Serrana || zona Represa Gastronomia Hoteleria - DOMUM PROPIEDADES","isPartOf":{"@id":"https:\/\/domumpropiedades.com\/site\/#website"},"primaryImageOfPage":{"@id":"https:\/\/domumpropiedades.com\/site\/producto\/casona-villa-serrana\/#primaryimage"},"image":{"@id":"https:\/\/domumpropiedades.com\/site\/producto\/casona-villa-serrana\/#primaryimage"},"thumbnailUrl":"https:\/\/domumpropiedades.com\/site\/wp-content\/uploads\/2025\/10\/01.jpeg","datePublished":"2025-10-27T13:03:25+00:00","dateModified":"2025-10-27T15:35:49+00:00","breadcrumb":{"@id":"https:\/\/domumpropiedades.com\/site\/producto\/casona-villa-serrana\/#breadcrumb"},"inLanguage":"es-AR","potentialAction":[{"@type":"ReadAction","target":["https:\/\/domumpropiedades.com\/site\/producto\/casona-villa-serrana\/"]}]},{"@type":"ImageObject","inLanguage":"es-AR","@id":"https:\/\/domumpropiedades.com\/site\/producto\/casona-villa-serrana\/#primaryimage","url":"https:\/\/domumpropiedades.com\/site\/wp-content\/uploads\/2025\/10\/01.jpeg","contentUrl":"https:\/\/domumpropiedades.com\/site\/wp-content\/uploads\/2025\/10\/01.jpeg","width":1600,"height":1200},{"@type":"BreadcrumbList","@id":"https:\/\/domumpropiedades.com\/site\/producto\/casona-villa-serrana\/#breadcrumb","itemListElement":[{"@type":"ListItem","position":1,"name":"Productos","item":"https:\/\/domumpropiedades.com\/site\/shop\/"},{"@type":"ListItem","position":2,"name":"Casa a la Venta en Exclusiva Ubicacion de Villa Serrana || zona Represa Gastronomia Hoteleria"}]},{"@type":"WebSite","@id":"https:\/\/domumpropiedades.com\/site\/#website","url":"https:\/\/domumpropiedades.com\/site\/","name":"DOMUM PROPIEDADES","description":"Asesoramiento Inmobiliario","publisher":{"@id":"https:\/\/domumpropiedades.com\/site\/#organization"},"potentialAction":[{"@type":"SearchAction","target":{"@type":"EntryPoint","urlTemplate":"https:\/\/domumpropiedades.com\/site\/?s={search_term_string}"},"query-input":{"@type":"PropertyValueSpecification","valueRequired":true,"valueName":"search_term_string"}}],"inLanguage":"es-AR"},{"@type":"Organization","@id":"https:\/\/domumpropiedades.com\/site\/#organization","name":"DOMUM PROPIEDADES","url":"https:\/\/domumpropiedades.com\/site\/","logo":{"@type":"ImageObject","inLanguage":"es-AR","@id":"https:\/\/domumpropiedades.com\/site\/#\/schema\/logo\/image\/","url":"https:\/\/domumpropiedades.com\/site\/wp-content\/uploads\/2020\/07\/cropped-logo-final-e1596076802973.jpg","contentUrl":"https:\/\/domumpropiedades.com\/site\/wp-content\/uploads\/2020\/07\/cropped-logo-final-e1596076802973.jpg","width":379,"height":233,"caption":"DOMUM PROPIEDADES"},"image":{"@id":"https:\/\/domumpropiedades.com\/site\/#\/schema\/logo\/image\/"}}]}},"_links":{"self":[{"href":"https:\/\/domumpropiedades.com\/site\/wp-json\/wp\/v2\/product\/14982","targetHints":{"allow":["GET"]}}],"collection":[{"href":"https:\/\/domumpropiedades.com\/site\/wp-json\/wp\/v2\/product"}],"about":[{"href":"https:\/\/domumpropiedades.com\/site\/wp-json\/wp\/v2\/types\/product"}],"version-history":[{"count":3,"href":"https:\/\/domumpropiedades.com\/site\/wp-json\/wp\/v2\/product\/14982\/revisions"}],"predecessor-version":[{"id":15103,"href":"https:\/\/domumpropiedades.com\/site\/wp-json\/wp\/v2\/product\/14982\/revisions\/15103"}],"wp:featuredmedia":[{"embeddable":true,"href":"https:\/\/domumpropiedades.com\/site\/wp-json\/wp\/v2\/media\/15076"}],"wp:attachment":[{"href":"https:\/\/domumpropiedades.com\/site\/wp-json\/wp\/v2\/media?parent=14982"}],"wp:term":[{"taxonomy":"product_brand","embeddable":true,"href":"https:\/\/domumpropiedades.com\/site\/wp-json\/wp\/v2\/product_brand?post=14982"},{"taxonomy":"product_cat","embeddable":true,"href":"https:\/\/domumpropiedades.com\/site\/wp-json\/wp\/v2\/product_cat?post=14982"},{"taxonomy":"product_tag","embeddable":true,"href":"https:\/\/domumpropiedades.com\/site\/wp-json\/wp\/v2\/product_tag?post=14982"}],"curies":[{"name":"wp","href":"https:\/\/api.w.org\/{rel}","templated":true}]}}