{"id":13847,"date":"2025-02-02T10:44:25","date_gmt":"2025-02-02T13:44:25","guid":{"rendered":"https:\/\/domumpropiedades.com\/site\/?post_type=product&#038;p=13847"},"modified":"2025-02-02T11:07:12","modified_gmt":"2025-02-02T14:07:12","slug":"atlantica-terreno","status":"publish","type":"product","link":"https:\/\/domumpropiedades.com\/site\/producto\/atlantica-terreno\/","title":{"rendered":"Terreno en Atl\u00e1ntica Rocha a la Venta || Naturaleza y Playa 2.010m2"},"content":{"rendered":"<p>Precio de Venta: USD 50.000<\/p>\n<p>Mas informaci\u00f3n: +59898431087<br \/>\nwww.domumpropiedades.com || domumpropiedadesuy@gmail.com<\/p>\n","protected":false},"excerpt":{"rendered":"<p>Domum Propiedades vende padr\u00f3n con 6 solares en Balneario Atl\u00e1ntica, del Departamento de Rocha, entre La Pedrera y Cabo Polonio. Un lugar \u00fanico, con vegetaci\u00f3n, caballos sueltos, hermosa playa y vista. El terreno tiene triple frente, se encuentra a pocos minutos caminando hasta la playa. Zona exclusiva. Oportunidad de inversi\u00f3n.<\/p>\n","protected":false},"featured_media":13851,"template":"","meta":[],"product_brand":[],"product_cat":[39,148,135],"product_tag":[],"class_list":{"0":"post-13847","1":"product","2":"type-product","3":"status-publish","4":"has-post-thumbnail","6":"product_cat-propiedades","7":"product_cat-rocha-venta","8":"product_cat-venta","10":"first","11":"instock","12":"shipping-taxable","13":"purchasable","14":"product-type-simple"},"yoast_head":"<!-- This site is optimized with the Yoast SEO plugin v27.4 - https:\/\/yoast.com\/product\/yoast-seo-wordpress\/ -->\n<title>Terreno en Atl\u00e1ntica Rocha a la Venta || Naturaleza y Playa 2.010m2 - DOMUM PROPIEDADES<\/title>\n<meta name=\"robots\" content=\"index, follow, max-snippet:-1, max-image-preview:large, max-video-preview:-1\" \/>\n<link rel=\"canonical\" href=\"https:\/\/domumpropiedades.com\/site\/producto\/atlantica-terreno\/\" \/>\n<meta property=\"og:locale\" content=\"es_ES\" \/>\n<meta property=\"og:type\" content=\"article\" \/>\n<meta property=\"og:title\" content=\"Terreno en Atl\u00e1ntica Rocha a la Venta || Naturaleza y Playa 2.010m2 - DOMUM PROPIEDADES\" \/>\n<meta property=\"og:description\" content=\"Domum Propiedades vende padr\u00f3n con 6 solares en Balneario Atl\u00e1ntica, del Departamento de Rocha, entre La Pedrera y Cabo Polonio. Un lugar \u00fanico, con vegetaci\u00f3n, caballos sueltos, hermosa playa y vista. El terreno tiene triple frente, se encuentra a pocos minutos caminando hasta la playa. Zona exclusiva. Oportunidad de inversi\u00f3n.\" \/>\n<meta property=\"og:url\" content=\"https:\/\/domumpropiedades.com\/site\/producto\/atlantica-terreno\/\" \/>\n<meta property=\"og:site_name\" content=\"DOMUM PROPIEDADES\" \/>\n<meta property=\"article:modified_time\" content=\"2025-02-02T14:07:12+00:00\" \/>\n<meta property=\"og:image\" content=\"https:\/\/domumpropiedades.com\/site\/wp-content\/uploads\/2025\/02\/Captura-de-Pantalla-2025-01-29-a-las-17.21.57-1024x611.png\" \/>\n\t<meta property=\"og:image:width\" content=\"1024\" \/>\n\t<meta property=\"og:image:height\" content=\"611\" \/>\n\t<meta property=\"og:image:type\" content=\"image\/png\" \/>\n<meta name=\"twitter:card\" content=\"summary_large_image\" \/>\n<meta name=\"twitter:label1\" content=\"Tiempo de lectura\" \/>\n\t<meta name=\"twitter:data1\" content=\"1 minuto\" \/>\n<script type=\"application\/ld+json\" class=\"yoast-schema-graph\">{\"@context\":\"https:\\\/\\\/schema.org\",\"@graph\":[{\"@type\":\"WebPage\",\"@id\":\"https:\\\/\\\/domumpropiedades.com\\\/site\\\/producto\\\/atlantica-terreno\\\/\",\"url\":\"https:\\\/\\\/domumpropiedades.com\\\/site\\\/producto\\\/atlantica-terreno\\\/\",\"name\":\"Terreno en Atl\u00e1ntica Rocha a la Venta || Naturaleza y Playa 2.010m2 - DOMUM PROPIEDADES\",\"isPartOf\":{\"@id\":\"https:\\\/\\\/domumpropiedades.com\\\/site\\\/#website\"},\"primaryImageOfPage\":{\"@id\":\"https:\\\/\\\/domumpropiedades.com\\\/site\\\/producto\\\/atlantica-terreno\\\/#primaryimage\"},\"image\":{\"@id\":\"https:\\\/\\\/domumpropiedades.com\\\/site\\\/producto\\\/atlantica-terreno\\\/#primaryimage\"},\"thumbnailUrl\":\"https:\\\/\\\/domumpropiedades.com\\\/site\\\/wp-content\\\/uploads\\\/2025\\\/02\\\/Captura-de-Pantalla-2025-01-29-a-las-17.21.57.png\",\"datePublished\":\"2025-02-02T13:44:25+00:00\",\"dateModified\":\"2025-02-02T14:07:12+00:00\",\"breadcrumb\":{\"@id\":\"https:\\\/\\\/domumpropiedades.com\\\/site\\\/producto\\\/atlantica-terreno\\\/#breadcrumb\"},\"inLanguage\":\"es-AR\",\"potentialAction\":[{\"@type\":\"ReadAction\",\"target\":[\"https:\\\/\\\/domumpropiedades.com\\\/site\\\/producto\\\/atlantica-terreno\\\/\"]}]},{\"@type\":\"ImageObject\",\"inLanguage\":\"es-AR\",\"@id\":\"https:\\\/\\\/domumpropiedades.com\\\/site\\\/producto\\\/atlantica-terreno\\\/#primaryimage\",\"url\":\"https:\\\/\\\/domumpropiedades.com\\\/site\\\/wp-content\\\/uploads\\\/2025\\\/02\\\/Captura-de-Pantalla-2025-01-29-a-las-17.21.57.png\",\"contentUrl\":\"https:\\\/\\\/domumpropiedades.com\\\/site\\\/wp-content\\\/uploads\\\/2025\\\/02\\\/Captura-de-Pantalla-2025-01-29-a-las-17.21.57.png\",\"width\":1780,\"height\":1062},{\"@type\":\"BreadcrumbList\",\"@id\":\"https:\\\/\\\/domumpropiedades.com\\\/site\\\/producto\\\/atlantica-terreno\\\/#breadcrumb\",\"itemListElement\":[{\"@type\":\"ListItem\",\"position\":1,\"name\":\"Productos\",\"item\":\"https:\\\/\\\/domumpropiedades.com\\\/site\\\/shop\\\/\"},{\"@type\":\"ListItem\",\"position\":2,\"name\":\"Terreno en Atl\u00e1ntica Rocha a la Venta || Naturaleza y Playa 2.010m2\"}]},{\"@type\":\"WebSite\",\"@id\":\"https:\\\/\\\/domumpropiedades.com\\\/site\\\/#website\",\"url\":\"https:\\\/\\\/domumpropiedades.com\\\/site\\\/\",\"name\":\"DOMUM PROPIEDADES\",\"description\":\"Asesoramiento Inmobiliario\",\"publisher\":{\"@id\":\"https:\\\/\\\/domumpropiedades.com\\\/site\\\/#organization\"},\"potentialAction\":[{\"@type\":\"SearchAction\",\"target\":{\"@type\":\"EntryPoint\",\"urlTemplate\":\"https:\\\/\\\/domumpropiedades.com\\\/site\\\/?s={search_term_string}\"},\"query-input\":{\"@type\":\"PropertyValueSpecification\",\"valueRequired\":true,\"valueName\":\"search_term_string\"}}],\"inLanguage\":\"es-AR\"},{\"@type\":\"Organization\",\"@id\":\"https:\\\/\\\/domumpropiedades.com\\\/site\\\/#organization\",\"name\":\"DOMUM PROPIEDADES\",\"url\":\"https:\\\/\\\/domumpropiedades.com\\\/site\\\/\",\"logo\":{\"@type\":\"ImageObject\",\"inLanguage\":\"es-AR\",\"@id\":\"https:\\\/\\\/domumpropiedades.com\\\/site\\\/#\\\/schema\\\/logo\\\/image\\\/\",\"url\":\"https:\\\/\\\/domumpropiedades.com\\\/site\\\/wp-content\\\/uploads\\\/2020\\\/07\\\/cropped-logo-final-e1596076802973.jpg\",\"contentUrl\":\"https:\\\/\\\/domumpropiedades.com\\\/site\\\/wp-content\\\/uploads\\\/2020\\\/07\\\/cropped-logo-final-e1596076802973.jpg\",\"width\":379,\"height\":233,\"caption\":\"DOMUM PROPIEDADES\"},\"image\":{\"@id\":\"https:\\\/\\\/domumpropiedades.com\\\/site\\\/#\\\/schema\\\/logo\\\/image\\\/\"}}]}<\/script>\n<!-- \/ Yoast SEO plugin. -->","yoast_head_json":{"title":"Terreno en Atl\u00e1ntica Rocha a la Venta || Naturaleza y Playa 2.010m2 - DOMUM PROPIEDADES","robots":{"index":"index","follow":"follow","max-snippet":"max-snippet:-1","max-image-preview":"max-image-preview:large","max-video-preview":"max-video-preview:-1"},"canonical":"https:\/\/domumpropiedades.com\/site\/producto\/atlantica-terreno\/","og_locale":"es_ES","og_type":"article","og_title":"Terreno en Atl\u00e1ntica Rocha a la Venta || Naturaleza y Playa 2.010m2 - DOMUM PROPIEDADES","og_description":"Domum Propiedades vende padr\u00f3n con 6 solares en Balneario Atl\u00e1ntica, del Departamento de Rocha, entre La Pedrera y Cabo Polonio. Un lugar \u00fanico, con vegetaci\u00f3n, caballos sueltos, hermosa playa y vista. El terreno tiene triple frente, se encuentra a pocos minutos caminando hasta la playa. Zona exclusiva. Oportunidad de inversi\u00f3n.","og_url":"https:\/\/domumpropiedades.com\/site\/producto\/atlantica-terreno\/","og_site_name":"DOMUM PROPIEDADES","article_modified_time":"2025-02-02T14:07:12+00:00","og_image":[{"width":1024,"height":611,"url":"https:\/\/domumpropiedades.com\/site\/wp-content\/uploads\/2025\/02\/Captura-de-Pantalla-2025-01-29-a-las-17.21.57-1024x611.png","type":"image\/png"}],"twitter_card":"summary_large_image","twitter_misc":{"Tiempo de lectura":"1 minuto"},"schema":{"@context":"https:\/\/schema.org","@graph":[{"@type":"WebPage","@id":"https:\/\/domumpropiedades.com\/site\/producto\/atlantica-terreno\/","url":"https:\/\/domumpropiedades.com\/site\/producto\/atlantica-terreno\/","name":"Terreno en Atl\u00e1ntica Rocha a la Venta || Naturaleza y Playa 2.010m2 - DOMUM PROPIEDADES","isPartOf":{"@id":"https:\/\/domumpropiedades.com\/site\/#website"},"primaryImageOfPage":{"@id":"https:\/\/domumpropiedades.com\/site\/producto\/atlantica-terreno\/#primaryimage"},"image":{"@id":"https:\/\/domumpropiedades.com\/site\/producto\/atlantica-terreno\/#primaryimage"},"thumbnailUrl":"https:\/\/domumpropiedades.com\/site\/wp-content\/uploads\/2025\/02\/Captura-de-Pantalla-2025-01-29-a-las-17.21.57.png","datePublished":"2025-02-02T13:44:25+00:00","dateModified":"2025-02-02T14:07:12+00:00","breadcrumb":{"@id":"https:\/\/domumpropiedades.com\/site\/producto\/atlantica-terreno\/#breadcrumb"},"inLanguage":"es-AR","potentialAction":[{"@type":"ReadAction","target":["https:\/\/domumpropiedades.com\/site\/producto\/atlantica-terreno\/"]}]},{"@type":"ImageObject","inLanguage":"es-AR","@id":"https:\/\/domumpropiedades.com\/site\/producto\/atlantica-terreno\/#primaryimage","url":"https:\/\/domumpropiedades.com\/site\/wp-content\/uploads\/2025\/02\/Captura-de-Pantalla-2025-01-29-a-las-17.21.57.png","contentUrl":"https:\/\/domumpropiedades.com\/site\/wp-content\/uploads\/2025\/02\/Captura-de-Pantalla-2025-01-29-a-las-17.21.57.png","width":1780,"height":1062},{"@type":"BreadcrumbList","@id":"https:\/\/domumpropiedades.com\/site\/producto\/atlantica-terreno\/#breadcrumb","itemListElement":[{"@type":"ListItem","position":1,"name":"Productos","item":"https:\/\/domumpropiedades.com\/site\/shop\/"},{"@type":"ListItem","position":2,"name":"Terreno en Atl\u00e1ntica Rocha a la Venta || Naturaleza y Playa 2.010m2"}]},{"@type":"WebSite","@id":"https:\/\/domumpropiedades.com\/site\/#website","url":"https:\/\/domumpropiedades.com\/site\/","name":"DOMUM PROPIEDADES","description":"Asesoramiento Inmobiliario","publisher":{"@id":"https:\/\/domumpropiedades.com\/site\/#organization"},"potentialAction":[{"@type":"SearchAction","target":{"@type":"EntryPoint","urlTemplate":"https:\/\/domumpropiedades.com\/site\/?s={search_term_string}"},"query-input":{"@type":"PropertyValueSpecification","valueRequired":true,"valueName":"search_term_string"}}],"inLanguage":"es-AR"},{"@type":"Organization","@id":"https:\/\/domumpropiedades.com\/site\/#organization","name":"DOMUM PROPIEDADES","url":"https:\/\/domumpropiedades.com\/site\/","logo":{"@type":"ImageObject","inLanguage":"es-AR","@id":"https:\/\/domumpropiedades.com\/site\/#\/schema\/logo\/image\/","url":"https:\/\/domumpropiedades.com\/site\/wp-content\/uploads\/2020\/07\/cropped-logo-final-e1596076802973.jpg","contentUrl":"https:\/\/domumpropiedades.com\/site\/wp-content\/uploads\/2020\/07\/cropped-logo-final-e1596076802973.jpg","width":379,"height":233,"caption":"DOMUM PROPIEDADES"},"image":{"@id":"https:\/\/domumpropiedades.com\/site\/#\/schema\/logo\/image\/"}}]}},"_links":{"self":[{"href":"https:\/\/domumpropiedades.com\/site\/wp-json\/wp\/v2\/product\/13847","targetHints":{"allow":["GET"]}}],"collection":[{"href":"https:\/\/domumpropiedades.com\/site\/wp-json\/wp\/v2\/product"}],"about":[{"href":"https:\/\/domumpropiedades.com\/site\/wp-json\/wp\/v2\/types\/product"}],"version-history":[{"count":3,"href":"https:\/\/domumpropiedades.com\/site\/wp-json\/wp\/v2\/product\/13847\/revisions"}],"predecessor-version":[{"id":13866,"href":"https:\/\/domumpropiedades.com\/site\/wp-json\/wp\/v2\/product\/13847\/revisions\/13866"}],"wp:featuredmedia":[{"embeddable":true,"href":"https:\/\/domumpropiedades.com\/site\/wp-json\/wp\/v2\/media\/13851"}],"wp:attachment":[{"href":"https:\/\/domumpropiedades.com\/site\/wp-json\/wp\/v2\/media?parent=13847"}],"wp:term":[{"taxonomy":"product_brand","embeddable":true,"href":"https:\/\/domumpropiedades.com\/site\/wp-json\/wp\/v2\/product_brand?post=13847"},{"taxonomy":"product_cat","embeddable":true,"href":"https:\/\/domumpropiedades.com\/site\/wp-json\/wp\/v2\/product_cat?post=13847"},{"taxonomy":"product_tag","embeddable":true,"href":"https:\/\/domumpropiedades.com\/site\/wp-json\/wp\/v2\/product_tag?post=13847"}],"curies":[{"name":"wp","href":"https:\/\/api.w.org\/{rel}","templated":true}]}}