{"id":13383,"date":"2024-11-11T13:02:00","date_gmt":"2024-11-11T16:02:00","guid":{"rendered":"https:\/\/domumpropiedades.com\/site\/?post_type=product&#038;p=13383"},"modified":"2024-11-11T13:06:46","modified_gmt":"2024-11-11T16:06:46","slug":"duplex-venta-atlantida-playa","status":"publish","type":"product","link":"https:\/\/domumpropiedades.com\/site\/producto\/duplex-venta-atlantida-playa\/","title":{"rendered":"Casa a la Venta Tipo Duplex en Atl\u00e1ntida Oportunidad Playa"},"content":{"rendered":"<p>Precio de Venta: USD 180.000<\/p>\n<p>Mas informaci\u00f3n: +59898431087<br \/>\nwww.domumpropiedades.com || domumpropiedades.uy@gmail.com<\/p>\n<p><iframe title=\"Casa a la Venta Tipo Duplex en Atl\u00e1ntida Oportunidad Playa\" width=\"800\" height=\"450\" src=\"https:\/\/www.youtube.com\/embed\/WfG2bAiSf6Q?feature=oembed\" frameborder=\"0\" allow=\"accelerometer; autoplay; clipboard-write; encrypted-media; gyroscope; picture-in-picture; web-share\" referrerpolicy=\"strict-origin-when-cross-origin\" allowfullscreen><\/iframe><\/p>\n","protected":false},"excerpt":{"rendered":"<p>Domum Propiedades vende casa tipo Duplex en exclusiva ubicaci\u00f3n a media cuadra de la playa del centro de Atl\u00e1ntida en calle sin salida. La construcci\u00f3n cuenta de 2 pisos. En la planta baja se encuentra el garage reciclado en apartamento monoambiente grande con ba\u00f1o, cocina y medio ambiente de usos m\u00faltiples. En la planta alta se accede por una solida escalera. La casa principal cuenta con 2 dormitorios, 1 ba\u00f1o completo, amplio living comedor con estufa a le\u00f1a, cocina integrada (actualmente tiene un placar que la hace definida), balc\u00f3n al frente, techo de planchada, fondo con parrillero exterior techado y potencial.<\/p>\n","protected":false},"featured_media":13400,"template":"","meta":[],"product_brand":[],"product_cat":[143,39,135],"product_tag":[],"class_list":{"0":"post-13383","1":"product","2":"type-product","3":"status-publish","4":"has-post-thumbnail","6":"product_cat-costa-de-oro-venta","7":"product_cat-propiedades","8":"product_cat-venta","10":"first","11":"instock","12":"shipping-taxable","13":"purchasable","14":"product-type-simple"},"yoast_head":"<!-- This site is optimized with the Yoast SEO plugin v27.4 - https:\/\/yoast.com\/product\/yoast-seo-wordpress\/ -->\n<title>Casa a la Venta Tipo Duplex en Atl\u00e1ntida Oportunidad Playa - DOMUM PROPIEDADES<\/title>\n<meta name=\"description\" content=\"Domum Propiedades vende casa tipo Duplex en exclusiva ubicaci\u00f3n a media cuadra de la playa del centro de Atl\u00e1ntida en calle sin salida. La construcci\u00f3n...\" \/>\n<meta name=\"robots\" content=\"index, follow, max-snippet:-1, max-image-preview:large, max-video-preview:-1\" \/>\n<link rel=\"canonical\" href=\"https:\/\/domumpropiedades.com\/site\/producto\/duplex-venta-atlantida-playa\/\" \/>\n<meta property=\"og:locale\" content=\"es_ES\" \/>\n<meta property=\"og:type\" content=\"article\" \/>\n<meta property=\"og:title\" content=\"Casa a la Venta Tipo Duplex en Atl\u00e1ntida Oportunidad Playa - DOMUM PROPIEDADES\" \/>\n<meta property=\"og:description\" content=\"Domum Propiedades vende casa tipo Duplex en exclusiva ubicaci\u00f3n a media cuadra de la playa del centro de Atl\u00e1ntida en calle sin salida. La construcci\u00f3n...\" \/>\n<meta property=\"og:url\" content=\"https:\/\/domumpropiedades.com\/site\/producto\/duplex-venta-atlantida-playa\/\" \/>\n<meta property=\"og:site_name\" content=\"DOMUM PROPIEDADES\" \/>\n<meta property=\"article:modified_time\" content=\"2024-11-11T16:06:46+00:00\" \/>\n<meta property=\"og:image\" content=\"https:\/\/domumpropiedades.com\/site\/wp-content\/uploads\/2024\/11\/01-3.jpeg\" \/>\n\t<meta property=\"og:image:width\" content=\"1537\" \/>\n\t<meta property=\"og:image:height\" content=\"2048\" \/>\n\t<meta property=\"og:image:type\" content=\"image\/jpeg\" \/>\n<meta name=\"twitter:card\" content=\"summary_large_image\" \/>\n<meta name=\"twitter:label1\" content=\"Tiempo de lectura\" \/>\n\t<meta name=\"twitter:data1\" content=\"1 minuto\" \/>\n<script type=\"application\/ld+json\" class=\"yoast-schema-graph\">{\"@context\":\"https:\\\/\\\/schema.org\",\"@graph\":[{\"@type\":\"WebPage\",\"@id\":\"https:\\\/\\\/domumpropiedades.com\\\/site\\\/producto\\\/duplex-venta-atlantida-playa\\\/\",\"url\":\"https:\\\/\\\/domumpropiedades.com\\\/site\\\/producto\\\/duplex-venta-atlantida-playa\\\/\",\"name\":\"Casa a la Venta Tipo Duplex en Atl\u00e1ntida Oportunidad Playa - DOMUM PROPIEDADES\",\"isPartOf\":{\"@id\":\"https:\\\/\\\/domumpropiedades.com\\\/site\\\/#website\"},\"primaryImageOfPage\":{\"@id\":\"https:\\\/\\\/domumpropiedades.com\\\/site\\\/producto\\\/duplex-venta-atlantida-playa\\\/#primaryimage\"},\"image\":{\"@id\":\"https:\\\/\\\/domumpropiedades.com\\\/site\\\/producto\\\/duplex-venta-atlantida-playa\\\/#primaryimage\"},\"thumbnailUrl\":\"https:\\\/\\\/domumpropiedades.com\\\/site\\\/wp-content\\\/uploads\\\/2024\\\/11\\\/01-3.jpeg\",\"datePublished\":\"2024-11-11T16:02:00+00:00\",\"dateModified\":\"2024-11-11T16:06:46+00:00\",\"description\":\"Domum Propiedades vende casa tipo Duplex en exclusiva ubicaci\u00f3n a media cuadra de la playa del centro de Atl\u00e1ntida en calle sin salida. La construcci\u00f3n...\",\"breadcrumb\":{\"@id\":\"https:\\\/\\\/domumpropiedades.com\\\/site\\\/producto\\\/duplex-venta-atlantida-playa\\\/#breadcrumb\"},\"inLanguage\":\"es-AR\",\"potentialAction\":[{\"@type\":\"ReadAction\",\"target\":[\"https:\\\/\\\/domumpropiedades.com\\\/site\\\/producto\\\/duplex-venta-atlantida-playa\\\/\"]}]},{\"@type\":\"ImageObject\",\"inLanguage\":\"es-AR\",\"@id\":\"https:\\\/\\\/domumpropiedades.com\\\/site\\\/producto\\\/duplex-venta-atlantida-playa\\\/#primaryimage\",\"url\":\"https:\\\/\\\/domumpropiedades.com\\\/site\\\/wp-content\\\/uploads\\\/2024\\\/11\\\/01-3.jpeg\",\"contentUrl\":\"https:\\\/\\\/domumpropiedades.com\\\/site\\\/wp-content\\\/uploads\\\/2024\\\/11\\\/01-3.jpeg\",\"width\":1537,\"height\":2048},{\"@type\":\"BreadcrumbList\",\"@id\":\"https:\\\/\\\/domumpropiedades.com\\\/site\\\/producto\\\/duplex-venta-atlantida-playa\\\/#breadcrumb\",\"itemListElement\":[{\"@type\":\"ListItem\",\"position\":1,\"name\":\"Productos\",\"item\":\"https:\\\/\\\/domumpropiedades.com\\\/site\\\/shop\\\/\"},{\"@type\":\"ListItem\",\"position\":2,\"name\":\"Casa a la Venta Tipo Duplex en Atl\u00e1ntida Oportunidad Playa\"}]},{\"@type\":\"WebSite\",\"@id\":\"https:\\\/\\\/domumpropiedades.com\\\/site\\\/#website\",\"url\":\"https:\\\/\\\/domumpropiedades.com\\\/site\\\/\",\"name\":\"DOMUM PROPIEDADES\",\"description\":\"Asesoramiento Inmobiliario\",\"publisher\":{\"@id\":\"https:\\\/\\\/domumpropiedades.com\\\/site\\\/#organization\"},\"potentialAction\":[{\"@type\":\"SearchAction\",\"target\":{\"@type\":\"EntryPoint\",\"urlTemplate\":\"https:\\\/\\\/domumpropiedades.com\\\/site\\\/?s={search_term_string}\"},\"query-input\":{\"@type\":\"PropertyValueSpecification\",\"valueRequired\":true,\"valueName\":\"search_term_string\"}}],\"inLanguage\":\"es-AR\"},{\"@type\":\"Organization\",\"@id\":\"https:\\\/\\\/domumpropiedades.com\\\/site\\\/#organization\",\"name\":\"DOMUM PROPIEDADES\",\"url\":\"https:\\\/\\\/domumpropiedades.com\\\/site\\\/\",\"logo\":{\"@type\":\"ImageObject\",\"inLanguage\":\"es-AR\",\"@id\":\"https:\\\/\\\/domumpropiedades.com\\\/site\\\/#\\\/schema\\\/logo\\\/image\\\/\",\"url\":\"https:\\\/\\\/domumpropiedades.com\\\/site\\\/wp-content\\\/uploads\\\/2020\\\/07\\\/cropped-logo-final-e1596076802973.jpg\",\"contentUrl\":\"https:\\\/\\\/domumpropiedades.com\\\/site\\\/wp-content\\\/uploads\\\/2020\\\/07\\\/cropped-logo-final-e1596076802973.jpg\",\"width\":379,\"height\":233,\"caption\":\"DOMUM PROPIEDADES\"},\"image\":{\"@id\":\"https:\\\/\\\/domumpropiedades.com\\\/site\\\/#\\\/schema\\\/logo\\\/image\\\/\"}}]}<\/script>\n<!-- \/ Yoast SEO plugin. -->","yoast_head_json":{"title":"Casa a la Venta Tipo Duplex en Atl\u00e1ntida Oportunidad Playa - DOMUM PROPIEDADES","description":"Domum Propiedades vende casa tipo Duplex en exclusiva ubicaci\u00f3n a media cuadra de la playa del centro de Atl\u00e1ntida en calle sin salida. La construcci\u00f3n...","robots":{"index":"index","follow":"follow","max-snippet":"max-snippet:-1","max-image-preview":"max-image-preview:large","max-video-preview":"max-video-preview:-1"},"canonical":"https:\/\/domumpropiedades.com\/site\/producto\/duplex-venta-atlantida-playa\/","og_locale":"es_ES","og_type":"article","og_title":"Casa a la Venta Tipo Duplex en Atl\u00e1ntida Oportunidad Playa - DOMUM PROPIEDADES","og_description":"Domum Propiedades vende casa tipo Duplex en exclusiva ubicaci\u00f3n a media cuadra de la playa del centro de Atl\u00e1ntida en calle sin salida. La construcci\u00f3n...","og_url":"https:\/\/domumpropiedades.com\/site\/producto\/duplex-venta-atlantida-playa\/","og_site_name":"DOMUM PROPIEDADES","article_modified_time":"2024-11-11T16:06:46+00:00","og_image":[{"width":1537,"height":2048,"url":"https:\/\/domumpropiedades.com\/site\/wp-content\/uploads\/2024\/11\/01-3.jpeg","type":"image\/jpeg"}],"twitter_card":"summary_large_image","twitter_misc":{"Tiempo de lectura":"1 minuto"},"schema":{"@context":"https:\/\/schema.org","@graph":[{"@type":"WebPage","@id":"https:\/\/domumpropiedades.com\/site\/producto\/duplex-venta-atlantida-playa\/","url":"https:\/\/domumpropiedades.com\/site\/producto\/duplex-venta-atlantida-playa\/","name":"Casa a la Venta Tipo Duplex en Atl\u00e1ntida Oportunidad Playa - DOMUM PROPIEDADES","isPartOf":{"@id":"https:\/\/domumpropiedades.com\/site\/#website"},"primaryImageOfPage":{"@id":"https:\/\/domumpropiedades.com\/site\/producto\/duplex-venta-atlantida-playa\/#primaryimage"},"image":{"@id":"https:\/\/domumpropiedades.com\/site\/producto\/duplex-venta-atlantida-playa\/#primaryimage"},"thumbnailUrl":"https:\/\/domumpropiedades.com\/site\/wp-content\/uploads\/2024\/11\/01-3.jpeg","datePublished":"2024-11-11T16:02:00+00:00","dateModified":"2024-11-11T16:06:46+00:00","description":"Domum Propiedades vende casa tipo Duplex en exclusiva ubicaci\u00f3n a media cuadra de la playa del centro de Atl\u00e1ntida en calle sin salida. La construcci\u00f3n...","breadcrumb":{"@id":"https:\/\/domumpropiedades.com\/site\/producto\/duplex-venta-atlantida-playa\/#breadcrumb"},"inLanguage":"es-AR","potentialAction":[{"@type":"ReadAction","target":["https:\/\/domumpropiedades.com\/site\/producto\/duplex-venta-atlantida-playa\/"]}]},{"@type":"ImageObject","inLanguage":"es-AR","@id":"https:\/\/domumpropiedades.com\/site\/producto\/duplex-venta-atlantida-playa\/#primaryimage","url":"https:\/\/domumpropiedades.com\/site\/wp-content\/uploads\/2024\/11\/01-3.jpeg","contentUrl":"https:\/\/domumpropiedades.com\/site\/wp-content\/uploads\/2024\/11\/01-3.jpeg","width":1537,"height":2048},{"@type":"BreadcrumbList","@id":"https:\/\/domumpropiedades.com\/site\/producto\/duplex-venta-atlantida-playa\/#breadcrumb","itemListElement":[{"@type":"ListItem","position":1,"name":"Productos","item":"https:\/\/domumpropiedades.com\/site\/shop\/"},{"@type":"ListItem","position":2,"name":"Casa a la Venta Tipo Duplex en Atl\u00e1ntida Oportunidad Playa"}]},{"@type":"WebSite","@id":"https:\/\/domumpropiedades.com\/site\/#website","url":"https:\/\/domumpropiedades.com\/site\/","name":"DOMUM PROPIEDADES","description":"Asesoramiento Inmobiliario","publisher":{"@id":"https:\/\/domumpropiedades.com\/site\/#organization"},"potentialAction":[{"@type":"SearchAction","target":{"@type":"EntryPoint","urlTemplate":"https:\/\/domumpropiedades.com\/site\/?s={search_term_string}"},"query-input":{"@type":"PropertyValueSpecification","valueRequired":true,"valueName":"search_term_string"}}],"inLanguage":"es-AR"},{"@type":"Organization","@id":"https:\/\/domumpropiedades.com\/site\/#organization","name":"DOMUM PROPIEDADES","url":"https:\/\/domumpropiedades.com\/site\/","logo":{"@type":"ImageObject","inLanguage":"es-AR","@id":"https:\/\/domumpropiedades.com\/site\/#\/schema\/logo\/image\/","url":"https:\/\/domumpropiedades.com\/site\/wp-content\/uploads\/2020\/07\/cropped-logo-final-e1596076802973.jpg","contentUrl":"https:\/\/domumpropiedades.com\/site\/wp-content\/uploads\/2020\/07\/cropped-logo-final-e1596076802973.jpg","width":379,"height":233,"caption":"DOMUM PROPIEDADES"},"image":{"@id":"https:\/\/domumpropiedades.com\/site\/#\/schema\/logo\/image\/"}}]}},"_links":{"self":[{"href":"https:\/\/domumpropiedades.com\/site\/wp-json\/wp\/v2\/product\/13383","targetHints":{"allow":["GET"]}}],"collection":[{"href":"https:\/\/domumpropiedades.com\/site\/wp-json\/wp\/v2\/product"}],"about":[{"href":"https:\/\/domumpropiedades.com\/site\/wp-json\/wp\/v2\/types\/product"}],"version-history":[{"count":3,"href":"https:\/\/domumpropiedades.com\/site\/wp-json\/wp\/v2\/product\/13383\/revisions"}],"predecessor-version":[{"id":13404,"href":"https:\/\/domumpropiedades.com\/site\/wp-json\/wp\/v2\/product\/13383\/revisions\/13404"}],"wp:featuredmedia":[{"embeddable":true,"href":"https:\/\/domumpropiedades.com\/site\/wp-json\/wp\/v2\/media\/13400"}],"wp:attachment":[{"href":"https:\/\/domumpropiedades.com\/site\/wp-json\/wp\/v2\/media?parent=13383"}],"wp:term":[{"taxonomy":"product_brand","embeddable":true,"href":"https:\/\/domumpropiedades.com\/site\/wp-json\/wp\/v2\/product_brand?post=13383"},{"taxonomy":"product_cat","embeddable":true,"href":"https:\/\/domumpropiedades.com\/site\/wp-json\/wp\/v2\/product_cat?post=13383"},{"taxonomy":"product_tag","embeddable":true,"href":"https:\/\/domumpropiedades.com\/site\/wp-json\/wp\/v2\/product_tag?post=13383"}],"curies":[{"name":"wp","href":"https:\/\/api.w.org\/{rel}","templated":true}]}}