{"id":12566,"date":"2024-07-25T22:53:33","date_gmt":"2024-07-26T01:53:33","guid":{"rendered":"https:\/\/domumpropiedades.com\/?post_type=product&#038;p=12566"},"modified":"2024-08-18T23:05:58","modified_gmt":"2024-08-19T02:05:58","slug":"chacra-venta-la-chinchilla","status":"publish","type":"product","link":"https:\/\/domumpropiedades.com\/site\/producto\/chacra-venta-la-chinchilla\/","title":{"rendered":"Chacra Completo de 5 hect\u00e1reas a la Venta en La Chinchilla a 5 km de Atl\u00e1ntida"},"content":{"rendered":"<p>Precio de Venta: USD 350.000<\/p>\n<p>Mas informaci\u00f3n: +598 98431087<br \/>\nwww.domumpropiedades.com || domumpropiedades.uy@gmail.com<\/p>\n","protected":false},"excerpt":{"rendered":"<p>Domum Propiedades Vende Chacra de 5,6 hect\u00e1reas en La Chinchilla, a solo 8 km de Atl\u00e1ntida por la ruta 11. Actualmente funciona un centro para actividades grupales y retiros.<br \/>\nCuenta con un gran sal\u00f3n para actividades, cocina y comedor, caba\u00f1as, ba\u00f1os y todo lo necesario para recibir grupos de hasta 40 personas alojados en las caba\u00f1as. Tambi\u00e9n se han desarrollado actividades de mas de cien personas aprovechando su vasta y arbolada \u00e1rea de camping.<br \/>\nTiene tambi\u00e9n en el predio recintado y con entrada de la calle independiente, una casa de dos dormitorios, estar con cocina integrada y ba\u00f1o. Un cuarto con entrada independiente y ba\u00f1o, un parrillero techado y un gran galp\u00f3n. Toda el \u00e1rea de la casa cuenta con \u00e1rboles a\u00f1osos y un cerco vivo que le provee total intimidad a la misma. Por la disposici\u00f3n de las construcciones y la forma en que fue dividido el frente del terreno permitir\u00eda la apertura de una tercera entrada y la construcci\u00f3n de una segunda casa totalmente independiente.<br \/>\nEl terreno de forma rectangular de 100m. de frente por 560m de largo es cruzado a la mitad por un peque\u00f1o arroyo que tiene surgientes naturales por lo que si bien su nivel se ha visto afectado en grandes sequ\u00edas, nunca ha llegado a secarse completamente y ha permitido abrevar a los caballos que all\u00ed tenemos. La primera mitad del terreno est\u00e1 parquizada y se encuentran todas las construcciones del centro, la casa, y un area para cultivo, y en la segunda, cruzando el arroyo, un monte tupido de distintas variedades con senderos que conforman un laberinto donde se realizaban actividades l\u00fadico-recreativas. La distancia de la Ruta 11, 1400m por Camino a Sol\u00eds Chico brinda f\u00e1cil acceso pero tambi\u00e9n es suficiente para que no se escuche el tr\u00e1fico de la misma.<br \/>\nCuenta con servicios de luz, tel\u00e9fono e internet por v\u00eda inal\u00e1mbrica (ruralcel), servicio municipales de recolecci\u00f3n de residuos y mantenimiento de caminer\u00eda.<br \/>\nEl agua potable es provista por dos pozos, uno antiguo de ladrillos grande tipo aljibe de 15m de profundidad y otro entubado en PVC de 35m de profundidad, nunca les ha faltado el agua.<\/p>\n<p>Por las caracter\u00edsticas del lugar y el f\u00e1cil acceso, la cercan\u00eda sea de Atl\u00e1ntida que de Montevideo puede ser muy interesante para alguien que quiera continuar con la explotaci\u00f3n del Espacio o como para todo tipo de organizaciones que desarrollen actividades colectivas, ONGs, colegios, cl\u00ednicas o residenciales, institutos de Yoga, etc., o tambi\u00e9n para alg\u00fan proyecto comunitario de varias familias.<\/p>\n","protected":false},"featured_media":12584,"template":"","meta":[],"product_brand":[],"product_cat":[146,143,39,135],"product_tag":[],"class_list":{"0":"post-12566","1":"product","2":"type-product","3":"status-publish","4":"has-post-thumbnail","6":"product_cat-campos","7":"product_cat-costa-de-oro-venta","8":"product_cat-propiedades","9":"product_cat-venta","11":"first","12":"instock","13":"shipping-taxable","14":"purchasable","15":"product-type-simple"},"yoast_head":"<!-- This site is optimized with the Yoast SEO plugin v27.4 - https:\/\/yoast.com\/product\/yoast-seo-wordpress\/ -->\n<title>Chacra Completo de 5 hect\u00e1reas a la Venta en La Chinchilla a 5 km de Atl\u00e1ntida - DOMUM PROPIEDADES<\/title>\n<meta name=\"description\" content=\"Domum Propiedades Vende Chacra de 5,6 hect\u00e1reas en La Chinchilla, a solo 8 km de Atl\u00e1ntida por la ruta 11. Actualmente funciona un centro...\" \/>\n<meta name=\"robots\" content=\"index, follow, max-snippet:-1, max-image-preview:large, max-video-preview:-1\" \/>\n<link rel=\"canonical\" href=\"https:\/\/domumpropiedades.com\/site\/producto\/chacra-venta-la-chinchilla\/\" \/>\n<meta property=\"og:locale\" content=\"es_ES\" \/>\n<meta property=\"og:type\" content=\"article\" \/>\n<meta property=\"og:title\" content=\"Chacra Completo de 5 hect\u00e1reas a la Venta en La Chinchilla a 5 km de Atl\u00e1ntida - DOMUM PROPIEDADES\" \/>\n<meta property=\"og:description\" content=\"Domum Propiedades Vende Chacra de 5,6 hect\u00e1reas en La Chinchilla, a solo 8 km de Atl\u00e1ntida por la ruta 11. Actualmente funciona un centro...\" \/>\n<meta property=\"og:url\" content=\"https:\/\/domumpropiedades.com\/site\/producto\/chacra-venta-la-chinchilla\/\" \/>\n<meta property=\"og:site_name\" content=\"DOMUM PROPIEDADES\" \/>\n<meta property=\"article:modified_time\" content=\"2024-08-19T02:05:58+00:00\" \/>\n<meta property=\"og:image\" content=\"https:\/\/domumpropiedades.com\/site\/wp-content\/uploads\/2024\/07\/18-1.jpg\" \/>\n\t<meta property=\"og:image:width\" content=\"676\" \/>\n\t<meta property=\"og:image:height\" content=\"1200\" \/>\n\t<meta property=\"og:image:type\" content=\"image\/jpeg\" \/>\n<meta name=\"twitter:card\" content=\"summary_large_image\" \/>\n<meta name=\"twitter:label1\" content=\"Tiempo de lectura\" \/>\n\t<meta name=\"twitter:data1\" content=\"1 minuto\" \/>\n<script type=\"application\/ld+json\" class=\"yoast-schema-graph\">{\"@context\":\"https:\\\/\\\/schema.org\",\"@graph\":[{\"@type\":\"WebPage\",\"@id\":\"https:\\\/\\\/domumpropiedades.com\\\/site\\\/producto\\\/chacra-venta-la-chinchilla\\\/\",\"url\":\"https:\\\/\\\/domumpropiedades.com\\\/site\\\/producto\\\/chacra-venta-la-chinchilla\\\/\",\"name\":\"Chacra Completo de 5 hect\u00e1reas a la Venta en La Chinchilla a 5 km de Atl\u00e1ntida - DOMUM PROPIEDADES\",\"isPartOf\":{\"@id\":\"https:\\\/\\\/domumpropiedades.com\\\/site\\\/#website\"},\"primaryImageOfPage\":{\"@id\":\"https:\\\/\\\/domumpropiedades.com\\\/site\\\/producto\\\/chacra-venta-la-chinchilla\\\/#primaryimage\"},\"image\":{\"@id\":\"https:\\\/\\\/domumpropiedades.com\\\/site\\\/producto\\\/chacra-venta-la-chinchilla\\\/#primaryimage\"},\"thumbnailUrl\":\"https:\\\/\\\/domumpropiedades.com\\\/site\\\/wp-content\\\/uploads\\\/2024\\\/07\\\/18-1.jpg\",\"datePublished\":\"2024-07-26T01:53:33+00:00\",\"dateModified\":\"2024-08-19T02:05:58+00:00\",\"description\":\"Domum Propiedades Vende Chacra de 5,6 hect\u00e1reas en La Chinchilla, a solo 8 km de Atl\u00e1ntida por la ruta 11. Actualmente funciona un centro...\",\"breadcrumb\":{\"@id\":\"https:\\\/\\\/domumpropiedades.com\\\/site\\\/producto\\\/chacra-venta-la-chinchilla\\\/#breadcrumb\"},\"inLanguage\":\"es-AR\",\"potentialAction\":[{\"@type\":\"ReadAction\",\"target\":[\"https:\\\/\\\/domumpropiedades.com\\\/site\\\/producto\\\/chacra-venta-la-chinchilla\\\/\"]}]},{\"@type\":\"ImageObject\",\"inLanguage\":\"es-AR\",\"@id\":\"https:\\\/\\\/domumpropiedades.com\\\/site\\\/producto\\\/chacra-venta-la-chinchilla\\\/#primaryimage\",\"url\":\"https:\\\/\\\/domumpropiedades.com\\\/site\\\/wp-content\\\/uploads\\\/2024\\\/07\\\/18-1.jpg\",\"contentUrl\":\"https:\\\/\\\/domumpropiedades.com\\\/site\\\/wp-content\\\/uploads\\\/2024\\\/07\\\/18-1.jpg\",\"width\":676,\"height\":1200},{\"@type\":\"BreadcrumbList\",\"@id\":\"https:\\\/\\\/domumpropiedades.com\\\/site\\\/producto\\\/chacra-venta-la-chinchilla\\\/#breadcrumb\",\"itemListElement\":[{\"@type\":\"ListItem\",\"position\":1,\"name\":\"Productos\",\"item\":\"https:\\\/\\\/domumpropiedades.com\\\/site\\\/shop\\\/\"},{\"@type\":\"ListItem\",\"position\":2,\"name\":\"Chacra Completo de 5 hect\u00e1reas a la Venta en La Chinchilla a 5 km de Atl\u00e1ntida\"}]},{\"@type\":\"WebSite\",\"@id\":\"https:\\\/\\\/domumpropiedades.com\\\/site\\\/#website\",\"url\":\"https:\\\/\\\/domumpropiedades.com\\\/site\\\/\",\"name\":\"DOMUM PROPIEDADES\",\"description\":\"Asesoramiento Inmobiliario\",\"publisher\":{\"@id\":\"https:\\\/\\\/domumpropiedades.com\\\/site\\\/#organization\"},\"potentialAction\":[{\"@type\":\"SearchAction\",\"target\":{\"@type\":\"EntryPoint\",\"urlTemplate\":\"https:\\\/\\\/domumpropiedades.com\\\/site\\\/?s={search_term_string}\"},\"query-input\":{\"@type\":\"PropertyValueSpecification\",\"valueRequired\":true,\"valueName\":\"search_term_string\"}}],\"inLanguage\":\"es-AR\"},{\"@type\":\"Organization\",\"@id\":\"https:\\\/\\\/domumpropiedades.com\\\/site\\\/#organization\",\"name\":\"DOMUM PROPIEDADES\",\"url\":\"https:\\\/\\\/domumpropiedades.com\\\/site\\\/\",\"logo\":{\"@type\":\"ImageObject\",\"inLanguage\":\"es-AR\",\"@id\":\"https:\\\/\\\/domumpropiedades.com\\\/site\\\/#\\\/schema\\\/logo\\\/image\\\/\",\"url\":\"https:\\\/\\\/domumpropiedades.com\\\/site\\\/wp-content\\\/uploads\\\/2020\\\/07\\\/cropped-logo-final-e1596076802973.jpg\",\"contentUrl\":\"https:\\\/\\\/domumpropiedades.com\\\/site\\\/wp-content\\\/uploads\\\/2020\\\/07\\\/cropped-logo-final-e1596076802973.jpg\",\"width\":379,\"height\":233,\"caption\":\"DOMUM PROPIEDADES\"},\"image\":{\"@id\":\"https:\\\/\\\/domumpropiedades.com\\\/site\\\/#\\\/schema\\\/logo\\\/image\\\/\"}}]}<\/script>\n<!-- \/ Yoast SEO plugin. -->","yoast_head_json":{"title":"Chacra Completo de 5 hect\u00e1reas a la Venta en La Chinchilla a 5 km de Atl\u00e1ntida - DOMUM PROPIEDADES","description":"Domum Propiedades Vende Chacra de 5,6 hect\u00e1reas en La Chinchilla, a solo 8 km de Atl\u00e1ntida por la ruta 11. Actualmente funciona un centro...","robots":{"index":"index","follow":"follow","max-snippet":"max-snippet:-1","max-image-preview":"max-image-preview:large","max-video-preview":"max-video-preview:-1"},"canonical":"https:\/\/domumpropiedades.com\/site\/producto\/chacra-venta-la-chinchilla\/","og_locale":"es_ES","og_type":"article","og_title":"Chacra Completo de 5 hect\u00e1reas a la Venta en La Chinchilla a 5 km de Atl\u00e1ntida - DOMUM PROPIEDADES","og_description":"Domum Propiedades Vende Chacra de 5,6 hect\u00e1reas en La Chinchilla, a solo 8 km de Atl\u00e1ntida por la ruta 11. Actualmente funciona un centro...","og_url":"https:\/\/domumpropiedades.com\/site\/producto\/chacra-venta-la-chinchilla\/","og_site_name":"DOMUM PROPIEDADES","article_modified_time":"2024-08-19T02:05:58+00:00","og_image":[{"width":676,"height":1200,"url":"https:\/\/domumpropiedades.com\/site\/wp-content\/uploads\/2024\/07\/18-1.jpg","type":"image\/jpeg"}],"twitter_card":"summary_large_image","twitter_misc":{"Tiempo de lectura":"1 minuto"},"schema":{"@context":"https:\/\/schema.org","@graph":[{"@type":"WebPage","@id":"https:\/\/domumpropiedades.com\/site\/producto\/chacra-venta-la-chinchilla\/","url":"https:\/\/domumpropiedades.com\/site\/producto\/chacra-venta-la-chinchilla\/","name":"Chacra Completo de 5 hect\u00e1reas a la Venta en La Chinchilla a 5 km de Atl\u00e1ntida - DOMUM PROPIEDADES","isPartOf":{"@id":"https:\/\/domumpropiedades.com\/site\/#website"},"primaryImageOfPage":{"@id":"https:\/\/domumpropiedades.com\/site\/producto\/chacra-venta-la-chinchilla\/#primaryimage"},"image":{"@id":"https:\/\/domumpropiedades.com\/site\/producto\/chacra-venta-la-chinchilla\/#primaryimage"},"thumbnailUrl":"https:\/\/domumpropiedades.com\/site\/wp-content\/uploads\/2024\/07\/18-1.jpg","datePublished":"2024-07-26T01:53:33+00:00","dateModified":"2024-08-19T02:05:58+00:00","description":"Domum Propiedades Vende Chacra de 5,6 hect\u00e1reas en La Chinchilla, a solo 8 km de Atl\u00e1ntida por la ruta 11. Actualmente funciona un centro...","breadcrumb":{"@id":"https:\/\/domumpropiedades.com\/site\/producto\/chacra-venta-la-chinchilla\/#breadcrumb"},"inLanguage":"es-AR","potentialAction":[{"@type":"ReadAction","target":["https:\/\/domumpropiedades.com\/site\/producto\/chacra-venta-la-chinchilla\/"]}]},{"@type":"ImageObject","inLanguage":"es-AR","@id":"https:\/\/domumpropiedades.com\/site\/producto\/chacra-venta-la-chinchilla\/#primaryimage","url":"https:\/\/domumpropiedades.com\/site\/wp-content\/uploads\/2024\/07\/18-1.jpg","contentUrl":"https:\/\/domumpropiedades.com\/site\/wp-content\/uploads\/2024\/07\/18-1.jpg","width":676,"height":1200},{"@type":"BreadcrumbList","@id":"https:\/\/domumpropiedades.com\/site\/producto\/chacra-venta-la-chinchilla\/#breadcrumb","itemListElement":[{"@type":"ListItem","position":1,"name":"Productos","item":"https:\/\/domumpropiedades.com\/site\/shop\/"},{"@type":"ListItem","position":2,"name":"Chacra Completo de 5 hect\u00e1reas a la Venta en La Chinchilla a 5 km de Atl\u00e1ntida"}]},{"@type":"WebSite","@id":"https:\/\/domumpropiedades.com\/site\/#website","url":"https:\/\/domumpropiedades.com\/site\/","name":"DOMUM PROPIEDADES","description":"Asesoramiento Inmobiliario","publisher":{"@id":"https:\/\/domumpropiedades.com\/site\/#organization"},"potentialAction":[{"@type":"SearchAction","target":{"@type":"EntryPoint","urlTemplate":"https:\/\/domumpropiedades.com\/site\/?s={search_term_string}"},"query-input":{"@type":"PropertyValueSpecification","valueRequired":true,"valueName":"search_term_string"}}],"inLanguage":"es-AR"},{"@type":"Organization","@id":"https:\/\/domumpropiedades.com\/site\/#organization","name":"DOMUM PROPIEDADES","url":"https:\/\/domumpropiedades.com\/site\/","logo":{"@type":"ImageObject","inLanguage":"es-AR","@id":"https:\/\/domumpropiedades.com\/site\/#\/schema\/logo\/image\/","url":"https:\/\/domumpropiedades.com\/site\/wp-content\/uploads\/2020\/07\/cropped-logo-final-e1596076802973.jpg","contentUrl":"https:\/\/domumpropiedades.com\/site\/wp-content\/uploads\/2020\/07\/cropped-logo-final-e1596076802973.jpg","width":379,"height":233,"caption":"DOMUM PROPIEDADES"},"image":{"@id":"https:\/\/domumpropiedades.com\/site\/#\/schema\/logo\/image\/"}}]}},"_links":{"self":[{"href":"https:\/\/domumpropiedades.com\/site\/wp-json\/wp\/v2\/product\/12566","targetHints":{"allow":["GET"]}}],"collection":[{"href":"https:\/\/domumpropiedades.com\/site\/wp-json\/wp\/v2\/product"}],"about":[{"href":"https:\/\/domumpropiedades.com\/site\/wp-json\/wp\/v2\/types\/product"}],"version-history":[{"count":1,"href":"https:\/\/domumpropiedades.com\/site\/wp-json\/wp\/v2\/product\/12566\/revisions"}],"predecessor-version":[{"id":12587,"href":"https:\/\/domumpropiedades.com\/site\/wp-json\/wp\/v2\/product\/12566\/revisions\/12587"}],"wp:featuredmedia":[{"embeddable":true,"href":"https:\/\/domumpropiedades.com\/site\/wp-json\/wp\/v2\/media\/12584"}],"wp:attachment":[{"href":"https:\/\/domumpropiedades.com\/site\/wp-json\/wp\/v2\/media?parent=12566"}],"wp:term":[{"taxonomy":"product_brand","embeddable":true,"href":"https:\/\/domumpropiedades.com\/site\/wp-json\/wp\/v2\/product_brand?post=12566"},{"taxonomy":"product_cat","embeddable":true,"href":"https:\/\/domumpropiedades.com\/site\/wp-json\/wp\/v2\/product_cat?post=12566"},{"taxonomy":"product_tag","embeddable":true,"href":"https:\/\/domumpropiedades.com\/site\/wp-json\/wp\/v2\/product_tag?post=12566"}],"curies":[{"name":"wp","href":"https:\/\/api.w.org\/{rel}","templated":true}]}}