{"id":12194,"date":"2025-10-24T12:28:02","date_gmt":"2025-10-24T15:28:02","guid":{"rendered":"https:\/\/domumpropiedades.com\/?post_type=product&#038;p=12194"},"modified":"2026-04-03T17:03:30","modified_gmt":"2026-04-03T20:03:30","slug":"casa-venta-bello-horizonte-sur","status":"publish","type":"product","link":"https:\/\/domumpropiedades.com\/site\/producto\/casa-venta-bello-horizonte-sur\/","title":{"rendered":"2 Casas en un mismo Padr\u00f3n a la Venta en Bello Horizonte || 4 de playa Amplio Terreno"},"content":{"rendered":"<p>Precio de Venta: USD 115.000<\/p>\n<p>Mas informaci\u00f3n: +59898431087<br \/>\nwww.domumpropiedades.com || domumpropiedades.uy@gmail.com<\/p>\n<p>&nbsp;<\/p>\n<p><iframe title=\"Casa a la Venta en Bello Horizonte + BBQ + Apto al Fondo\" width=\"800\" height=\"450\" src=\"https:\/\/www.youtube.com\/embed\/L12De1zL3aI?feature=oembed\" frameborder=\"0\" allow=\"accelerometer; autoplay; clipboard-write; encrypted-media; gyroscope; picture-in-picture; web-share\" referrerpolicy=\"strict-origin-when-cross-origin\" allowfullscreen><\/iframe><\/p>\n","protected":false},"excerpt":{"rendered":"<p>Domum Propiedades vende casa en Bello Horizonte sur a 5 cuadras de la playa. La casa principal cuenta con 2 dormitorios definidos, living con estufa a le\u00f1a con comedor, cocina definida, comedor diario, amplia barbacoa, garage para 1 auto, cochera adentro y afuera, port\u00f3n de madera autom\u00e1tico. Amplio terreno, ba\u00f1o exterior social con ducha, glorieta techada en el medio del terreno con fog\u00f3n, apartamento al fondo de 1 dormitorio, con 1 ba\u00f1o y cocina comedor integrado. Parrillero techado exterior. Documentaci\u00f3n pronta para transferir. Apta para cr\u00e9dito bancario<\/p>\n","protected":false},"featured_media":12195,"template":"","meta":[],"product_brand":[],"product_cat":[143,39,135],"product_tag":[],"class_list":{"0":"post-12194","1":"product","2":"type-product","3":"status-publish","4":"has-post-thumbnail","6":"product_cat-costa-de-oro-venta","7":"product_cat-propiedades","8":"product_cat-venta","10":"first","11":"instock","12":"sale","13":"shipping-taxable","14":"purchasable","15":"product-type-simple"},"yoast_head":"<!-- This site is optimized with the Yoast SEO plugin v27.4 - https:\/\/yoast.com\/product\/yoast-seo-wordpress\/ -->\n<title>2 Casas en un mismo Padr\u00f3n a la Venta en Bello Horizonte || 4 de playa Amplio Terreno - DOMUM PROPIEDADES<\/title>\n<meta name=\"robots\" content=\"index, follow, max-snippet:-1, max-image-preview:large, max-video-preview:-1\" \/>\n<link rel=\"canonical\" href=\"https:\/\/domumpropiedades.com\/site\/producto\/casa-venta-bello-horizonte-sur\/\" \/>\n<meta property=\"og:locale\" content=\"es_ES\" \/>\n<meta property=\"og:type\" content=\"article\" \/>\n<meta property=\"og:title\" content=\"2 Casas en un mismo Padr\u00f3n a la Venta en Bello Horizonte || 4 de playa Amplio Terreno - DOMUM PROPIEDADES\" \/>\n<meta property=\"og:description\" content=\"Domum Propiedades vende casa en Bello Horizonte sur a 5 cuadras de la playa. La casa principal cuenta con 2 dormitorios definidos, living con estufa a le\u00f1a con comedor, cocina definida, comedor diario, amplia barbacoa, garage para 1 auto, cochera adentro y afuera, port\u00f3n de madera autom\u00e1tico. Amplio terreno, ba\u00f1o exterior social con ducha, glorieta techada en el medio del terreno con fog\u00f3n, apartamento al fondo de 1 dormitorio, con 1 ba\u00f1o y cocina comedor integrado. Parrillero techado exterior. Documentaci\u00f3n pronta para transferir. Apta para cr\u00e9dito bancario\" \/>\n<meta property=\"og:url\" content=\"https:\/\/domumpropiedades.com\/site\/producto\/casa-venta-bello-horizonte-sur\/\" \/>\n<meta property=\"og:site_name\" content=\"DOMUM PROPIEDADES\" \/>\n<meta property=\"article:modified_time\" content=\"2026-04-03T20:03:30+00:00\" \/>\n<meta property=\"og:image\" content=\"https:\/\/domumpropiedades.com\/site\/wp-content\/uploads\/2024\/06\/01-3.jpeg\" \/>\n\t<meta property=\"og:image:width\" content=\"2048\" \/>\n\t<meta property=\"og:image:height\" content=\"1536\" \/>\n\t<meta property=\"og:image:type\" content=\"image\/jpeg\" \/>\n<meta name=\"twitter:card\" content=\"summary_large_image\" \/>\n<meta name=\"twitter:label1\" content=\"Tiempo de lectura\" \/>\n\t<meta name=\"twitter:data1\" content=\"1 minuto\" \/>\n<script type=\"application\/ld+json\" class=\"yoast-schema-graph\">{\"@context\":\"https:\\\/\\\/schema.org\",\"@graph\":[{\"@type\":\"WebPage\",\"@id\":\"https:\\\/\\\/domumpropiedades.com\\\/site\\\/producto\\\/casa-venta-bello-horizonte-sur\\\/\",\"url\":\"https:\\\/\\\/domumpropiedades.com\\\/site\\\/producto\\\/casa-venta-bello-horizonte-sur\\\/\",\"name\":\"2 Casas en un mismo Padr\u00f3n a la Venta en Bello Horizonte || 4 de playa Amplio Terreno - DOMUM PROPIEDADES\",\"isPartOf\":{\"@id\":\"https:\\\/\\\/domumpropiedades.com\\\/site\\\/#website\"},\"primaryImageOfPage\":{\"@id\":\"https:\\\/\\\/domumpropiedades.com\\\/site\\\/producto\\\/casa-venta-bello-horizonte-sur\\\/#primaryimage\"},\"image\":{\"@id\":\"https:\\\/\\\/domumpropiedades.com\\\/site\\\/producto\\\/casa-venta-bello-horizonte-sur\\\/#primaryimage\"},\"thumbnailUrl\":\"https:\\\/\\\/domumpropiedades.com\\\/site\\\/wp-content\\\/uploads\\\/2024\\\/06\\\/01-3.jpeg\",\"datePublished\":\"2025-10-24T15:28:02+00:00\",\"dateModified\":\"2026-04-03T20:03:30+00:00\",\"breadcrumb\":{\"@id\":\"https:\\\/\\\/domumpropiedades.com\\\/site\\\/producto\\\/casa-venta-bello-horizonte-sur\\\/#breadcrumb\"},\"inLanguage\":\"es-AR\",\"potentialAction\":[{\"@type\":\"ReadAction\",\"target\":[\"https:\\\/\\\/domumpropiedades.com\\\/site\\\/producto\\\/casa-venta-bello-horizonte-sur\\\/\"]}]},{\"@type\":\"ImageObject\",\"inLanguage\":\"es-AR\",\"@id\":\"https:\\\/\\\/domumpropiedades.com\\\/site\\\/producto\\\/casa-venta-bello-horizonte-sur\\\/#primaryimage\",\"url\":\"https:\\\/\\\/domumpropiedades.com\\\/site\\\/wp-content\\\/uploads\\\/2024\\\/06\\\/01-3.jpeg\",\"contentUrl\":\"https:\\\/\\\/domumpropiedades.com\\\/site\\\/wp-content\\\/uploads\\\/2024\\\/06\\\/01-3.jpeg\",\"width\":2048,\"height\":1536},{\"@type\":\"BreadcrumbList\",\"@id\":\"https:\\\/\\\/domumpropiedades.com\\\/site\\\/producto\\\/casa-venta-bello-horizonte-sur\\\/#breadcrumb\",\"itemListElement\":[{\"@type\":\"ListItem\",\"position\":1,\"name\":\"Productos\",\"item\":\"https:\\\/\\\/domumpropiedades.com\\\/site\\\/shop\\\/\"},{\"@type\":\"ListItem\",\"position\":2,\"name\":\"2 Casas en un mismo Padr\u00f3n a la Venta en Bello Horizonte || 4 de playa Amplio Terreno\"}]},{\"@type\":\"WebSite\",\"@id\":\"https:\\\/\\\/domumpropiedades.com\\\/site\\\/#website\",\"url\":\"https:\\\/\\\/domumpropiedades.com\\\/site\\\/\",\"name\":\"DOMUM PROPIEDADES\",\"description\":\"Asesoramiento Inmobiliario\",\"publisher\":{\"@id\":\"https:\\\/\\\/domumpropiedades.com\\\/site\\\/#organization\"},\"potentialAction\":[{\"@type\":\"SearchAction\",\"target\":{\"@type\":\"EntryPoint\",\"urlTemplate\":\"https:\\\/\\\/domumpropiedades.com\\\/site\\\/?s={search_term_string}\"},\"query-input\":{\"@type\":\"PropertyValueSpecification\",\"valueRequired\":true,\"valueName\":\"search_term_string\"}}],\"inLanguage\":\"es-AR\"},{\"@type\":\"Organization\",\"@id\":\"https:\\\/\\\/domumpropiedades.com\\\/site\\\/#organization\",\"name\":\"DOMUM PROPIEDADES\",\"url\":\"https:\\\/\\\/domumpropiedades.com\\\/site\\\/\",\"logo\":{\"@type\":\"ImageObject\",\"inLanguage\":\"es-AR\",\"@id\":\"https:\\\/\\\/domumpropiedades.com\\\/site\\\/#\\\/schema\\\/logo\\\/image\\\/\",\"url\":\"https:\\\/\\\/domumpropiedades.com\\\/site\\\/wp-content\\\/uploads\\\/2020\\\/07\\\/cropped-logo-final-e1596076802973.jpg\",\"contentUrl\":\"https:\\\/\\\/domumpropiedades.com\\\/site\\\/wp-content\\\/uploads\\\/2020\\\/07\\\/cropped-logo-final-e1596076802973.jpg\",\"width\":379,\"height\":233,\"caption\":\"DOMUM PROPIEDADES\"},\"image\":{\"@id\":\"https:\\\/\\\/domumpropiedades.com\\\/site\\\/#\\\/schema\\\/logo\\\/image\\\/\"}}]}<\/script>\n<!-- \/ Yoast SEO plugin. -->","yoast_head_json":{"title":"2 Casas en un mismo Padr\u00f3n a la Venta en Bello Horizonte || 4 de playa Amplio Terreno - DOMUM PROPIEDADES","robots":{"index":"index","follow":"follow","max-snippet":"max-snippet:-1","max-image-preview":"max-image-preview:large","max-video-preview":"max-video-preview:-1"},"canonical":"https:\/\/domumpropiedades.com\/site\/producto\/casa-venta-bello-horizonte-sur\/","og_locale":"es_ES","og_type":"article","og_title":"2 Casas en un mismo Padr\u00f3n a la Venta en Bello Horizonte || 4 de playa Amplio Terreno - DOMUM PROPIEDADES","og_description":"Domum Propiedades vende casa en Bello Horizonte sur a 5 cuadras de la playa. La casa principal cuenta con 2 dormitorios definidos, living con estufa a le\u00f1a con comedor, cocina definida, comedor diario, amplia barbacoa, garage para 1 auto, cochera adentro y afuera, port\u00f3n de madera autom\u00e1tico. Amplio terreno, ba\u00f1o exterior social con ducha, glorieta techada en el medio del terreno con fog\u00f3n, apartamento al fondo de 1 dormitorio, con 1 ba\u00f1o y cocina comedor integrado. Parrillero techado exterior. Documentaci\u00f3n pronta para transferir. Apta para cr\u00e9dito bancario","og_url":"https:\/\/domumpropiedades.com\/site\/producto\/casa-venta-bello-horizonte-sur\/","og_site_name":"DOMUM PROPIEDADES","article_modified_time":"2026-04-03T20:03:30+00:00","og_image":[{"width":2048,"height":1536,"url":"https:\/\/domumpropiedades.com\/site\/wp-content\/uploads\/2024\/06\/01-3.jpeg","type":"image\/jpeg"}],"twitter_card":"summary_large_image","twitter_misc":{"Tiempo de lectura":"1 minuto"},"schema":{"@context":"https:\/\/schema.org","@graph":[{"@type":"WebPage","@id":"https:\/\/domumpropiedades.com\/site\/producto\/casa-venta-bello-horizonte-sur\/","url":"https:\/\/domumpropiedades.com\/site\/producto\/casa-venta-bello-horizonte-sur\/","name":"2 Casas en un mismo Padr\u00f3n a la Venta en Bello Horizonte || 4 de playa Amplio Terreno - DOMUM PROPIEDADES","isPartOf":{"@id":"https:\/\/domumpropiedades.com\/site\/#website"},"primaryImageOfPage":{"@id":"https:\/\/domumpropiedades.com\/site\/producto\/casa-venta-bello-horizonte-sur\/#primaryimage"},"image":{"@id":"https:\/\/domumpropiedades.com\/site\/producto\/casa-venta-bello-horizonte-sur\/#primaryimage"},"thumbnailUrl":"https:\/\/domumpropiedades.com\/site\/wp-content\/uploads\/2024\/06\/01-3.jpeg","datePublished":"2025-10-24T15:28:02+00:00","dateModified":"2026-04-03T20:03:30+00:00","breadcrumb":{"@id":"https:\/\/domumpropiedades.com\/site\/producto\/casa-venta-bello-horizonte-sur\/#breadcrumb"},"inLanguage":"es-AR","potentialAction":[{"@type":"ReadAction","target":["https:\/\/domumpropiedades.com\/site\/producto\/casa-venta-bello-horizonte-sur\/"]}]},{"@type":"ImageObject","inLanguage":"es-AR","@id":"https:\/\/domumpropiedades.com\/site\/producto\/casa-venta-bello-horizonte-sur\/#primaryimage","url":"https:\/\/domumpropiedades.com\/site\/wp-content\/uploads\/2024\/06\/01-3.jpeg","contentUrl":"https:\/\/domumpropiedades.com\/site\/wp-content\/uploads\/2024\/06\/01-3.jpeg","width":2048,"height":1536},{"@type":"BreadcrumbList","@id":"https:\/\/domumpropiedades.com\/site\/producto\/casa-venta-bello-horizonte-sur\/#breadcrumb","itemListElement":[{"@type":"ListItem","position":1,"name":"Productos","item":"https:\/\/domumpropiedades.com\/site\/shop\/"},{"@type":"ListItem","position":2,"name":"2 Casas en un mismo Padr\u00f3n a la Venta en Bello Horizonte || 4 de playa Amplio Terreno"}]},{"@type":"WebSite","@id":"https:\/\/domumpropiedades.com\/site\/#website","url":"https:\/\/domumpropiedades.com\/site\/","name":"DOMUM PROPIEDADES","description":"Asesoramiento Inmobiliario","publisher":{"@id":"https:\/\/domumpropiedades.com\/site\/#organization"},"potentialAction":[{"@type":"SearchAction","target":{"@type":"EntryPoint","urlTemplate":"https:\/\/domumpropiedades.com\/site\/?s={search_term_string}"},"query-input":{"@type":"PropertyValueSpecification","valueRequired":true,"valueName":"search_term_string"}}],"inLanguage":"es-AR"},{"@type":"Organization","@id":"https:\/\/domumpropiedades.com\/site\/#organization","name":"DOMUM PROPIEDADES","url":"https:\/\/domumpropiedades.com\/site\/","logo":{"@type":"ImageObject","inLanguage":"es-AR","@id":"https:\/\/domumpropiedades.com\/site\/#\/schema\/logo\/image\/","url":"https:\/\/domumpropiedades.com\/site\/wp-content\/uploads\/2020\/07\/cropped-logo-final-e1596076802973.jpg","contentUrl":"https:\/\/domumpropiedades.com\/site\/wp-content\/uploads\/2020\/07\/cropped-logo-final-e1596076802973.jpg","width":379,"height":233,"caption":"DOMUM PROPIEDADES"},"image":{"@id":"https:\/\/domumpropiedades.com\/site\/#\/schema\/logo\/image\/"}}]}},"_links":{"self":[{"href":"https:\/\/domumpropiedades.com\/site\/wp-json\/wp\/v2\/product\/12194","targetHints":{"allow":["GET"]}}],"collection":[{"href":"https:\/\/domumpropiedades.com\/site\/wp-json\/wp\/v2\/product"}],"about":[{"href":"https:\/\/domumpropiedades.com\/site\/wp-json\/wp\/v2\/types\/product"}],"version-history":[{"count":9,"href":"https:\/\/domumpropiedades.com\/site\/wp-json\/wp\/v2\/product\/12194\/revisions"}],"predecessor-version":[{"id":15822,"href":"https:\/\/domumpropiedades.com\/site\/wp-json\/wp\/v2\/product\/12194\/revisions\/15822"}],"wp:featuredmedia":[{"embeddable":true,"href":"https:\/\/domumpropiedades.com\/site\/wp-json\/wp\/v2\/media\/12195"}],"wp:attachment":[{"href":"https:\/\/domumpropiedades.com\/site\/wp-json\/wp\/v2\/media?parent=12194"}],"wp:term":[{"taxonomy":"product_brand","embeddable":true,"href":"https:\/\/domumpropiedades.com\/site\/wp-json\/wp\/v2\/product_brand?post=12194"},{"taxonomy":"product_cat","embeddable":true,"href":"https:\/\/domumpropiedades.com\/site\/wp-json\/wp\/v2\/product_cat?post=12194"},{"taxonomy":"product_tag","embeddable":true,"href":"https:\/\/domumpropiedades.com\/site\/wp-json\/wp\/v2\/product_tag?post=12194"}],"curies":[{"name":"wp","href":"https:\/\/api.w.org\/{rel}","templated":true}]}}