{"id":12024,"date":"2024-06-10T10:33:37","date_gmt":"2024-06-10T13:33:37","guid":{"rendered":"https:\/\/domumpropiedades.com\/?post_type=product&#038;p=12024"},"modified":"2024-06-10T11:10:50","modified_gmt":"2024-06-10T14:10:50","slug":"casa-piscina-venta","status":"publish","type":"product","link":"https:\/\/domumpropiedades.com\/site\/producto\/casa-piscina-venta\/","title":{"rendered":"Casa con Piscina a la venta en La Floresta || Centro 4 Dormitorios"},"content":{"rendered":"<p>Precio de Venta: USD 245.000<\/p>\n<p>Mas informaci\u00f3n: +59898431087<br \/>\nwww.domumpropiedades.com || domumpropiedades.uy@gmail.com<\/p>\n","protected":false},"excerpt":{"rendered":"<p>Domum Propiedades Vende Casa con Piscina en el Centro de la Floresta a 2 cuadras de la playa. La misma cuenta con 2 pisos: 4 dormitorios, 2 ba\u00f1os. En PB se encuentra un amplio living comedor con hermosa estufa de alto rendimiento (espacios definidos) y gran ventanal con persiana automatizada.<br \/>\nGran cocina con salida al patio exterior. En el 1er piso: hall de distribuci\u00f3n con estufa de alto rendimiento, 3 dormitorios definidos cada uno con aire acondicionado, ba\u00f1o principal, 1 estudio (potencial posible 4to. dormitorio) con salida a terraza\/balc\u00f3n techada.<\/p>\n<p>El fondo consta de lugar de dep\u00f3sito y ba\u00f1o exterior. Zona de lavadero. Gran entorno, verde, jard\u00edn amplio tanto frente como fondo y lateral. Completamente cercada, con port\u00f3n de entrada corredizo. Cochera para varios veh\u00edculos. Aberturas de gran calidad en toda la casa. Piscina, con bomba de filtrado. Galp\u00f3n de grandes dimensiones, ideal para barbacoa.<\/p>\n","protected":false},"featured_media":12047,"template":"","meta":[],"product_brand":[],"product_cat":[143,39,135],"product_tag":[],"class_list":{"0":"post-12024","1":"product","2":"type-product","3":"status-publish","4":"has-post-thumbnail","6":"product_cat-costa-de-oro-venta","7":"product_cat-propiedades","8":"product_cat-venta","10":"first","11":"instock","12":"shipping-taxable","13":"purchasable","14":"product-type-simple"},"yoast_head":"<!-- This site is optimized with the Yoast SEO plugin v27.4 - https:\/\/yoast.com\/product\/yoast-seo-wordpress\/ -->\n<title>Casa con Piscina a la venta en La Floresta || Centro 4 Dormitorios - DOMUM PROPIEDADES<\/title>\n<meta name=\"description\" content=\"Domum Propiedades Vende Casa con Piscina en el Centro de la Floresta a 2 cuadras de la playa. La misma cuenta con 2 pisos: 4 dormitorios, 2 ba\u00f1os...\" \/>\n<meta name=\"robots\" content=\"index, follow, max-snippet:-1, max-image-preview:large, max-video-preview:-1\" \/>\n<link rel=\"canonical\" href=\"https:\/\/domumpropiedades.com\/site\/producto\/casa-piscina-venta\/\" \/>\n<meta property=\"og:locale\" content=\"es_ES\" \/>\n<meta property=\"og:type\" content=\"article\" \/>\n<meta property=\"og:title\" content=\"Casa con Piscina a la venta en La Floresta || Centro 4 Dormitorios - DOMUM PROPIEDADES\" \/>\n<meta property=\"og:description\" content=\"Domum Propiedades Vende Casa con Piscina en el Centro de la Floresta a 2 cuadras de la playa. La misma cuenta con 2 pisos: 4 dormitorios, 2 ba\u00f1os...\" \/>\n<meta property=\"og:url\" content=\"https:\/\/domumpropiedades.com\/site\/producto\/casa-piscina-venta\/\" \/>\n<meta property=\"og:site_name\" content=\"DOMUM PROPIEDADES\" \/>\n<meta property=\"article:modified_time\" content=\"2024-06-10T14:10:50+00:00\" \/>\n<meta property=\"og:image\" content=\"https:\/\/domumpropiedades.com\/site\/wp-content\/uploads\/2024\/06\/WhatsApp-Image-2024-06-10-at-09.39.13.jpeg\" \/>\n\t<meta property=\"og:image:width\" content=\"2048\" \/>\n\t<meta property=\"og:image:height\" content=\"1536\" \/>\n\t<meta property=\"og:image:type\" content=\"image\/jpeg\" \/>\n<meta name=\"twitter:card\" content=\"summary_large_image\" \/>\n<meta name=\"twitter:label1\" content=\"Tiempo de lectura\" \/>\n\t<meta name=\"twitter:data1\" content=\"1 minuto\" \/>\n<script type=\"application\/ld+json\" class=\"yoast-schema-graph\">{\"@context\":\"https:\\\/\\\/schema.org\",\"@graph\":[{\"@type\":\"WebPage\",\"@id\":\"https:\\\/\\\/domumpropiedades.com\\\/site\\\/producto\\\/casa-piscina-venta\\\/\",\"url\":\"https:\\\/\\\/domumpropiedades.com\\\/site\\\/producto\\\/casa-piscina-venta\\\/\",\"name\":\"Casa con Piscina a la venta en La Floresta || Centro 4 Dormitorios - DOMUM PROPIEDADES\",\"isPartOf\":{\"@id\":\"https:\\\/\\\/domumpropiedades.com\\\/site\\\/#website\"},\"primaryImageOfPage\":{\"@id\":\"https:\\\/\\\/domumpropiedades.com\\\/site\\\/producto\\\/casa-piscina-venta\\\/#primaryimage\"},\"image\":{\"@id\":\"https:\\\/\\\/domumpropiedades.com\\\/site\\\/producto\\\/casa-piscina-venta\\\/#primaryimage\"},\"thumbnailUrl\":\"https:\\\/\\\/domumpropiedades.com\\\/site\\\/wp-content\\\/uploads\\\/2024\\\/06\\\/WhatsApp-Image-2024-06-10-at-09.39.13.jpeg\",\"datePublished\":\"2024-06-10T13:33:37+00:00\",\"dateModified\":\"2024-06-10T14:10:50+00:00\",\"description\":\"Domum Propiedades Vende Casa con Piscina en el Centro de la Floresta a 2 cuadras de la playa. La misma cuenta con 2 pisos: 4 dormitorios, 2 ba\u00f1os...\",\"breadcrumb\":{\"@id\":\"https:\\\/\\\/domumpropiedades.com\\\/site\\\/producto\\\/casa-piscina-venta\\\/#breadcrumb\"},\"inLanguage\":\"es-AR\",\"potentialAction\":[{\"@type\":\"ReadAction\",\"target\":[\"https:\\\/\\\/domumpropiedades.com\\\/site\\\/producto\\\/casa-piscina-venta\\\/\"]}]},{\"@type\":\"ImageObject\",\"inLanguage\":\"es-AR\",\"@id\":\"https:\\\/\\\/domumpropiedades.com\\\/site\\\/producto\\\/casa-piscina-venta\\\/#primaryimage\",\"url\":\"https:\\\/\\\/domumpropiedades.com\\\/site\\\/wp-content\\\/uploads\\\/2024\\\/06\\\/WhatsApp-Image-2024-06-10-at-09.39.13.jpeg\",\"contentUrl\":\"https:\\\/\\\/domumpropiedades.com\\\/site\\\/wp-content\\\/uploads\\\/2024\\\/06\\\/WhatsApp-Image-2024-06-10-at-09.39.13.jpeg\",\"width\":2048,\"height\":1536},{\"@type\":\"BreadcrumbList\",\"@id\":\"https:\\\/\\\/domumpropiedades.com\\\/site\\\/producto\\\/casa-piscina-venta\\\/#breadcrumb\",\"itemListElement\":[{\"@type\":\"ListItem\",\"position\":1,\"name\":\"Productos\",\"item\":\"https:\\\/\\\/domumpropiedades.com\\\/site\\\/shop\\\/\"},{\"@type\":\"ListItem\",\"position\":2,\"name\":\"Casa con Piscina a la venta en La Floresta || Centro 4 Dormitorios\"}]},{\"@type\":\"WebSite\",\"@id\":\"https:\\\/\\\/domumpropiedades.com\\\/site\\\/#website\",\"url\":\"https:\\\/\\\/domumpropiedades.com\\\/site\\\/\",\"name\":\"DOMUM PROPIEDADES\",\"description\":\"Asesoramiento Inmobiliario\",\"publisher\":{\"@id\":\"https:\\\/\\\/domumpropiedades.com\\\/site\\\/#organization\"},\"potentialAction\":[{\"@type\":\"SearchAction\",\"target\":{\"@type\":\"EntryPoint\",\"urlTemplate\":\"https:\\\/\\\/domumpropiedades.com\\\/site\\\/?s={search_term_string}\"},\"query-input\":{\"@type\":\"PropertyValueSpecification\",\"valueRequired\":true,\"valueName\":\"search_term_string\"}}],\"inLanguage\":\"es-AR\"},{\"@type\":\"Organization\",\"@id\":\"https:\\\/\\\/domumpropiedades.com\\\/site\\\/#organization\",\"name\":\"DOMUM PROPIEDADES\",\"url\":\"https:\\\/\\\/domumpropiedades.com\\\/site\\\/\",\"logo\":{\"@type\":\"ImageObject\",\"inLanguage\":\"es-AR\",\"@id\":\"https:\\\/\\\/domumpropiedades.com\\\/site\\\/#\\\/schema\\\/logo\\\/image\\\/\",\"url\":\"https:\\\/\\\/domumpropiedades.com\\\/site\\\/wp-content\\\/uploads\\\/2020\\\/07\\\/cropped-logo-final-e1596076802973.jpg\",\"contentUrl\":\"https:\\\/\\\/domumpropiedades.com\\\/site\\\/wp-content\\\/uploads\\\/2020\\\/07\\\/cropped-logo-final-e1596076802973.jpg\",\"width\":379,\"height\":233,\"caption\":\"DOMUM PROPIEDADES\"},\"image\":{\"@id\":\"https:\\\/\\\/domumpropiedades.com\\\/site\\\/#\\\/schema\\\/logo\\\/image\\\/\"}}]}<\/script>\n<!-- \/ Yoast SEO plugin. -->","yoast_head_json":{"title":"Casa con Piscina a la venta en La Floresta || Centro 4 Dormitorios - DOMUM PROPIEDADES","description":"Domum Propiedades Vende Casa con Piscina en el Centro de la Floresta a 2 cuadras de la playa. La misma cuenta con 2 pisos: 4 dormitorios, 2 ba\u00f1os...","robots":{"index":"index","follow":"follow","max-snippet":"max-snippet:-1","max-image-preview":"max-image-preview:large","max-video-preview":"max-video-preview:-1"},"canonical":"https:\/\/domumpropiedades.com\/site\/producto\/casa-piscina-venta\/","og_locale":"es_ES","og_type":"article","og_title":"Casa con Piscina a la venta en La Floresta || Centro 4 Dormitorios - DOMUM PROPIEDADES","og_description":"Domum Propiedades Vende Casa con Piscina en el Centro de la Floresta a 2 cuadras de la playa. La misma cuenta con 2 pisos: 4 dormitorios, 2 ba\u00f1os...","og_url":"https:\/\/domumpropiedades.com\/site\/producto\/casa-piscina-venta\/","og_site_name":"DOMUM PROPIEDADES","article_modified_time":"2024-06-10T14:10:50+00:00","og_image":[{"width":2048,"height":1536,"url":"https:\/\/domumpropiedades.com\/site\/wp-content\/uploads\/2024\/06\/WhatsApp-Image-2024-06-10-at-09.39.13.jpeg","type":"image\/jpeg"}],"twitter_card":"summary_large_image","twitter_misc":{"Tiempo de lectura":"1 minuto"},"schema":{"@context":"https:\/\/schema.org","@graph":[{"@type":"WebPage","@id":"https:\/\/domumpropiedades.com\/site\/producto\/casa-piscina-venta\/","url":"https:\/\/domumpropiedades.com\/site\/producto\/casa-piscina-venta\/","name":"Casa con Piscina a la venta en La Floresta || Centro 4 Dormitorios - DOMUM PROPIEDADES","isPartOf":{"@id":"https:\/\/domumpropiedades.com\/site\/#website"},"primaryImageOfPage":{"@id":"https:\/\/domumpropiedades.com\/site\/producto\/casa-piscina-venta\/#primaryimage"},"image":{"@id":"https:\/\/domumpropiedades.com\/site\/producto\/casa-piscina-venta\/#primaryimage"},"thumbnailUrl":"https:\/\/domumpropiedades.com\/site\/wp-content\/uploads\/2024\/06\/WhatsApp-Image-2024-06-10-at-09.39.13.jpeg","datePublished":"2024-06-10T13:33:37+00:00","dateModified":"2024-06-10T14:10:50+00:00","description":"Domum Propiedades Vende Casa con Piscina en el Centro de la Floresta a 2 cuadras de la playa. La misma cuenta con 2 pisos: 4 dormitorios, 2 ba\u00f1os...","breadcrumb":{"@id":"https:\/\/domumpropiedades.com\/site\/producto\/casa-piscina-venta\/#breadcrumb"},"inLanguage":"es-AR","potentialAction":[{"@type":"ReadAction","target":["https:\/\/domumpropiedades.com\/site\/producto\/casa-piscina-venta\/"]}]},{"@type":"ImageObject","inLanguage":"es-AR","@id":"https:\/\/domumpropiedades.com\/site\/producto\/casa-piscina-venta\/#primaryimage","url":"https:\/\/domumpropiedades.com\/site\/wp-content\/uploads\/2024\/06\/WhatsApp-Image-2024-06-10-at-09.39.13.jpeg","contentUrl":"https:\/\/domumpropiedades.com\/site\/wp-content\/uploads\/2024\/06\/WhatsApp-Image-2024-06-10-at-09.39.13.jpeg","width":2048,"height":1536},{"@type":"BreadcrumbList","@id":"https:\/\/domumpropiedades.com\/site\/producto\/casa-piscina-venta\/#breadcrumb","itemListElement":[{"@type":"ListItem","position":1,"name":"Productos","item":"https:\/\/domumpropiedades.com\/site\/shop\/"},{"@type":"ListItem","position":2,"name":"Casa con Piscina a la venta en La Floresta || Centro 4 Dormitorios"}]},{"@type":"WebSite","@id":"https:\/\/domumpropiedades.com\/site\/#website","url":"https:\/\/domumpropiedades.com\/site\/","name":"DOMUM PROPIEDADES","description":"Asesoramiento Inmobiliario","publisher":{"@id":"https:\/\/domumpropiedades.com\/site\/#organization"},"potentialAction":[{"@type":"SearchAction","target":{"@type":"EntryPoint","urlTemplate":"https:\/\/domumpropiedades.com\/site\/?s={search_term_string}"},"query-input":{"@type":"PropertyValueSpecification","valueRequired":true,"valueName":"search_term_string"}}],"inLanguage":"es-AR"},{"@type":"Organization","@id":"https:\/\/domumpropiedades.com\/site\/#organization","name":"DOMUM PROPIEDADES","url":"https:\/\/domumpropiedades.com\/site\/","logo":{"@type":"ImageObject","inLanguage":"es-AR","@id":"https:\/\/domumpropiedades.com\/site\/#\/schema\/logo\/image\/","url":"https:\/\/domumpropiedades.com\/site\/wp-content\/uploads\/2020\/07\/cropped-logo-final-e1596076802973.jpg","contentUrl":"https:\/\/domumpropiedades.com\/site\/wp-content\/uploads\/2020\/07\/cropped-logo-final-e1596076802973.jpg","width":379,"height":233,"caption":"DOMUM PROPIEDADES"},"image":{"@id":"https:\/\/domumpropiedades.com\/site\/#\/schema\/logo\/image\/"}}]}},"_links":{"self":[{"href":"https:\/\/domumpropiedades.com\/site\/wp-json\/wp\/v2\/product\/12024","targetHints":{"allow":["GET"]}}],"collection":[{"href":"https:\/\/domumpropiedades.com\/site\/wp-json\/wp\/v2\/product"}],"about":[{"href":"https:\/\/domumpropiedades.com\/site\/wp-json\/wp\/v2\/types\/product"}],"version-history":[{"count":3,"href":"https:\/\/domumpropiedades.com\/site\/wp-json\/wp\/v2\/product\/12024\/revisions"}],"predecessor-version":[{"id":12054,"href":"https:\/\/domumpropiedades.com\/site\/wp-json\/wp\/v2\/product\/12024\/revisions\/12054"}],"wp:featuredmedia":[{"embeddable":true,"href":"https:\/\/domumpropiedades.com\/site\/wp-json\/wp\/v2\/media\/12047"}],"wp:attachment":[{"href":"https:\/\/domumpropiedades.com\/site\/wp-json\/wp\/v2\/media?parent=12024"}],"wp:term":[{"taxonomy":"product_brand","embeddable":true,"href":"https:\/\/domumpropiedades.com\/site\/wp-json\/wp\/v2\/product_brand?post=12024"},{"taxonomy":"product_cat","embeddable":true,"href":"https:\/\/domumpropiedades.com\/site\/wp-json\/wp\/v2\/product_cat?post=12024"},{"taxonomy":"product_tag","embeddable":true,"href":"https:\/\/domumpropiedades.com\/site\/wp-json\/wp\/v2\/product_tag?post=12024"}],"curies":[{"name":"wp","href":"https:\/\/api.w.org\/{rel}","templated":true}]}}