{"id":10847,"date":"2024-11-12T16:09:01","date_gmt":"2024-11-12T19:09:01","guid":{"rendered":"https:\/\/domumpropiedades.com\/?post_type=product&#038;p=10847"},"modified":"2025-09-10T17:35:47","modified_gmt":"2025-09-10T20:35:47","slug":"casa-venta-atalaya-3","status":"publish","type":"product","link":"https:\/\/domumpropiedades.com\/site\/producto\/casa-venta-atalaya-3\/","title":{"rendered":"Casa a la Venta en Villa Serrana || Sierra Alta Calle Molle Oportunidad"},"content":{"rendered":"<div class=\"elementor-element elementor-element-7b1116f elementor-widget elementor-widget-woocommerce-product-content\" data-id=\"7b1116f\" data-element_type=\"widget\" data-widget_type=\"woocommerce-product-content.default\">\n<div class=\"elementor-widget-container\">\n<p>Precio de Venta al contado: USD 160.000<\/p>\n<p>Mas informaci\u00f3n: +598 98431087<br \/>\nwww.domumpropiedades.com |\u00a0domumpropiedades.uy@gmail.com<\/p>\n<\/div>\n<\/div>\n<div class=\"elementor-element elementor-element-66e2de7 elementor-share-buttons--view-icon-text elementor-share-buttons--skin-gradient elementor-share-buttons--shape-square elementor-grid-0 elementor-share-buttons--color-official elementor-widget elementor-widget-share-buttons\" data-id=\"66e2de7\" data-element_type=\"widget\" data-widget_type=\"share-buttons.default\">\n<div class=\"elementor-widget-container\">\n<div class=\"elementor-grid\">\n<div class=\"elementor-grid-item\">\n<div class=\"elementor-share-btn elementor-share-btn_whatsapp\" tabindex=\"0\" role=\"button\" aria-label=\"Share on whatsapp\"><\/div>\n<\/div>\n<\/div>\n<\/div>\n<\/div>\n","protected":false},"excerpt":{"rendered":"<p>Domum Propiedades vende casa de \u00e9poca estilo Villamajo en enorme terreno, en el poblado Sierra Alta de Villa Serrana. La casa cuenta con 3 dormitorios, 1 ba\u00f1os, amplio living comedor con estufa a le\u00f1a, cocina definida, techo liviano, galp\u00f3n y garage. Amplio terreno cercado, con parrillero exterior, fondo y vista. Gran oportunidad de inversi\u00f3n. Pozo de agua.<\/p>\n","protected":false},"featured_media":10848,"template":"","meta":[],"product_brand":[],"product_cat":[39,135,138],"product_tag":[],"class_list":{"0":"post-10847","1":"product","2":"type-product","3":"status-publish","4":"has-post-thumbnail","6":"product_cat-propiedades","7":"product_cat-venta","8":"product_cat-villa-serrana-venta","10":"first","11":"instock","12":"sale","13":"shipping-taxable","14":"purchasable","15":"product-type-simple"},"yoast_head":"<!-- This site is optimized with the Yoast SEO plugin v27.4 - https:\/\/yoast.com\/product\/yoast-seo-wordpress\/ -->\n<title>Casa a la Venta en Villa Serrana || Sierra Alta Calle Molle Oportunidad - DOMUM PROPIEDADES<\/title>\n<meta name=\"description\" content=\"Domum Propiedades vende casa de \u00e9poca estilo Villamajo en enorme terreno, en el poblado Sierra Alta de Villa Serrana. La casa cuenta con 2 dos dormitorios\" \/>\n<meta name=\"robots\" content=\"index, follow, max-snippet:-1, max-image-preview:large, max-video-preview:-1\" \/>\n<link rel=\"canonical\" href=\"https:\/\/domumpropiedades.com\/site\/producto\/casa-venta-atalaya-3\/\" \/>\n<meta property=\"og:locale\" content=\"es_ES\" \/>\n<meta property=\"og:type\" content=\"article\" \/>\n<meta property=\"og:title\" content=\"Casa a la Venta en Villa Serrana || Sierra Alta Calle Molle Oportunidad - DOMUM PROPIEDADES\" \/>\n<meta property=\"og:description\" content=\"Domum Propiedades vende casa de \u00e9poca estilo Villamajo en enorme terreno, en el poblado Sierra Alta de Villa Serrana. La casa cuenta con 2 dos dormitorios\" \/>\n<meta property=\"og:url\" content=\"https:\/\/domumpropiedades.com\/site\/producto\/casa-venta-atalaya-3\/\" \/>\n<meta property=\"og:site_name\" content=\"DOMUM PROPIEDADES\" \/>\n<meta property=\"article:modified_time\" content=\"2025-09-10T20:35:47+00:00\" \/>\n<meta property=\"og:image\" content=\"https:\/\/domumpropiedades.com\/site\/wp-content\/uploads\/2023\/12\/01-1.jpeg\" \/>\n\t<meta property=\"og:image:width\" content=\"1600\" \/>\n\t<meta property=\"og:image:height\" content=\"1200\" \/>\n\t<meta property=\"og:image:type\" content=\"image\/jpeg\" \/>\n<meta name=\"twitter:card\" content=\"summary_large_image\" \/>\n<meta name=\"twitter:label1\" content=\"Tiempo de lectura\" \/>\n\t<meta name=\"twitter:data1\" content=\"1 minuto\" \/>\n<script type=\"application\/ld+json\" class=\"yoast-schema-graph\">{\"@context\":\"https:\\\/\\\/schema.org\",\"@graph\":[{\"@type\":\"WebPage\",\"@id\":\"https:\\\/\\\/domumpropiedades.com\\\/site\\\/producto\\\/casa-venta-atalaya-3\\\/\",\"url\":\"https:\\\/\\\/domumpropiedades.com\\\/site\\\/producto\\\/casa-venta-atalaya-3\\\/\",\"name\":\"Casa a la Venta en Villa Serrana || Sierra Alta Calle Molle Oportunidad - DOMUM PROPIEDADES\",\"isPartOf\":{\"@id\":\"https:\\\/\\\/domumpropiedades.com\\\/site\\\/#website\"},\"primaryImageOfPage\":{\"@id\":\"https:\\\/\\\/domumpropiedades.com\\\/site\\\/producto\\\/casa-venta-atalaya-3\\\/#primaryimage\"},\"image\":{\"@id\":\"https:\\\/\\\/domumpropiedades.com\\\/site\\\/producto\\\/casa-venta-atalaya-3\\\/#primaryimage\"},\"thumbnailUrl\":\"https:\\\/\\\/domumpropiedades.com\\\/site\\\/wp-content\\\/uploads\\\/2023\\\/12\\\/01-1.jpeg\",\"datePublished\":\"2024-11-12T19:09:01+00:00\",\"dateModified\":\"2025-09-10T20:35:47+00:00\",\"description\":\"Domum Propiedades vende casa de \u00e9poca estilo Villamajo en enorme terreno, en el poblado Sierra Alta de Villa Serrana. La casa cuenta con 2 dos dormitorios\",\"breadcrumb\":{\"@id\":\"https:\\\/\\\/domumpropiedades.com\\\/site\\\/producto\\\/casa-venta-atalaya-3\\\/#breadcrumb\"},\"inLanguage\":\"es-AR\",\"potentialAction\":[{\"@type\":\"ReadAction\",\"target\":[\"https:\\\/\\\/domumpropiedades.com\\\/site\\\/producto\\\/casa-venta-atalaya-3\\\/\"]}]},{\"@type\":\"ImageObject\",\"inLanguage\":\"es-AR\",\"@id\":\"https:\\\/\\\/domumpropiedades.com\\\/site\\\/producto\\\/casa-venta-atalaya-3\\\/#primaryimage\",\"url\":\"https:\\\/\\\/domumpropiedades.com\\\/site\\\/wp-content\\\/uploads\\\/2023\\\/12\\\/01-1.jpeg\",\"contentUrl\":\"https:\\\/\\\/domumpropiedades.com\\\/site\\\/wp-content\\\/uploads\\\/2023\\\/12\\\/01-1.jpeg\",\"width\":1600,\"height\":1200},{\"@type\":\"BreadcrumbList\",\"@id\":\"https:\\\/\\\/domumpropiedades.com\\\/site\\\/producto\\\/casa-venta-atalaya-3\\\/#breadcrumb\",\"itemListElement\":[{\"@type\":\"ListItem\",\"position\":1,\"name\":\"Productos\",\"item\":\"https:\\\/\\\/domumpropiedades.com\\\/site\\\/shop\\\/\"},{\"@type\":\"ListItem\",\"position\":2,\"name\":\"Casa a la Venta en Villa Serrana || Sierra Alta Calle Molle Oportunidad\"}]},{\"@type\":\"WebSite\",\"@id\":\"https:\\\/\\\/domumpropiedades.com\\\/site\\\/#website\",\"url\":\"https:\\\/\\\/domumpropiedades.com\\\/site\\\/\",\"name\":\"DOMUM PROPIEDADES\",\"description\":\"Asesoramiento Inmobiliario\",\"publisher\":{\"@id\":\"https:\\\/\\\/domumpropiedades.com\\\/site\\\/#organization\"},\"potentialAction\":[{\"@type\":\"SearchAction\",\"target\":{\"@type\":\"EntryPoint\",\"urlTemplate\":\"https:\\\/\\\/domumpropiedades.com\\\/site\\\/?s={search_term_string}\"},\"query-input\":{\"@type\":\"PropertyValueSpecification\",\"valueRequired\":true,\"valueName\":\"search_term_string\"}}],\"inLanguage\":\"es-AR\"},{\"@type\":\"Organization\",\"@id\":\"https:\\\/\\\/domumpropiedades.com\\\/site\\\/#organization\",\"name\":\"DOMUM PROPIEDADES\",\"url\":\"https:\\\/\\\/domumpropiedades.com\\\/site\\\/\",\"logo\":{\"@type\":\"ImageObject\",\"inLanguage\":\"es-AR\",\"@id\":\"https:\\\/\\\/domumpropiedades.com\\\/site\\\/#\\\/schema\\\/logo\\\/image\\\/\",\"url\":\"https:\\\/\\\/domumpropiedades.com\\\/site\\\/wp-content\\\/uploads\\\/2020\\\/07\\\/cropped-logo-final-e1596076802973.jpg\",\"contentUrl\":\"https:\\\/\\\/domumpropiedades.com\\\/site\\\/wp-content\\\/uploads\\\/2020\\\/07\\\/cropped-logo-final-e1596076802973.jpg\",\"width\":379,\"height\":233,\"caption\":\"DOMUM PROPIEDADES\"},\"image\":{\"@id\":\"https:\\\/\\\/domumpropiedades.com\\\/site\\\/#\\\/schema\\\/logo\\\/image\\\/\"}}]}<\/script>\n<!-- \/ Yoast SEO plugin. -->","yoast_head_json":{"title":"Casa a la Venta en Villa Serrana || Sierra Alta Calle Molle Oportunidad - DOMUM PROPIEDADES","description":"Domum Propiedades vende casa de \u00e9poca estilo Villamajo en enorme terreno, en el poblado Sierra Alta de Villa Serrana. La casa cuenta con 2 dos dormitorios","robots":{"index":"index","follow":"follow","max-snippet":"max-snippet:-1","max-image-preview":"max-image-preview:large","max-video-preview":"max-video-preview:-1"},"canonical":"https:\/\/domumpropiedades.com\/site\/producto\/casa-venta-atalaya-3\/","og_locale":"es_ES","og_type":"article","og_title":"Casa a la Venta en Villa Serrana || Sierra Alta Calle Molle Oportunidad - DOMUM PROPIEDADES","og_description":"Domum Propiedades vende casa de \u00e9poca estilo Villamajo en enorme terreno, en el poblado Sierra Alta de Villa Serrana. La casa cuenta con 2 dos dormitorios","og_url":"https:\/\/domumpropiedades.com\/site\/producto\/casa-venta-atalaya-3\/","og_site_name":"DOMUM PROPIEDADES","article_modified_time":"2025-09-10T20:35:47+00:00","og_image":[{"width":1600,"height":1200,"url":"https:\/\/domumpropiedades.com\/site\/wp-content\/uploads\/2023\/12\/01-1.jpeg","type":"image\/jpeg"}],"twitter_card":"summary_large_image","twitter_misc":{"Tiempo de lectura":"1 minuto"},"schema":{"@context":"https:\/\/schema.org","@graph":[{"@type":"WebPage","@id":"https:\/\/domumpropiedades.com\/site\/producto\/casa-venta-atalaya-3\/","url":"https:\/\/domumpropiedades.com\/site\/producto\/casa-venta-atalaya-3\/","name":"Casa a la Venta en Villa Serrana || Sierra Alta Calle Molle Oportunidad - DOMUM PROPIEDADES","isPartOf":{"@id":"https:\/\/domumpropiedades.com\/site\/#website"},"primaryImageOfPage":{"@id":"https:\/\/domumpropiedades.com\/site\/producto\/casa-venta-atalaya-3\/#primaryimage"},"image":{"@id":"https:\/\/domumpropiedades.com\/site\/producto\/casa-venta-atalaya-3\/#primaryimage"},"thumbnailUrl":"https:\/\/domumpropiedades.com\/site\/wp-content\/uploads\/2023\/12\/01-1.jpeg","datePublished":"2024-11-12T19:09:01+00:00","dateModified":"2025-09-10T20:35:47+00:00","description":"Domum Propiedades vende casa de \u00e9poca estilo Villamajo en enorme terreno, en el poblado Sierra Alta de Villa Serrana. La casa cuenta con 2 dos dormitorios","breadcrumb":{"@id":"https:\/\/domumpropiedades.com\/site\/producto\/casa-venta-atalaya-3\/#breadcrumb"},"inLanguage":"es-AR","potentialAction":[{"@type":"ReadAction","target":["https:\/\/domumpropiedades.com\/site\/producto\/casa-venta-atalaya-3\/"]}]},{"@type":"ImageObject","inLanguage":"es-AR","@id":"https:\/\/domumpropiedades.com\/site\/producto\/casa-venta-atalaya-3\/#primaryimage","url":"https:\/\/domumpropiedades.com\/site\/wp-content\/uploads\/2023\/12\/01-1.jpeg","contentUrl":"https:\/\/domumpropiedades.com\/site\/wp-content\/uploads\/2023\/12\/01-1.jpeg","width":1600,"height":1200},{"@type":"BreadcrumbList","@id":"https:\/\/domumpropiedades.com\/site\/producto\/casa-venta-atalaya-3\/#breadcrumb","itemListElement":[{"@type":"ListItem","position":1,"name":"Productos","item":"https:\/\/domumpropiedades.com\/site\/shop\/"},{"@type":"ListItem","position":2,"name":"Casa a la Venta en Villa Serrana || Sierra Alta Calle Molle Oportunidad"}]},{"@type":"WebSite","@id":"https:\/\/domumpropiedades.com\/site\/#website","url":"https:\/\/domumpropiedades.com\/site\/","name":"DOMUM PROPIEDADES","description":"Asesoramiento Inmobiliario","publisher":{"@id":"https:\/\/domumpropiedades.com\/site\/#organization"},"potentialAction":[{"@type":"SearchAction","target":{"@type":"EntryPoint","urlTemplate":"https:\/\/domumpropiedades.com\/site\/?s={search_term_string}"},"query-input":{"@type":"PropertyValueSpecification","valueRequired":true,"valueName":"search_term_string"}}],"inLanguage":"es-AR"},{"@type":"Organization","@id":"https:\/\/domumpropiedades.com\/site\/#organization","name":"DOMUM PROPIEDADES","url":"https:\/\/domumpropiedades.com\/site\/","logo":{"@type":"ImageObject","inLanguage":"es-AR","@id":"https:\/\/domumpropiedades.com\/site\/#\/schema\/logo\/image\/","url":"https:\/\/domumpropiedades.com\/site\/wp-content\/uploads\/2020\/07\/cropped-logo-final-e1596076802973.jpg","contentUrl":"https:\/\/domumpropiedades.com\/site\/wp-content\/uploads\/2020\/07\/cropped-logo-final-e1596076802973.jpg","width":379,"height":233,"caption":"DOMUM PROPIEDADES"},"image":{"@id":"https:\/\/domumpropiedades.com\/site\/#\/schema\/logo\/image\/"}}]}},"_links":{"self":[{"href":"https:\/\/domumpropiedades.com\/site\/wp-json\/wp\/v2\/product\/10847","targetHints":{"allow":["GET"]}}],"collection":[{"href":"https:\/\/domumpropiedades.com\/site\/wp-json\/wp\/v2\/product"}],"about":[{"href":"https:\/\/domumpropiedades.com\/site\/wp-json\/wp\/v2\/types\/product"}],"version-history":[{"count":12,"href":"https:\/\/domumpropiedades.com\/site\/wp-json\/wp\/v2\/product\/10847\/revisions"}],"predecessor-version":[{"id":14911,"href":"https:\/\/domumpropiedades.com\/site\/wp-json\/wp\/v2\/product\/10847\/revisions\/14911"}],"wp:featuredmedia":[{"embeddable":true,"href":"https:\/\/domumpropiedades.com\/site\/wp-json\/wp\/v2\/media\/10848"}],"wp:attachment":[{"href":"https:\/\/domumpropiedades.com\/site\/wp-json\/wp\/v2\/media?parent=10847"}],"wp:term":[{"taxonomy":"product_brand","embeddable":true,"href":"https:\/\/domumpropiedades.com\/site\/wp-json\/wp\/v2\/product_brand?post=10847"},{"taxonomy":"product_cat","embeddable":true,"href":"https:\/\/domumpropiedades.com\/site\/wp-json\/wp\/v2\/product_cat?post=10847"},{"taxonomy":"product_tag","embeddable":true,"href":"https:\/\/domumpropiedades.com\/site\/wp-json\/wp\/v2\/product_tag?post=10847"}],"curies":[{"name":"wp","href":"https:\/\/api.w.org\/{rel}","templated":true}]}}