{"id":1025,"date":"2020-08-04T13:00:40","date_gmt":"2020-08-04T16:00:40","guid":{"rendered":"https:\/\/domumpropiedades.com\/site\/?post_type=product&#038;p=1025"},"modified":"2020-11-20T12:47:55","modified_gmt":"2020-11-20T15:47:55","slug":"campo-de-23-has-a-la-venta-linderas-a-villa-serrana-comercio-renta","status":"publish","type":"product","link":"https:\/\/domumpropiedades.com\/site\/producto\/campo-de-23-has-a-la-venta-linderas-a-villa-serrana-comercio-renta\/","title":{"rendered":"Campo de 23 Has a la Venta linderas a Villa Serrana \u2013 Comercio Emprendimiento Renta"},"content":{"rendered":"<p style=\"text-align: center;\">Se escucha propuestas. Descuento pago al contado<\/p>\n<p style=\"text-align: center;\">Precio de venta: USD 440.000<\/p>\n<p style=\"text-align: center;\">M\u00e1s informaci\u00f3n: +598 98431087<br \/>\ndomumpropiedades.uy@gmail.com\u00a0&#8211; <a href=\"http:\/\/www.domumpropiedades.com\/\" rel=\"nofollow\">http:\/\/www.domumpropiedades.com<\/a><\/p>\n","protected":false},"excerpt":{"rendered":"<p style=\"text-align: center;\">Muy interesantes 23 hect\u00e1reas linderas al Cerro Guazubir\u00e1 de Villa Serrana con ingreso por la calle Bernasconi. El padr\u00f3n cuenta con 2 construcciones de madera, estilo Caba\u00f1a 4 dormitorios, ba\u00f1o , cocina, comedor, deck. Cuenta con barbacoa , las casas cuentan con excelente vista panoramica.<\/p>\n<p style=\"text-align: center;\">Ideal emprendimiento natural que requiera de bosque nativo, monte. Turismo ecologico, complejo de caba\u00f1as. 100% Natural.<\/p>\n<p style=\"text-align: center;\">\n","protected":false},"featured_media":1026,"template":"","meta":[],"product_brand":[],"product_cat":[146,39,135],"product_tag":[],"class_list":{"0":"post-1025","1":"product","2":"type-product","3":"status-publish","4":"has-post-thumbnail","6":"product_cat-campos","7":"product_cat-propiedades","8":"product_cat-venta","10":"first","11":"instock","12":"shipping-taxable","13":"purchasable","14":"product-type-simple"},"yoast_head":"<!-- This site is optimized with the Yoast SEO plugin v27.4 - https:\/\/yoast.com\/product\/yoast-seo-wordpress\/ -->\n<title>Campo de 23 Has a la Venta linderas a Villa Serrana \u2013 Comercio Emprendimiento Renta - DOMUM PROPIEDADES<\/title>\n<meta name=\"robots\" content=\"index, follow, max-snippet:-1, max-image-preview:large, max-video-preview:-1\" \/>\n<link rel=\"canonical\" href=\"https:\/\/domumpropiedades.com\/site\/producto\/campo-de-23-has-a-la-venta-linderas-a-villa-serrana-comercio-renta\/\" \/>\n<meta property=\"og:locale\" content=\"es_ES\" \/>\n<meta property=\"og:type\" content=\"article\" \/>\n<meta property=\"og:title\" content=\"Campo de 23 Has a la Venta linderas a Villa Serrana \u2013 Comercio Emprendimiento Renta - DOMUM PROPIEDADES\" \/>\n<meta property=\"og:description\" content=\"Muy interesantes 23 hect\u00e1reas linderas al Cerro Guazubir\u00e1 de Villa Serrana con ingreso por la calle Bernasconi. El padr\u00f3n cuenta con 2 construcciones de madera, estilo Caba\u00f1a 4 dormitorios, ba\u00f1o , cocina, comedor, deck. Cuenta con barbacoa , las casas cuentan con excelente vista panoramica. Ideal emprendimiento natural que requiera de bosque nativo, monte. Turismo ecologico, complejo de caba\u00f1as. 100% Natural.\" \/>\n<meta property=\"og:url\" content=\"https:\/\/domumpropiedades.com\/site\/producto\/campo-de-23-has-a-la-venta-linderas-a-villa-serrana-comercio-renta\/\" \/>\n<meta property=\"og:site_name\" content=\"DOMUM PROPIEDADES\" \/>\n<meta property=\"article:modified_time\" content=\"2020-11-20T15:47:55+00:00\" \/>\n<meta property=\"og:image\" content=\"https:\/\/domumpropiedades.com\/site\/wp-content\/uploads\/2020\/08\/visor-alejado.png\" \/>\n\t<meta property=\"og:image:width\" content=\"975\" \/>\n\t<meta property=\"og:image:height\" content=\"569\" \/>\n\t<meta property=\"og:image:type\" content=\"image\/png\" \/>\n<meta name=\"twitter:card\" content=\"summary_large_image\" \/>\n<script type=\"application\/ld+json\" class=\"yoast-schema-graph\">{\"@context\":\"https:\\\/\\\/schema.org\",\"@graph\":[{\"@type\":\"WebPage\",\"@id\":\"https:\\\/\\\/domumpropiedades.com\\\/site\\\/producto\\\/campo-de-23-has-a-la-venta-linderas-a-villa-serrana-comercio-renta\\\/\",\"url\":\"https:\\\/\\\/domumpropiedades.com\\\/site\\\/producto\\\/campo-de-23-has-a-la-venta-linderas-a-villa-serrana-comercio-renta\\\/\",\"name\":\"Campo de 23 Has a la Venta linderas a Villa Serrana \u2013 Comercio Emprendimiento Renta - DOMUM PROPIEDADES\",\"isPartOf\":{\"@id\":\"https:\\\/\\\/domumpropiedades.com\\\/site\\\/#website\"},\"primaryImageOfPage\":{\"@id\":\"https:\\\/\\\/domumpropiedades.com\\\/site\\\/producto\\\/campo-de-23-has-a-la-venta-linderas-a-villa-serrana-comercio-renta\\\/#primaryimage\"},\"image\":{\"@id\":\"https:\\\/\\\/domumpropiedades.com\\\/site\\\/producto\\\/campo-de-23-has-a-la-venta-linderas-a-villa-serrana-comercio-renta\\\/#primaryimage\"},\"thumbnailUrl\":\"https:\\\/\\\/domumpropiedades.com\\\/site\\\/wp-content\\\/uploads\\\/2020\\\/08\\\/visor-alejado.png\",\"datePublished\":\"2020-08-04T16:00:40+00:00\",\"dateModified\":\"2020-11-20T15:47:55+00:00\",\"breadcrumb\":{\"@id\":\"https:\\\/\\\/domumpropiedades.com\\\/site\\\/producto\\\/campo-de-23-has-a-la-venta-linderas-a-villa-serrana-comercio-renta\\\/#breadcrumb\"},\"inLanguage\":\"es-AR\",\"potentialAction\":[{\"@type\":\"ReadAction\",\"target\":[\"https:\\\/\\\/domumpropiedades.com\\\/site\\\/producto\\\/campo-de-23-has-a-la-venta-linderas-a-villa-serrana-comercio-renta\\\/\"]}]},{\"@type\":\"ImageObject\",\"inLanguage\":\"es-AR\",\"@id\":\"https:\\\/\\\/domumpropiedades.com\\\/site\\\/producto\\\/campo-de-23-has-a-la-venta-linderas-a-villa-serrana-comercio-renta\\\/#primaryimage\",\"url\":\"https:\\\/\\\/domumpropiedades.com\\\/site\\\/wp-content\\\/uploads\\\/2020\\\/08\\\/visor-alejado.png\",\"contentUrl\":\"https:\\\/\\\/domumpropiedades.com\\\/site\\\/wp-content\\\/uploads\\\/2020\\\/08\\\/visor-alejado.png\",\"width\":975,\"height\":569},{\"@type\":\"BreadcrumbList\",\"@id\":\"https:\\\/\\\/domumpropiedades.com\\\/site\\\/producto\\\/campo-de-23-has-a-la-venta-linderas-a-villa-serrana-comercio-renta\\\/#breadcrumb\",\"itemListElement\":[{\"@type\":\"ListItem\",\"position\":1,\"name\":\"Productos\",\"item\":\"https:\\\/\\\/domumpropiedades.com\\\/site\\\/shop\\\/\"},{\"@type\":\"ListItem\",\"position\":2,\"name\":\"Campo de 23 Has a la Venta linderas a Villa Serrana \u2013 Comercio Emprendimiento Renta\"}]},{\"@type\":\"WebSite\",\"@id\":\"https:\\\/\\\/domumpropiedades.com\\\/site\\\/#website\",\"url\":\"https:\\\/\\\/domumpropiedades.com\\\/site\\\/\",\"name\":\"DOMUM PROPIEDADES\",\"description\":\"Asesoramiento Inmobiliario\",\"publisher\":{\"@id\":\"https:\\\/\\\/domumpropiedades.com\\\/site\\\/#organization\"},\"potentialAction\":[{\"@type\":\"SearchAction\",\"target\":{\"@type\":\"EntryPoint\",\"urlTemplate\":\"https:\\\/\\\/domumpropiedades.com\\\/site\\\/?s={search_term_string}\"},\"query-input\":{\"@type\":\"PropertyValueSpecification\",\"valueRequired\":true,\"valueName\":\"search_term_string\"}}],\"inLanguage\":\"es-AR\"},{\"@type\":\"Organization\",\"@id\":\"https:\\\/\\\/domumpropiedades.com\\\/site\\\/#organization\",\"name\":\"DOMUM PROPIEDADES\",\"url\":\"https:\\\/\\\/domumpropiedades.com\\\/site\\\/\",\"logo\":{\"@type\":\"ImageObject\",\"inLanguage\":\"es-AR\",\"@id\":\"https:\\\/\\\/domumpropiedades.com\\\/site\\\/#\\\/schema\\\/logo\\\/image\\\/\",\"url\":\"https:\\\/\\\/domumpropiedades.com\\\/site\\\/wp-content\\\/uploads\\\/2020\\\/07\\\/cropped-logo-final-e1596076802973.jpg\",\"contentUrl\":\"https:\\\/\\\/domumpropiedades.com\\\/site\\\/wp-content\\\/uploads\\\/2020\\\/07\\\/cropped-logo-final-e1596076802973.jpg\",\"width\":379,\"height\":233,\"caption\":\"DOMUM PROPIEDADES\"},\"image\":{\"@id\":\"https:\\\/\\\/domumpropiedades.com\\\/site\\\/#\\\/schema\\\/logo\\\/image\\\/\"}}]}<\/script>\n<!-- \/ Yoast SEO plugin. -->","yoast_head_json":{"title":"Campo de 23 Has a la Venta linderas a Villa Serrana \u2013 Comercio Emprendimiento Renta - DOMUM PROPIEDADES","robots":{"index":"index","follow":"follow","max-snippet":"max-snippet:-1","max-image-preview":"max-image-preview:large","max-video-preview":"max-video-preview:-1"},"canonical":"https:\/\/domumpropiedades.com\/site\/producto\/campo-de-23-has-a-la-venta-linderas-a-villa-serrana-comercio-renta\/","og_locale":"es_ES","og_type":"article","og_title":"Campo de 23 Has a la Venta linderas a Villa Serrana \u2013 Comercio Emprendimiento Renta - DOMUM PROPIEDADES","og_description":"Muy interesantes 23 hect\u00e1reas linderas al Cerro Guazubir\u00e1 de Villa Serrana con ingreso por la calle Bernasconi. El padr\u00f3n cuenta con 2 construcciones de madera, estilo Caba\u00f1a 4 dormitorios, ba\u00f1o , cocina, comedor, deck. Cuenta con barbacoa , las casas cuentan con excelente vista panoramica. Ideal emprendimiento natural que requiera de bosque nativo, monte. Turismo ecologico, complejo de caba\u00f1as. 100% Natural.","og_url":"https:\/\/domumpropiedades.com\/site\/producto\/campo-de-23-has-a-la-venta-linderas-a-villa-serrana-comercio-renta\/","og_site_name":"DOMUM PROPIEDADES","article_modified_time":"2020-11-20T15:47:55+00:00","og_image":[{"width":975,"height":569,"url":"https:\/\/domumpropiedades.com\/site\/wp-content\/uploads\/2020\/08\/visor-alejado.png","type":"image\/png"}],"twitter_card":"summary_large_image","schema":{"@context":"https:\/\/schema.org","@graph":[{"@type":"WebPage","@id":"https:\/\/domumpropiedades.com\/site\/producto\/campo-de-23-has-a-la-venta-linderas-a-villa-serrana-comercio-renta\/","url":"https:\/\/domumpropiedades.com\/site\/producto\/campo-de-23-has-a-la-venta-linderas-a-villa-serrana-comercio-renta\/","name":"Campo de 23 Has a la Venta linderas a Villa Serrana \u2013 Comercio Emprendimiento Renta - DOMUM PROPIEDADES","isPartOf":{"@id":"https:\/\/domumpropiedades.com\/site\/#website"},"primaryImageOfPage":{"@id":"https:\/\/domumpropiedades.com\/site\/producto\/campo-de-23-has-a-la-venta-linderas-a-villa-serrana-comercio-renta\/#primaryimage"},"image":{"@id":"https:\/\/domumpropiedades.com\/site\/producto\/campo-de-23-has-a-la-venta-linderas-a-villa-serrana-comercio-renta\/#primaryimage"},"thumbnailUrl":"https:\/\/domumpropiedades.com\/site\/wp-content\/uploads\/2020\/08\/visor-alejado.png","datePublished":"2020-08-04T16:00:40+00:00","dateModified":"2020-11-20T15:47:55+00:00","breadcrumb":{"@id":"https:\/\/domumpropiedades.com\/site\/producto\/campo-de-23-has-a-la-venta-linderas-a-villa-serrana-comercio-renta\/#breadcrumb"},"inLanguage":"es-AR","potentialAction":[{"@type":"ReadAction","target":["https:\/\/domumpropiedades.com\/site\/producto\/campo-de-23-has-a-la-venta-linderas-a-villa-serrana-comercio-renta\/"]}]},{"@type":"ImageObject","inLanguage":"es-AR","@id":"https:\/\/domumpropiedades.com\/site\/producto\/campo-de-23-has-a-la-venta-linderas-a-villa-serrana-comercio-renta\/#primaryimage","url":"https:\/\/domumpropiedades.com\/site\/wp-content\/uploads\/2020\/08\/visor-alejado.png","contentUrl":"https:\/\/domumpropiedades.com\/site\/wp-content\/uploads\/2020\/08\/visor-alejado.png","width":975,"height":569},{"@type":"BreadcrumbList","@id":"https:\/\/domumpropiedades.com\/site\/producto\/campo-de-23-has-a-la-venta-linderas-a-villa-serrana-comercio-renta\/#breadcrumb","itemListElement":[{"@type":"ListItem","position":1,"name":"Productos","item":"https:\/\/domumpropiedades.com\/site\/shop\/"},{"@type":"ListItem","position":2,"name":"Campo de 23 Has a la Venta linderas a Villa Serrana \u2013 Comercio Emprendimiento Renta"}]},{"@type":"WebSite","@id":"https:\/\/domumpropiedades.com\/site\/#website","url":"https:\/\/domumpropiedades.com\/site\/","name":"DOMUM PROPIEDADES","description":"Asesoramiento Inmobiliario","publisher":{"@id":"https:\/\/domumpropiedades.com\/site\/#organization"},"potentialAction":[{"@type":"SearchAction","target":{"@type":"EntryPoint","urlTemplate":"https:\/\/domumpropiedades.com\/site\/?s={search_term_string}"},"query-input":{"@type":"PropertyValueSpecification","valueRequired":true,"valueName":"search_term_string"}}],"inLanguage":"es-AR"},{"@type":"Organization","@id":"https:\/\/domumpropiedades.com\/site\/#organization","name":"DOMUM PROPIEDADES","url":"https:\/\/domumpropiedades.com\/site\/","logo":{"@type":"ImageObject","inLanguage":"es-AR","@id":"https:\/\/domumpropiedades.com\/site\/#\/schema\/logo\/image\/","url":"https:\/\/domumpropiedades.com\/site\/wp-content\/uploads\/2020\/07\/cropped-logo-final-e1596076802973.jpg","contentUrl":"https:\/\/domumpropiedades.com\/site\/wp-content\/uploads\/2020\/07\/cropped-logo-final-e1596076802973.jpg","width":379,"height":233,"caption":"DOMUM PROPIEDADES"},"image":{"@id":"https:\/\/domumpropiedades.com\/site\/#\/schema\/logo\/image\/"}}]}},"_links":{"self":[{"href":"https:\/\/domumpropiedades.com\/site\/wp-json\/wp\/v2\/product\/1025","targetHints":{"allow":["GET"]}}],"collection":[{"href":"https:\/\/domumpropiedades.com\/site\/wp-json\/wp\/v2\/product"}],"about":[{"href":"https:\/\/domumpropiedades.com\/site\/wp-json\/wp\/v2\/types\/product"}],"version-history":[{"count":2,"href":"https:\/\/domumpropiedades.com\/site\/wp-json\/wp\/v2\/product\/1025\/revisions"}],"predecessor-version":[{"id":1579,"href":"https:\/\/domumpropiedades.com\/site\/wp-json\/wp\/v2\/product\/1025\/revisions\/1579"}],"wp:featuredmedia":[{"embeddable":true,"href":"https:\/\/domumpropiedades.com\/site\/wp-json\/wp\/v2\/media\/1026"}],"wp:attachment":[{"href":"https:\/\/domumpropiedades.com\/site\/wp-json\/wp\/v2\/media?parent=1025"}],"wp:term":[{"taxonomy":"product_brand","embeddable":true,"href":"https:\/\/domumpropiedades.com\/site\/wp-json\/wp\/v2\/product_brand?post=1025"},{"taxonomy":"product_cat","embeddable":true,"href":"https:\/\/domumpropiedades.com\/site\/wp-json\/wp\/v2\/product_cat?post=1025"},{"taxonomy":"product_tag","embeddable":true,"href":"https:\/\/domumpropiedades.com\/site\/wp-json\/wp\/v2\/product_tag?post=1025"}],"curies":[{"name":"wp","href":"https:\/\/api.w.org\/{rel}","templated":true}]}}