{"id":10082,"date":"2025-12-22T08:58:49","date_gmt":"2025-12-22T11:58:49","guid":{"rendered":"https:\/\/domumpropiedades.com\/?post_type=product&#038;p=10082"},"modified":"2026-03-03T15:28:49","modified_gmt":"2026-03-03T18:28:49","slug":"casa-venta-lascumbres","status":"publish","type":"product","link":"https:\/\/domumpropiedades.com\/site\/producto\/casa-venta-lascumbres\/","title":{"rendered":"Casa a la Venta en Villa Serrana | Las Cumbres 2 dormitorios VISTA Permuta Punta del Este"},"content":{"rendered":"<p>Precio de Venta: USD 119.000<\/p>\n<p>Mas informaci\u00f3n: +598 98431087<br \/>\nwww.domumpropiedades.com | domumpropiedades.uy@gmail.com<\/p>\n<p><iframe title=\"Casa a la Venta en Villa Serrana| Las Cumbres Vista\" width=\"800\" height=\"450\" src=\"https:\/\/www.youtube.com\/embed\/IXz8eKIkd-o?feature=oembed\" frameborder=\"0\" allow=\"accelerometer; autoplay; clipboard-write; encrypted-media; gyroscope; picture-in-picture; web-share\" referrerpolicy=\"strict-origin-when-cross-origin\" allowfullscreen><\/iframe><\/p>\n","protected":false},"excerpt":{"rendered":"<p>Domum Propiedades vende casa en el poblado Las Cumbres de Villa Serrana. La casa se encuentra en una estrat\u00e9gica ubicaci\u00f3n para poder apreciar la hermosa vista abierta. La casa cuenta con 2 dormitorios, 1 ba\u00f1o completo, cocina con comedor y living integrado con estufa a le\u00f1a y unos ventanales de muy buena calidad y funcionales para aprovechar la hermosa vista. Parrillero techado.<\/p>\n<p style=\"text-align: center;\"><strong>Acepta permuta por apartamento en Punta del Este de menor valor + USD.<\/strong><\/p>\n","protected":false},"featured_media":12919,"template":"","meta":[],"product_brand":[],"product_cat":[39,135,138],"product_tag":[],"class_list":{"0":"post-10082","1":"product","2":"type-product","3":"status-publish","4":"has-post-thumbnail","6":"product_cat-propiedades","7":"product_cat-venta","8":"product_cat-villa-serrana-venta","10":"first","11":"instock","12":"sale","13":"shipping-taxable","14":"purchasable","15":"product-type-simple"},"yoast_head":"<!-- This site is optimized with the Yoast SEO plugin v27.4 - https:\/\/yoast.com\/product\/yoast-seo-wordpress\/ -->\n<title>Casa a la Venta en Villa Serrana | Las Cumbres 2 dormitorios VISTA Permuta Punta del Este - DOMUM PROPIEDADES<\/title>\n<meta name=\"description\" content=\"Domum Propiedades vende casa en el poblado Las Cumbres de Villa Serrana. La casa se encuentra en una estrat\u00e9gica ubicaci\u00f3n para poder apreciar la hermosa...\" \/>\n<meta name=\"robots\" content=\"index, follow, max-snippet:-1, max-image-preview:large, max-video-preview:-1\" \/>\n<link rel=\"canonical\" href=\"https:\/\/domumpropiedades.com\/site\/producto\/casa-venta-lascumbres\/\" \/>\n<meta property=\"og:locale\" content=\"es_ES\" \/>\n<meta property=\"og:type\" content=\"article\" \/>\n<meta property=\"og:title\" content=\"Casa a la Venta en Villa Serrana | Las Cumbres 2 dormitorios VISTA Permuta Punta del Este - DOMUM PROPIEDADES\" \/>\n<meta property=\"og:description\" content=\"Domum Propiedades vende casa en el poblado Las Cumbres de Villa Serrana. La casa se encuentra en una estrat\u00e9gica ubicaci\u00f3n para poder apreciar la hermosa...\" \/>\n<meta property=\"og:url\" content=\"https:\/\/domumpropiedades.com\/site\/producto\/casa-venta-lascumbres\/\" \/>\n<meta property=\"og:site_name\" content=\"DOMUM PROPIEDADES\" \/>\n<meta property=\"article:modified_time\" content=\"2026-03-03T18:28:49+00:00\" \/>\n<meta property=\"og:image\" content=\"https:\/\/domumpropiedades.com\/site\/wp-content\/uploads\/2024\/08\/02-5.jpeg\" \/>\n\t<meta property=\"og:image:width\" content=\"2048\" \/>\n\t<meta property=\"og:image:height\" content=\"1536\" \/>\n\t<meta property=\"og:image:type\" content=\"image\/jpeg\" \/>\n<meta name=\"twitter:card\" content=\"summary_large_image\" \/>\n<meta name=\"twitter:label1\" content=\"Tiempo de lectura\" \/>\n\t<meta name=\"twitter:data1\" content=\"1 minuto\" \/>\n<script type=\"application\/ld+json\" class=\"yoast-schema-graph\">{\"@context\":\"https:\\\/\\\/schema.org\",\"@graph\":[{\"@type\":\"WebPage\",\"@id\":\"https:\\\/\\\/domumpropiedades.com\\\/site\\\/producto\\\/casa-venta-lascumbres\\\/\",\"url\":\"https:\\\/\\\/domumpropiedades.com\\\/site\\\/producto\\\/casa-venta-lascumbres\\\/\",\"name\":\"Casa a la Venta en Villa Serrana | Las Cumbres 2 dormitorios VISTA Permuta Punta del Este - DOMUM PROPIEDADES\",\"isPartOf\":{\"@id\":\"https:\\\/\\\/domumpropiedades.com\\\/site\\\/#website\"},\"primaryImageOfPage\":{\"@id\":\"https:\\\/\\\/domumpropiedades.com\\\/site\\\/producto\\\/casa-venta-lascumbres\\\/#primaryimage\"},\"image\":{\"@id\":\"https:\\\/\\\/domumpropiedades.com\\\/site\\\/producto\\\/casa-venta-lascumbres\\\/#primaryimage\"},\"thumbnailUrl\":\"https:\\\/\\\/domumpropiedades.com\\\/site\\\/wp-content\\\/uploads\\\/2024\\\/08\\\/02-5.jpeg\",\"datePublished\":\"2025-12-22T11:58:49+00:00\",\"dateModified\":\"2026-03-03T18:28:49+00:00\",\"description\":\"Domum Propiedades vende casa en el poblado Las Cumbres de Villa Serrana. La casa se encuentra en una estrat\u00e9gica ubicaci\u00f3n para poder apreciar la hermosa...\",\"breadcrumb\":{\"@id\":\"https:\\\/\\\/domumpropiedades.com\\\/site\\\/producto\\\/casa-venta-lascumbres\\\/#breadcrumb\"},\"inLanguage\":\"es-AR\",\"potentialAction\":[{\"@type\":\"ReadAction\",\"target\":[\"https:\\\/\\\/domumpropiedades.com\\\/site\\\/producto\\\/casa-venta-lascumbres\\\/\"]}]},{\"@type\":\"ImageObject\",\"inLanguage\":\"es-AR\",\"@id\":\"https:\\\/\\\/domumpropiedades.com\\\/site\\\/producto\\\/casa-venta-lascumbres\\\/#primaryimage\",\"url\":\"https:\\\/\\\/domumpropiedades.com\\\/site\\\/wp-content\\\/uploads\\\/2024\\\/08\\\/02-5.jpeg\",\"contentUrl\":\"https:\\\/\\\/domumpropiedades.com\\\/site\\\/wp-content\\\/uploads\\\/2024\\\/08\\\/02-5.jpeg\",\"width\":2048,\"height\":1536},{\"@type\":\"BreadcrumbList\",\"@id\":\"https:\\\/\\\/domumpropiedades.com\\\/site\\\/producto\\\/casa-venta-lascumbres\\\/#breadcrumb\",\"itemListElement\":[{\"@type\":\"ListItem\",\"position\":1,\"name\":\"Productos\",\"item\":\"https:\\\/\\\/domumpropiedades.com\\\/site\\\/shop\\\/\"},{\"@type\":\"ListItem\",\"position\":2,\"name\":\"Casa a la Venta en Villa Serrana | Las Cumbres 2 dormitorios VISTA Permuta Punta del Este\"}]},{\"@type\":\"WebSite\",\"@id\":\"https:\\\/\\\/domumpropiedades.com\\\/site\\\/#website\",\"url\":\"https:\\\/\\\/domumpropiedades.com\\\/site\\\/\",\"name\":\"DOMUM PROPIEDADES\",\"description\":\"Asesoramiento Inmobiliario\",\"publisher\":{\"@id\":\"https:\\\/\\\/domumpropiedades.com\\\/site\\\/#organization\"},\"potentialAction\":[{\"@type\":\"SearchAction\",\"target\":{\"@type\":\"EntryPoint\",\"urlTemplate\":\"https:\\\/\\\/domumpropiedades.com\\\/site\\\/?s={search_term_string}\"},\"query-input\":{\"@type\":\"PropertyValueSpecification\",\"valueRequired\":true,\"valueName\":\"search_term_string\"}}],\"inLanguage\":\"es-AR\"},{\"@type\":\"Organization\",\"@id\":\"https:\\\/\\\/domumpropiedades.com\\\/site\\\/#organization\",\"name\":\"DOMUM PROPIEDADES\",\"url\":\"https:\\\/\\\/domumpropiedades.com\\\/site\\\/\",\"logo\":{\"@type\":\"ImageObject\",\"inLanguage\":\"es-AR\",\"@id\":\"https:\\\/\\\/domumpropiedades.com\\\/site\\\/#\\\/schema\\\/logo\\\/image\\\/\",\"url\":\"https:\\\/\\\/domumpropiedades.com\\\/site\\\/wp-content\\\/uploads\\\/2020\\\/07\\\/cropped-logo-final-e1596076802973.jpg\",\"contentUrl\":\"https:\\\/\\\/domumpropiedades.com\\\/site\\\/wp-content\\\/uploads\\\/2020\\\/07\\\/cropped-logo-final-e1596076802973.jpg\",\"width\":379,\"height\":233,\"caption\":\"DOMUM PROPIEDADES\"},\"image\":{\"@id\":\"https:\\\/\\\/domumpropiedades.com\\\/site\\\/#\\\/schema\\\/logo\\\/image\\\/\"}}]}<\/script>\n<!-- \/ Yoast SEO plugin. -->","yoast_head_json":{"title":"Casa a la Venta en Villa Serrana | Las Cumbres 2 dormitorios VISTA Permuta Punta del Este - DOMUM PROPIEDADES","description":"Domum Propiedades vende casa en el poblado Las Cumbres de Villa Serrana. La casa se encuentra en una estrat\u00e9gica ubicaci\u00f3n para poder apreciar la hermosa...","robots":{"index":"index","follow":"follow","max-snippet":"max-snippet:-1","max-image-preview":"max-image-preview:large","max-video-preview":"max-video-preview:-1"},"canonical":"https:\/\/domumpropiedades.com\/site\/producto\/casa-venta-lascumbres\/","og_locale":"es_ES","og_type":"article","og_title":"Casa a la Venta en Villa Serrana | Las Cumbres 2 dormitorios VISTA Permuta Punta del Este - DOMUM PROPIEDADES","og_description":"Domum Propiedades vende casa en el poblado Las Cumbres de Villa Serrana. La casa se encuentra en una estrat\u00e9gica ubicaci\u00f3n para poder apreciar la hermosa...","og_url":"https:\/\/domumpropiedades.com\/site\/producto\/casa-venta-lascumbres\/","og_site_name":"DOMUM PROPIEDADES","article_modified_time":"2026-03-03T18:28:49+00:00","og_image":[{"width":2048,"height":1536,"url":"https:\/\/domumpropiedades.com\/site\/wp-content\/uploads\/2024\/08\/02-5.jpeg","type":"image\/jpeg"}],"twitter_card":"summary_large_image","twitter_misc":{"Tiempo de lectura":"1 minuto"},"schema":{"@context":"https:\/\/schema.org","@graph":[{"@type":"WebPage","@id":"https:\/\/domumpropiedades.com\/site\/producto\/casa-venta-lascumbres\/","url":"https:\/\/domumpropiedades.com\/site\/producto\/casa-venta-lascumbres\/","name":"Casa a la Venta en Villa Serrana | Las Cumbres 2 dormitorios VISTA Permuta Punta del Este - DOMUM PROPIEDADES","isPartOf":{"@id":"https:\/\/domumpropiedades.com\/site\/#website"},"primaryImageOfPage":{"@id":"https:\/\/domumpropiedades.com\/site\/producto\/casa-venta-lascumbres\/#primaryimage"},"image":{"@id":"https:\/\/domumpropiedades.com\/site\/producto\/casa-venta-lascumbres\/#primaryimage"},"thumbnailUrl":"https:\/\/domumpropiedades.com\/site\/wp-content\/uploads\/2024\/08\/02-5.jpeg","datePublished":"2025-12-22T11:58:49+00:00","dateModified":"2026-03-03T18:28:49+00:00","description":"Domum Propiedades vende casa en el poblado Las Cumbres de Villa Serrana. La casa se encuentra en una estrat\u00e9gica ubicaci\u00f3n para poder apreciar la hermosa...","breadcrumb":{"@id":"https:\/\/domumpropiedades.com\/site\/producto\/casa-venta-lascumbres\/#breadcrumb"},"inLanguage":"es-AR","potentialAction":[{"@type":"ReadAction","target":["https:\/\/domumpropiedades.com\/site\/producto\/casa-venta-lascumbres\/"]}]},{"@type":"ImageObject","inLanguage":"es-AR","@id":"https:\/\/domumpropiedades.com\/site\/producto\/casa-venta-lascumbres\/#primaryimage","url":"https:\/\/domumpropiedades.com\/site\/wp-content\/uploads\/2024\/08\/02-5.jpeg","contentUrl":"https:\/\/domumpropiedades.com\/site\/wp-content\/uploads\/2024\/08\/02-5.jpeg","width":2048,"height":1536},{"@type":"BreadcrumbList","@id":"https:\/\/domumpropiedades.com\/site\/producto\/casa-venta-lascumbres\/#breadcrumb","itemListElement":[{"@type":"ListItem","position":1,"name":"Productos","item":"https:\/\/domumpropiedades.com\/site\/shop\/"},{"@type":"ListItem","position":2,"name":"Casa a la Venta en Villa Serrana | Las Cumbres 2 dormitorios VISTA Permuta Punta del Este"}]},{"@type":"WebSite","@id":"https:\/\/domumpropiedades.com\/site\/#website","url":"https:\/\/domumpropiedades.com\/site\/","name":"DOMUM PROPIEDADES","description":"Asesoramiento Inmobiliario","publisher":{"@id":"https:\/\/domumpropiedades.com\/site\/#organization"},"potentialAction":[{"@type":"SearchAction","target":{"@type":"EntryPoint","urlTemplate":"https:\/\/domumpropiedades.com\/site\/?s={search_term_string}"},"query-input":{"@type":"PropertyValueSpecification","valueRequired":true,"valueName":"search_term_string"}}],"inLanguage":"es-AR"},{"@type":"Organization","@id":"https:\/\/domumpropiedades.com\/site\/#organization","name":"DOMUM PROPIEDADES","url":"https:\/\/domumpropiedades.com\/site\/","logo":{"@type":"ImageObject","inLanguage":"es-AR","@id":"https:\/\/domumpropiedades.com\/site\/#\/schema\/logo\/image\/","url":"https:\/\/domumpropiedades.com\/site\/wp-content\/uploads\/2020\/07\/cropped-logo-final-e1596076802973.jpg","contentUrl":"https:\/\/domumpropiedades.com\/site\/wp-content\/uploads\/2020\/07\/cropped-logo-final-e1596076802973.jpg","width":379,"height":233,"caption":"DOMUM PROPIEDADES"},"image":{"@id":"https:\/\/domumpropiedades.com\/site\/#\/schema\/logo\/image\/"}}]}},"_links":{"self":[{"href":"https:\/\/domumpropiedades.com\/site\/wp-json\/wp\/v2\/product\/10082","targetHints":{"allow":["GET"]}}],"collection":[{"href":"https:\/\/domumpropiedades.com\/site\/wp-json\/wp\/v2\/product"}],"about":[{"href":"https:\/\/domumpropiedades.com\/site\/wp-json\/wp\/v2\/types\/product"}],"version-history":[{"count":10,"href":"https:\/\/domumpropiedades.com\/site\/wp-json\/wp\/v2\/product\/10082\/revisions"}],"predecessor-version":[{"id":15795,"href":"https:\/\/domumpropiedades.com\/site\/wp-json\/wp\/v2\/product\/10082\/revisions\/15795"}],"wp:featuredmedia":[{"embeddable":true,"href":"https:\/\/domumpropiedades.com\/site\/wp-json\/wp\/v2\/media\/12919"}],"wp:attachment":[{"href":"https:\/\/domumpropiedades.com\/site\/wp-json\/wp\/v2\/media?parent=10082"}],"wp:term":[{"taxonomy":"product_brand","embeddable":true,"href":"https:\/\/domumpropiedades.com\/site\/wp-json\/wp\/v2\/product_brand?post=10082"},{"taxonomy":"product_cat","embeddable":true,"href":"https:\/\/domumpropiedades.com\/site\/wp-json\/wp\/v2\/product_cat?post=10082"},{"taxonomy":"product_tag","embeddable":true,"href":"https:\/\/domumpropiedades.com\/site\/wp-json\/wp\/v2\/product_tag?post=10082"}],"curies":[{"name":"wp","href":"https:\/\/api.w.org\/{rel}","templated":true}]}}