{"id":339,"date":"2020-07-23T14:10:14","date_gmt":"2020-07-23T17:10:14","guid":{"rendered":"https:\/\/domumpropiedades.com\/site\/?page_id=339"},"modified":"2020-07-30T00:30:17","modified_gmt":"2020-07-30T03:30:17","slug":"servicios","status":"publish","type":"page","link":"https:\/\/domumpropiedades.com\/site\/servicios\/","title":{"rendered":"Tasaciones"},"content":{"rendered":"\t\t<div data-elementor-type=\"wp-page\" data-elementor-id=\"339\" class=\"elementor elementor-339\">\n\t\t\t\t\t\t<section class=\"elementor-section elementor-top-section elementor-element elementor-element-91af8c4 elementor-section-boxed elementor-section-height-default elementor-section-height-default\" data-id=\"91af8c4\" data-element_type=\"section\">\n\t\t\t\t\t\t<div class=\"elementor-container elementor-column-gap-default\">\n\t\t\t\t\t<div class=\"elementor-column elementor-col-100 elementor-top-column elementor-element elementor-element-b6a9666\" data-id=\"b6a9666\" data-element_type=\"column\">\n\t\t\t<div class=\"elementor-widget-wrap elementor-element-populated\">\n\t\t\t\t\t\t<div class=\"elementor-element elementor-element-6006d68 elementor-widget-divider--view-line elementor-widget elementor-widget-divider\" data-id=\"6006d68\" data-element_type=\"widget\" data-widget_type=\"divider.default\">\n\t\t\t\t<div class=\"elementor-widget-container\">\n\t\t\t\t\t\t\t<div class=\"elementor-divider\">\n\t\t\t<span class=\"elementor-divider-separator\">\n\t\t\t\t\t\t<\/span>\n\t\t<\/div>\n\t\t\t\t\t\t<\/div>\n\t\t\t\t<\/div>\n\t\t\t\t\t<\/div>\n\t\t<\/div>\n\t\t\t\t\t<\/div>\n\t\t<\/section>\n\t\t\t\t<section class=\"elementor-section elementor-top-section elementor-element elementor-element-84880fc elementor-section-boxed elementor-section-height-default elementor-section-height-default\" data-id=\"84880fc\" data-element_type=\"section\">\n\t\t\t\t\t\t<div class=\"elementor-container elementor-column-gap-default\">\n\t\t\t\t\t<div class=\"elementor-column elementor-col-100 elementor-top-column elementor-element elementor-element-d03a555\" data-id=\"d03a555\" data-element_type=\"column\">\n\t\t\t<div class=\"elementor-widget-wrap elementor-element-populated\">\n\t\t\t\t\t\t\t<\/div>\n\t\t<\/div>\n\t\t\t\t\t<\/div>\n\t\t<\/section>\n\t\t\t\t<section class=\"elementor-section elementor-top-section elementor-element elementor-element-086c976 elementor-section-boxed elementor-section-height-default elementor-section-height-default\" data-id=\"086c976\" data-element_type=\"section\">\n\t\t\t\t\t\t<div class=\"elementor-container elementor-column-gap-default\">\n\t\t\t\t\t<div class=\"elementor-column elementor-col-50 elementor-top-column elementor-element elementor-element-bbfdda7\" data-id=\"bbfdda7\" data-element_type=\"column\">\n\t\t\t<div class=\"elementor-widget-wrap elementor-element-populated\">\n\t\t\t\t\t\t<div class=\"elementor-element elementor-element-1f275b8 elementor-widget elementor-widget-text-editor\" data-id=\"1f275b8\" data-element_type=\"widget\" data-widget_type=\"text-editor.default\">\n\t\t\t\t<div class=\"elementor-widget-container\">\n\t\t\t\t\t\t\t\t\t<p><b>La tasaci\u00f3n<\/b>, t\u00e9cnicamente denominada como\u00a0<b>informe de valoraci\u00f3n<\/b>, es un documento que suscribe un profesional competente para hacerlo y tiene como objetivo establecer de forma justificada el valor de un bien, de acuerdo con unos criterios previamente establecidos y desarrollando una metodolog\u00eda adecuada al fin propuesto.<\/p><p>La tasaci\u00f3n de un bien est\u00e1 sujeta a una estricta normativa legal que no s\u00f3lo establece los criterios y metodolog\u00eda para realizarla, sino que tambi\u00e9n establece qui\u00e9n puede hacerla.<\/p><p><b>El valor de tasaci\u00f3n<\/b>\u00a0se refleja en un certificado que puede contener observaciones, advertencias o condicionantes, si existen aspectos sobre los que conviene hacer un comentario, documentaci\u00f3n pendiente o cuestiones que deben resolverse definitivamente para que el valor calculado sea firme para la finalidad concreta para la que se emite el informe de valoraci\u00f3n.<\/p><p>Los factores que influyen en la\u00a0<b>valoraci\u00f3n de un inmueble<\/b>\u00a0son:<\/p><ul><li>La ubicaci\u00f3n.<\/li><li>Los servicios pr\u00f3ximos: zonas verdes, lugares de ocio, servicios escolares, m\u00e9dicos, supermercados\u2026<\/li><li>La superficie: m2 y distribuci\u00f3n, si tiene o no garaje<\/li><li>La calidad de los materiales de construcci\u00f3n.<\/li><li>La situaci\u00f3n del inmueble dentro del edificio: se valora m\u00e1s si es orientaci\u00f3n sur y los pisos altos.<\/li><li>La antig\u00fcedad.<\/li><\/ul><p>Hay diferentes m\u00e9todos que se emplean para la tasaci\u00f3n aunque el ajuste entre los resultados no muestra grandes diferencias:<\/p><ul><li>La tasaci\u00f3n por comparaci\u00f3n con otros inmuebles es la f\u00f3rmula m\u00e1s extendida.<\/li><li>La tasaci\u00f3n por costos.<\/li><li>La tasaci\u00f3n basada en la capitalizaci\u00f3n de rentas.<\/li><\/ul>\t\t\t\t\t\t\t\t<\/div>\n\t\t\t\t<\/div>\n\t\t\t\t\t<\/div>\n\t\t<\/div>\n\t\t\t\t<div class=\"elementor-column elementor-col-50 elementor-top-column elementor-element elementor-element-3c09211\" data-id=\"3c09211\" data-element_type=\"column\">\n\t\t\t<div class=\"elementor-widget-wrap elementor-element-populated\">\n\t\t\t\t\t\t<div class=\"elementor-element elementor-element-3626779 elementor-widget elementor-widget-image\" data-id=\"3626779\" data-element_type=\"widget\" data-widget_type=\"image.default\">\n\t\t\t\t<div class=\"elementor-widget-container\">\n\t\t\t\t\t\t\t\t\t\t\t\t\t\t\t<img fetchpriority=\"high\" decoding=\"async\" width=\"600\" height=\"600\" src=\"https:\/\/domumpropiedades.com\/site\/wp-content\/uploads\/2020\/07\/206.jpg\" class=\"attachment-large size-large wp-image-301\" alt=\"\" srcset=\"https:\/\/domumpropiedades.com\/site\/wp-content\/uploads\/2020\/07\/206.jpg 600w, https:\/\/domumpropiedades.com\/site\/wp-content\/uploads\/2020\/07\/206-300x300.jpg 300w, https:\/\/domumpropiedades.com\/site\/wp-content\/uploads\/2020\/07\/206-100x100.jpg 100w, https:\/\/domumpropiedades.com\/site\/wp-content\/uploads\/2020\/07\/206-150x150.jpg 150w\" sizes=\"(max-width: 600px) 100vw, 600px\" \/>\t\t\t\t\t\t\t\t\t\t\t\t\t\t\t<\/div>\n\t\t\t\t<\/div>\n\t\t\t\t\t<\/div>\n\t\t<\/div>\n\t\t\t\t\t<\/div>\n\t\t<\/section>\n\t\t\t\t<\/div>\n\t\t","protected":false},"excerpt":{"rendered":"<p>La tasaci\u00f3n, t\u00e9cnicamente denominada como\u00a0informe de valoraci\u00f3n, es un documento que suscribe un profesional competente para hacerlo y tiene como objetivo establecer de forma justificada el valor de un bien, de acuerdo con unos criterios previamente establecidos y desarrollando una metodolog\u00eda adecuada al fin propuesto. La tasaci\u00f3n de un bien est\u00e1 sujeta a una estricta [&hellip;]<\/p>\n","protected":false},"author":6,"featured_media":0,"parent":0,"menu_order":0,"comment_status":"closed","ping_status":"closed","template":"","meta":{"footnotes":""},"class_list":["post-339","page","type-page","status-publish","hentry"],"yoast_head":"<!-- This site is optimized with the Yoast SEO plugin v27.4 - https:\/\/yoast.com\/product\/yoast-seo-wordpress\/ -->\n<title>Tasaciones - DOMUM PROPIEDADES<\/title>\n<meta name=\"robots\" content=\"index, follow, max-snippet:-1, max-image-preview:large, max-video-preview:-1\" \/>\n<link rel=\"canonical\" href=\"https:\/\/domumpropiedades.com\/site\/servicios\/\" \/>\n<meta property=\"og:locale\" content=\"es_ES\" \/>\n<meta property=\"og:type\" content=\"article\" \/>\n<meta property=\"og:title\" content=\"Tasaciones - DOMUM PROPIEDADES\" \/>\n<meta property=\"og:description\" content=\"La tasaci\u00f3n, t\u00e9cnicamente denominada como\u00a0informe de valoraci\u00f3n, es un documento que suscribe un profesional competente para hacerlo y tiene como objetivo establecer de forma justificada el valor de un bien, de acuerdo con unos criterios previamente establecidos y desarrollando una metodolog\u00eda adecuada al fin propuesto. La tasaci\u00f3n de un bien est\u00e1 sujeta a una estricta [&hellip;]\" \/>\n<meta property=\"og:url\" content=\"https:\/\/domumpropiedades.com\/site\/servicios\/\" \/>\n<meta property=\"og:site_name\" content=\"DOMUM PROPIEDADES\" \/>\n<meta property=\"article:modified_time\" content=\"2020-07-30T03:30:17+00:00\" \/>\n<meta property=\"og:image\" content=\"https:\/\/domumpropiedades.com\/wp-content\/uploads\/2020\/07\/206.jpg\" \/>\n<meta name=\"twitter:card\" content=\"summary_large_image\" \/>\n<meta name=\"twitter:label1\" content=\"Tiempo de lectura\" \/>\n\t<meta name=\"twitter:data1\" content=\"1 minuto\" \/>\n<script type=\"application\/ld+json\" class=\"yoast-schema-graph\">{\"@context\":\"https:\\\/\\\/schema.org\",\"@graph\":[{\"@type\":\"WebPage\",\"@id\":\"https:\\\/\\\/domumpropiedades.com\\\/site\\\/servicios\\\/\",\"url\":\"https:\\\/\\\/domumpropiedades.com\\\/site\\\/servicios\\\/\",\"name\":\"Tasaciones - DOMUM PROPIEDADES\",\"isPartOf\":{\"@id\":\"https:\\\/\\\/domumpropiedades.com\\\/site\\\/#website\"},\"primaryImageOfPage\":{\"@id\":\"https:\\\/\\\/domumpropiedades.com\\\/site\\\/servicios\\\/#primaryimage\"},\"image\":{\"@id\":\"https:\\\/\\\/domumpropiedades.com\\\/site\\\/servicios\\\/#primaryimage\"},\"thumbnailUrl\":\"https:\\\/\\\/domumpropiedades.com\\\/wp-content\\\/uploads\\\/2020\\\/07\\\/206.jpg\",\"datePublished\":\"2020-07-23T17:10:14+00:00\",\"dateModified\":\"2020-07-30T03:30:17+00:00\",\"inLanguage\":\"es-AR\",\"potentialAction\":[{\"@type\":\"ReadAction\",\"target\":[\"https:\\\/\\\/domumpropiedades.com\\\/site\\\/servicios\\\/\"]}]},{\"@type\":\"ImageObject\",\"inLanguage\":\"es-AR\",\"@id\":\"https:\\\/\\\/domumpropiedades.com\\\/site\\\/servicios\\\/#primaryimage\",\"url\":\"https:\\\/\\\/domumpropiedades.com\\\/wp-content\\\/uploads\\\/2020\\\/07\\\/206.jpg\",\"contentUrl\":\"https:\\\/\\\/domumpropiedades.com\\\/wp-content\\\/uploads\\\/2020\\\/07\\\/206.jpg\"},{\"@type\":\"WebSite\",\"@id\":\"https:\\\/\\\/domumpropiedades.com\\\/site\\\/#website\",\"url\":\"https:\\\/\\\/domumpropiedades.com\\\/site\\\/\",\"name\":\"DOMUM PROPIEDADES\",\"description\":\"Asesoramiento Inmobiliario\",\"publisher\":{\"@id\":\"https:\\\/\\\/domumpropiedades.com\\\/site\\\/#organization\"},\"potentialAction\":[{\"@type\":\"SearchAction\",\"target\":{\"@type\":\"EntryPoint\",\"urlTemplate\":\"https:\\\/\\\/domumpropiedades.com\\\/site\\\/?s={search_term_string}\"},\"query-input\":{\"@type\":\"PropertyValueSpecification\",\"valueRequired\":true,\"valueName\":\"search_term_string\"}}],\"inLanguage\":\"es-AR\"},{\"@type\":\"Organization\",\"@id\":\"https:\\\/\\\/domumpropiedades.com\\\/site\\\/#organization\",\"name\":\"DOMUM PROPIEDADES\",\"url\":\"https:\\\/\\\/domumpropiedades.com\\\/site\\\/\",\"logo\":{\"@type\":\"ImageObject\",\"inLanguage\":\"es-AR\",\"@id\":\"https:\\\/\\\/domumpropiedades.com\\\/site\\\/#\\\/schema\\\/logo\\\/image\\\/\",\"url\":\"https:\\\/\\\/domumpropiedades.com\\\/site\\\/wp-content\\\/uploads\\\/2020\\\/07\\\/cropped-logo-final-e1596076802973.jpg\",\"contentUrl\":\"https:\\\/\\\/domumpropiedades.com\\\/site\\\/wp-content\\\/uploads\\\/2020\\\/07\\\/cropped-logo-final-e1596076802973.jpg\",\"width\":379,\"height\":233,\"caption\":\"DOMUM PROPIEDADES\"},\"image\":{\"@id\":\"https:\\\/\\\/domumpropiedades.com\\\/site\\\/#\\\/schema\\\/logo\\\/image\\\/\"}}]}<\/script>\n<!-- \/ Yoast SEO plugin. -->","yoast_head_json":{"title":"Tasaciones - DOMUM PROPIEDADES","robots":{"index":"index","follow":"follow","max-snippet":"max-snippet:-1","max-image-preview":"max-image-preview:large","max-video-preview":"max-video-preview:-1"},"canonical":"https:\/\/domumpropiedades.com\/site\/servicios\/","og_locale":"es_ES","og_type":"article","og_title":"Tasaciones - DOMUM PROPIEDADES","og_description":"La tasaci\u00f3n, t\u00e9cnicamente denominada como\u00a0informe de valoraci\u00f3n, es un documento que suscribe un profesional competente para hacerlo y tiene como objetivo establecer de forma justificada el valor de un bien, de acuerdo con unos criterios previamente establecidos y desarrollando una metodolog\u00eda adecuada al fin propuesto. La tasaci\u00f3n de un bien est\u00e1 sujeta a una estricta [&hellip;]","og_url":"https:\/\/domumpropiedades.com\/site\/servicios\/","og_site_name":"DOMUM PROPIEDADES","article_modified_time":"2020-07-30T03:30:17+00:00","og_image":[{"url":"https:\/\/domumpropiedades.com\/wp-content\/uploads\/2020\/07\/206.jpg","type":"","width":"","height":""}],"twitter_card":"summary_large_image","twitter_misc":{"Tiempo de lectura":"1 minuto"},"schema":{"@context":"https:\/\/schema.org","@graph":[{"@type":"WebPage","@id":"https:\/\/domumpropiedades.com\/site\/servicios\/","url":"https:\/\/domumpropiedades.com\/site\/servicios\/","name":"Tasaciones - DOMUM PROPIEDADES","isPartOf":{"@id":"https:\/\/domumpropiedades.com\/site\/#website"},"primaryImageOfPage":{"@id":"https:\/\/domumpropiedades.com\/site\/servicios\/#primaryimage"},"image":{"@id":"https:\/\/domumpropiedades.com\/site\/servicios\/#primaryimage"},"thumbnailUrl":"https:\/\/domumpropiedades.com\/wp-content\/uploads\/2020\/07\/206.jpg","datePublished":"2020-07-23T17:10:14+00:00","dateModified":"2020-07-30T03:30:17+00:00","inLanguage":"es-AR","potentialAction":[{"@type":"ReadAction","target":["https:\/\/domumpropiedades.com\/site\/servicios\/"]}]},{"@type":"ImageObject","inLanguage":"es-AR","@id":"https:\/\/domumpropiedades.com\/site\/servicios\/#primaryimage","url":"https:\/\/domumpropiedades.com\/wp-content\/uploads\/2020\/07\/206.jpg","contentUrl":"https:\/\/domumpropiedades.com\/wp-content\/uploads\/2020\/07\/206.jpg"},{"@type":"WebSite","@id":"https:\/\/domumpropiedades.com\/site\/#website","url":"https:\/\/domumpropiedades.com\/site\/","name":"DOMUM PROPIEDADES","description":"Asesoramiento Inmobiliario","publisher":{"@id":"https:\/\/domumpropiedades.com\/site\/#organization"},"potentialAction":[{"@type":"SearchAction","target":{"@type":"EntryPoint","urlTemplate":"https:\/\/domumpropiedades.com\/site\/?s={search_term_string}"},"query-input":{"@type":"PropertyValueSpecification","valueRequired":true,"valueName":"search_term_string"}}],"inLanguage":"es-AR"},{"@type":"Organization","@id":"https:\/\/domumpropiedades.com\/site\/#organization","name":"DOMUM PROPIEDADES","url":"https:\/\/domumpropiedades.com\/site\/","logo":{"@type":"ImageObject","inLanguage":"es-AR","@id":"https:\/\/domumpropiedades.com\/site\/#\/schema\/logo\/image\/","url":"https:\/\/domumpropiedades.com\/site\/wp-content\/uploads\/2020\/07\/cropped-logo-final-e1596076802973.jpg","contentUrl":"https:\/\/domumpropiedades.com\/site\/wp-content\/uploads\/2020\/07\/cropped-logo-final-e1596076802973.jpg","width":379,"height":233,"caption":"DOMUM PROPIEDADES"},"image":{"@id":"https:\/\/domumpropiedades.com\/site\/#\/schema\/logo\/image\/"}}]}},"_links":{"self":[{"href":"https:\/\/domumpropiedades.com\/site\/wp-json\/wp\/v2\/pages\/339","targetHints":{"allow":["GET"]}}],"collection":[{"href":"https:\/\/domumpropiedades.com\/site\/wp-json\/wp\/v2\/pages"}],"about":[{"href":"https:\/\/domumpropiedades.com\/site\/wp-json\/wp\/v2\/types\/page"}],"author":[{"embeddable":true,"href":"https:\/\/domumpropiedades.com\/site\/wp-json\/wp\/v2\/users\/6"}],"replies":[{"embeddable":true,"href":"https:\/\/domumpropiedades.com\/site\/wp-json\/wp\/v2\/comments?post=339"}],"version-history":[{"count":9,"href":"https:\/\/domumpropiedades.com\/site\/wp-json\/wp\/v2\/pages\/339\/revisions"}],"predecessor-version":[{"id":593,"href":"https:\/\/domumpropiedades.com\/site\/wp-json\/wp\/v2\/pages\/339\/revisions\/593"}],"wp:attachment":[{"href":"https:\/\/domumpropiedades.com\/site\/wp-json\/wp\/v2\/media?parent=339"}],"curies":[{"name":"wp","href":"https:\/\/api.w.org\/{rel}","templated":true}]}}